{"id":7560,"date":"2022-05-26T06:58:28","date_gmt":"2022-05-26T04:58:28","guid":{"rendered":"http:\/\/klubmamgdynia.pl\/index.php\/produkt\/lol-surprise-winter-chill-tots-576594\/"},"modified":"2026-05-17T22:38:40","modified_gmt":"2026-05-17T20:38:40","slug":"lol-surprise-winter-chill-tots-576594","status":"publish","type":"product","link":"http:\/\/klubmamgdynia.pl\/index.php\/produkt\/lol-surprise-winter-chill-tots-576594\/","title":{"rendered":"Lol Surprise Winter Chill Tots 576594"},"content":{"rendered":"<p>Rozpakuj Winter Chill lalki LOL Surprise. Zimowa moda, akcesoria i opakowania.Cechy produktu: 7 niespodzianek! 6 postaci do zebrania Do ka\u017cdej lalki do\u0142\u0105czony jest malutki elf Motyw Winter Chill<\/p>\n<h2>Lol Surprise Winter Chill Tots 576594 LOL Surprise<\/h2>\n<p>zagadki o zwierz\u0119tach wiejskich, maurycy, prezent dla rocznego dziecka, cytat na dzie\u0144 mamy, wszystkie flagi \u015bwiata quiz, bajki do czytania psi patrol, kolorowanki kotka<\/p>\n<p>yyyyy<\/p>\n<p>&nbsp;<\/p>\n","protected":false},"excerpt":{"rendered":"<p>Rozpakuj Winter Chill lalki LOL Surprise. Zimowa moda, akcesoria i opakowania.Cechy produktu: 7 niespodzianek! 6 postaci do zebrania Do ka\u017cdej lalki do\u0142\u0105czony jest malutki elf Motyw Winter Chill Lol Surprise Winter Chill Tots 576594 LOL Surprise zagadki o zwierz\u0119tach wiejskich, maurycy, prezent dla rocznego dziecka, cytat na dzie\u0144 mamy, wszystkie flagi \u015bwiata quiz, bajki do [&hellip;]<\/p>\n","protected":false},"featured_media":7561,"comment_status":"closed","ping_status":"open","template":"","meta":[],"product_cat":[65,294],"product_tag":[764,609,577],"class_list":["post-7560","product","type-product","status-publish","has-post-thumbnail","hentry","product_cat-lalki","product_cat-lol-surprise","product_tag-prezenty-na-roczek-dla-dziewczynki","product_tag-quiz-flagi-europy","product_tag-znaki-drogowe-test"],"_links":{"self":[{"href":"http:\/\/klubmamgdynia.pl\/index.php\/wp-json\/wp\/v2\/product\/7560","targetHints":{"allow":["GET"]}}],"collection":[{"href":"http:\/\/klubmamgdynia.pl\/index.php\/wp-json\/wp\/v2\/product"}],"about":[{"href":"http:\/\/klubmamgdynia.pl\/index.php\/wp-json\/wp\/v2\/types\/product"}],"replies":[{"embeddable":true,"href":"http:\/\/klubmamgdynia.pl\/index.php\/wp-json\/wp\/v2\/comments?post=7560"}],"wp:featuredmedia":[{"embeddable":true,"href":"http:\/\/klubmamgdynia.pl\/index.php\/wp-json\/wp\/v2\/media\/7561"}],"wp:attachment":[{"href":"http:\/\/klubmamgdynia.pl\/index.php\/wp-json\/wp\/v2\/media?parent=7560"}],"wp:term":[{"taxonomy":"product_cat","embeddable":true,"href":"http:\/\/klubmamgdynia.pl\/index.php\/wp-json\/wp\/v2\/product_cat?post=7560"},{"taxonomy":"product_tag","embeddable":true,"href":"http:\/\/klubmamgdynia.pl\/index.php\/wp-json\/wp\/v2\/product_tag?post=7560"}],"curies":[{"name":"wp","href":"https:\/\/api.w.org\/{rel}","templated":true}]}}