{"id":7562,"date":"2017-05-01T15:34:39","date_gmt":"2017-05-01T13:34:39","guid":{"rendered":"http:\/\/klubmamgdynia.pl\/index.php\/produkt\/fotelik-samochodowy-topo-cars-line-road-22-36kg\/"},"modified":"2026-04-04T05:39:26","modified_gmt":"2026-04-04T03:39:26","slug":"fotelik-samochodowy-topo-cars-line-road-22-36kg","status":"publish","type":"product","link":"http:\/\/klubmamgdynia.pl\/index.php\/produkt\/fotelik-samochodowy-topo-cars-line-road-22-36kg\/","title":{"rendered":"Fotelik samochodowy Topo Cars Line Road 22-36Kg"},"content":{"rendered":"<p>Wygodny fotelik-siedzisko wykonany jest z wytrzyma\u0142ego tworzywa HDPE.Wyprodukowany przez renomowan\u0105 francusk\u0105 firm\u0119 Team TexPosiada oryginaln\u0105 licencj\u0105Wysokiej jako\u015bci pokrowiec ( mo\u017cna \u0142atwo zdj\u0105\u0107 i wypra\u0107)\u0141atwy monta\u017c w ka\u017cdym aucie, wyposa\u017conym w 3-punktowe pasy bezpiecze\u0144stwaPosiada certyfikat zgodno\u015bci z norm\u0105 ECE \u2013 R44\/04<\/p>\n<h2>Fotelik samochodowy Topo Cars Line Road 22-36Kg Cars<\/h2>\n<p>co\u015b dla nastolatk\u00f3w, zagadki nie do rozwi\u0105zania, kolorowanka spiderman, prezent dla 7 latka na urodziny, rzadkie imiona dla dziewczynek, cytaty korczak, marcelina imi\u0119, malowanka do druku, rezolutna dziewczynka z wiersza tuwima, zagadki dla 7 latka, delfinarium polska, dyplomy do druku pdf, zagadki o zwierz\u0119tach le\u015bnych dla dzieci, pierwsze urodziny prezent na roczek dla dziewczynki, imi\u0119 pola<\/p>\n<p>yyyyy<\/p>\n<p>&nbsp;<\/p>\n","protected":false},"excerpt":{"rendered":"<p>Wygodny fotelik-siedzisko wykonany jest z wytrzyma\u0142ego tworzywa HDPE.Wyprodukowany przez renomowan\u0105 francusk\u0105 firm\u0119 Team TexPosiada oryginaln\u0105 licencj\u0105Wysokiej jako\u015bci pokrowiec ( mo\u017cna \u0142atwo zdj\u0105\u0107 i wypra\u0107)\u0141atwy monta\u017c w ka\u017cdym aucie, wyposa\u017conym w 3-punktowe pasy bezpiecze\u0144stwaPosiada certyfikat zgodno\u015bci z norm\u0105 ECE \u2013 R44\/04 Fotelik samochodowy Topo Cars Line Road 22-36Kg Cars co\u015b dla nastolatk\u00f3w, zagadki nie do rozwi\u0105zania, [&hellip;]<\/p>\n","protected":false},"featured_media":7563,"comment_status":"closed","ping_status":"open","template":"","meta":[],"product_cat":[1620,32],"product_tag":[584,606,601,767],"class_list":["post-7562","product","type-product","status-publish","has-post-thumbnail","hentry","product_cat-cars","product_cat-foteliki-samochodowe","product_tag-liwia","product_tag-stala-pod-sniegiem","product_tag-zagadki-co-to-jest","product_tag-zaproszenia-urodzinowe-do-druku"],"_links":{"self":[{"href":"http:\/\/klubmamgdynia.pl\/index.php\/wp-json\/wp\/v2\/product\/7562","targetHints":{"allow":["GET"]}}],"collection":[{"href":"http:\/\/klubmamgdynia.pl\/index.php\/wp-json\/wp\/v2\/product"}],"about":[{"href":"http:\/\/klubmamgdynia.pl\/index.php\/wp-json\/wp\/v2\/types\/product"}],"replies":[{"embeddable":true,"href":"http:\/\/klubmamgdynia.pl\/index.php\/wp-json\/wp\/v2\/comments?post=7562"}],"wp:featuredmedia":[{"embeddable":true,"href":"http:\/\/klubmamgdynia.pl\/index.php\/wp-json\/wp\/v2\/media\/7563"}],"wp:attachment":[{"href":"http:\/\/klubmamgdynia.pl\/index.php\/wp-json\/wp\/v2\/media?parent=7562"}],"wp:term":[{"taxonomy":"product_cat","embeddable":true,"href":"http:\/\/klubmamgdynia.pl\/index.php\/wp-json\/wp\/v2\/product_cat?post=7562"},{"taxonomy":"product_tag","embeddable":true,"href":"http:\/\/klubmamgdynia.pl\/index.php\/wp-json\/wp\/v2\/product_tag?post=7562"}],"curies":[{"name":"wp","href":"https:\/\/api.w.org\/{rel}","templated":true}]}}