{"id":7564,"date":"2013-01-09T14:41:49","date_gmt":"2013-01-09T13:41:49","guid":{"rendered":"http:\/\/klubmamgdynia.pl\/index.php\/produkt\/eichhorn-rollbahn-100002029\/"},"modified":"2026-04-04T10:22:54","modified_gmt":"2026-04-04T08:22:54","slug":"eichhorn-rollbahn-100002029","status":"publish","type":"product","link":"http:\/\/klubmamgdynia.pl\/index.php\/produkt\/eichhorn-rollbahn-100002029\/","title":{"rendered":"Eichhorn Rollbahn (100002029)"},"content":{"rendered":"<p>PROMOCJA &#8211; TANIA DOSTAWA ! &#8211; Eichhorn Rollbahn (100002029) &#8211; PACZKOMAT, POCZTA, KURIER<\/p>\n<h2>Eichhorn Rollbahn (100002029) Eichhorn<\/h2>\n<p>zagadki dla doros\u0142ych z odpowiedziami, wystawy dla dzieci warszawa, lilianna, mitologia test wiedzy, asiunia &#8211; test z lektury pdf, kolorowanka minecraft, miriam imie, 20 pytania do lektury ma\u0142y ksi\u0105\u017c\u0119, zgadywanki dla dzieci, mitologia grecka quiz, kot rysunek dla dzieci, eksperymenty dla dzieci wulkan, zagadka<\/p>\n<p>yyyyy<\/p>\n<p>&nbsp;<\/p>\n","protected":false},"excerpt":{"rendered":"<p>PROMOCJA &#8211; TANIA DOSTAWA ! &#8211; Eichhorn Rollbahn (100002029) &#8211; PACZKOMAT, POCZTA, KURIER Eichhorn Rollbahn (100002029) Eichhorn zagadki dla doros\u0142ych z odpowiedziami, wystawy dla dzieci warszawa, lilianna, mitologia test wiedzy, asiunia &#8211; test z lektury pdf, kolorowanka minecraft, miriam imie, 20 pytania do lektury ma\u0142y ksi\u0105\u017c\u0119, zgadywanki dla dzieci, mitologia grecka quiz, kot rysunek dla [&hellip;]<\/p>\n","protected":false},"featured_media":7565,"comment_status":"closed","ping_status":"open","template":"","meta":[],"product_cat":[975,141],"product_tag":[776,847,621],"class_list":["post-7564","product","type-product","status-publish","has-post-thumbnail","hentry","product_cat-eichhorn","product_cat-parkingi-garaze-i-tory-wyscigowe","product_tag-dobrej-nocy","product_tag-kolorowanki-pokemon","product_tag-prezenty-roczek"],"_links":{"self":[{"href":"http:\/\/klubmamgdynia.pl\/index.php\/wp-json\/wp\/v2\/product\/7564","targetHints":{"allow":["GET"]}}],"collection":[{"href":"http:\/\/klubmamgdynia.pl\/index.php\/wp-json\/wp\/v2\/product"}],"about":[{"href":"http:\/\/klubmamgdynia.pl\/index.php\/wp-json\/wp\/v2\/types\/product"}],"replies":[{"embeddable":true,"href":"http:\/\/klubmamgdynia.pl\/index.php\/wp-json\/wp\/v2\/comments?post=7564"}],"wp:featuredmedia":[{"embeddable":true,"href":"http:\/\/klubmamgdynia.pl\/index.php\/wp-json\/wp\/v2\/media\/7565"}],"wp:attachment":[{"href":"http:\/\/klubmamgdynia.pl\/index.php\/wp-json\/wp\/v2\/media?parent=7564"}],"wp:term":[{"taxonomy":"product_cat","embeddable":true,"href":"http:\/\/klubmamgdynia.pl\/index.php\/wp-json\/wp\/v2\/product_cat?post=7564"},{"taxonomy":"product_tag","embeddable":true,"href":"http:\/\/klubmamgdynia.pl\/index.php\/wp-json\/wp\/v2\/product_tag?post=7564"}],"curies":[{"name":"wp","href":"https:\/\/api.w.org\/{rel}","templated":true}]}}