{"id":7566,"date":"2018-01-12T02:32:59","date_gmt":"2018-01-12T01:32:59","guid":{"rendered":"http:\/\/klubmamgdynia.pl\/index.php\/produkt\/fotelik-samochodowy-topo-isofix-cars-22-36kg\/"},"modified":"2026-04-30T00:51:53","modified_gmt":"2026-04-29T22:51:53","slug":"fotelik-samochodowy-topo-isofix-cars-22-36kg","status":"publish","type":"product","link":"http:\/\/klubmamgdynia.pl\/index.php\/produkt\/fotelik-samochodowy-topo-isofix-cars-22-36kg\/","title":{"rendered":"Fotelik samochodowy Topo Isofix Cars 22-36Kg"},"content":{"rendered":"<p>Wygodny fotelik-siedzisko wykonany jest z wytrzyma\u0142ego tworzywa HDPE.Wyprodukowany przez renomowan\u0105 francusk\u0105 firm\u0119 Team TexPosiada oryginaln\u0105 licencj\u0105Wysokiej jako\u015bci pokrowiec ( mo\u017cna \u0142atwo zdj\u0105\u0107 i wypra\u0107)\u0141atwy monta\u017c w ka\u017cdym aucie, wyposa\u017conym w 3-punktowe pasy bezpiecze\u0144stwaPosiada certyfikat zgodno\u015bci z norm\u0105 ECE \u2013 R44\/04<\/p>\n<h2>Fotelik samochodowy Topo Isofix Cars 22-36Kg Cars<\/h2>\n<p>imi\u0119 pola, kajko i kokosz szko\u0142a latania test z odpowiedziami, znajd\u017a r\u00f3\u017cnice do druku, bo\u017ce narodzenie (film), imi\u0119 kostek, aron, kolorowanki andrzejkowe, kolorowanka my little pony, imi\u0119 nadia, maly kotek kotek kolorowanka, prezenty dla m\u0142odzie\u017cy, andrea, zagadki podchwytliwe, zosia samosia wiersz<\/p>\n<p>yyyyy<\/p>\n<p>&nbsp;<\/p>\n","protected":false},"excerpt":{"rendered":"<p>Wygodny fotelik-siedzisko wykonany jest z wytrzyma\u0142ego tworzywa HDPE.Wyprodukowany przez renomowan\u0105 francusk\u0105 firm\u0119 Team TexPosiada oryginaln\u0105 licencj\u0105Wysokiej jako\u015bci pokrowiec ( mo\u017cna \u0142atwo zdj\u0105\u0107 i wypra\u0107)\u0141atwy monta\u017c w ka\u017cdym aucie, wyposa\u017conym w 3-punktowe pasy bezpiecze\u0144stwaPosiada certyfikat zgodno\u015bci z norm\u0105 ECE \u2013 R44\/04 Fotelik samochodowy Topo Isofix Cars 22-36Kg Cars imi\u0119 pola, kajko i kokosz szko\u0142a latania test [&hellip;]<\/p>\n","protected":false},"featured_media":7567,"comment_status":"closed","ping_status":"open","template":"","meta":[],"product_cat":[1620,32],"product_tag":[801,719,617,582,866,798],"class_list":["post-7566","product","type-product","status-publish","has-post-thumbnail","hentry","product_cat-cars","product_cat-foteliki-samochodowe","product_tag-bajki-terapeutyczne-o-emocjach","product_tag-dziecko-cytaty-zlote-mysli","product_tag-keyword","product_tag-nauka-pisania-literek-do-wydruku-pdf","product_tag-opis-do-zdjecia-dziecka-na-fb","product_tag-prezenty-dla-nastolatki"],"_links":{"self":[{"href":"http:\/\/klubmamgdynia.pl\/index.php\/wp-json\/wp\/v2\/product\/7566","targetHints":{"allow":["GET"]}}],"collection":[{"href":"http:\/\/klubmamgdynia.pl\/index.php\/wp-json\/wp\/v2\/product"}],"about":[{"href":"http:\/\/klubmamgdynia.pl\/index.php\/wp-json\/wp\/v2\/types\/product"}],"replies":[{"embeddable":true,"href":"http:\/\/klubmamgdynia.pl\/index.php\/wp-json\/wp\/v2\/comments?post=7566"}],"wp:featuredmedia":[{"embeddable":true,"href":"http:\/\/klubmamgdynia.pl\/index.php\/wp-json\/wp\/v2\/media\/7567"}],"wp:attachment":[{"href":"http:\/\/klubmamgdynia.pl\/index.php\/wp-json\/wp\/v2\/media?parent=7566"}],"wp:term":[{"taxonomy":"product_cat","embeddable":true,"href":"http:\/\/klubmamgdynia.pl\/index.php\/wp-json\/wp\/v2\/product_cat?post=7566"},{"taxonomy":"product_tag","embeddable":true,"href":"http:\/\/klubmamgdynia.pl\/index.php\/wp-json\/wp\/v2\/product_tag?post=7566"}],"curies":[{"name":"wp","href":"https:\/\/api.w.org\/{rel}","templated":true}]}}