{"id":7568,"date":"2024-08-04T13:40:48","date_gmt":"2024-08-04T11:40:48","guid":{"rendered":"http:\/\/klubmamgdynia.pl\/?post_type=product&#038;p=7568"},"modified":"2026-05-17T22:33:51","modified_gmt":"2026-05-17T20:33:51","slug":"bioaron-baby-30-kaps-6m","status":"publish","type":"product","link":"http:\/\/klubmamgdynia.pl\/index.php\/produkt\/bioaron-baby-30-kaps-6m\/","title":{"rendered":"Bioaron baby 30 kaps. 6m+"},"content":{"rendered":"<p>Dzia\u0142anie:Dietetyczny \u015brodek spo\u017cywczy specjalnego przeznaczenia medycznego do post\u0119powania dietetycznego w niedoborach kwas\u00f3w t\u0142uszczowych oraz witaminy D3 dla dzieci i doros\u0142ych, w tym kobiet ci\u0119\u017carnych i karmi\u0105cych piersi\u0105.Bioaron Baby 6 m+przyczynia si\u0119 do:\u2022 prawid\u0142owego funkcjonowania m\u00f3zgu,\u2022 prawid\u0142owego widzenia,\u2022 rozwoju wzroku u niemowl\u0105t do 12 miesi\u0105ca \u017cyciaSpo\u017cywanie kwasu DHA przez matk\u0119 wspomaga prawid\u0142owy rozw\u00f3j oczu u p\u0142odu i niemowl\u0105t karmionych piersi\u0105.Witamina D3 zapewnia:\u2022 prawid\u0142owe funkcjonowanie uk\u0142adu odporno\u015bciowego,\u2022 prawid\u0142owe funkcjonowanie mi\u0119\u015bni,\u2022 wp\u0142ywa na prawid\u0142owy wzrost i rozw\u00f3j ko\u015bci u dzieci.                            <\/p>\n<p>Opakowanie:30 kapsu\u0142ekWskazania:\u2022 produkt przeznaczony jest dla dzieci powy\u017cej 6. miesi\u0105ca \u017cycia i doros\u0142ych, w tym kobiet w ci\u0105\u017cy i karmi\u0105cych,\u2022 produkt jest przyjmowany pod nadzorem lekarza (konsultacja lekarska jest szczeg\u00f3lnie wa\u017cna, je\u015bli przyjmuje si\u0119 kwasy Omega-3 lub witamin\u0119 D3 z innego \u017ar\u00f3d\u0142a oraz gdy dziecko karmione jest mlekiem matki lub mlekiem modyfikowanym),Przeciwwskazania:\u2022 produkt nie jest odpowiedni do stosowania jako jedyne \u017ar\u00f3d\u0142o po\u017cywienia,\u2022 produkt nie jest przeznaczony do stosowania pozajelitowego.Dawkowanie:Dawkowanie: dla dzieci powy\u017cej 6. miesi\u0105ca \u017cycia i doros\u0142ych zawarto\u015b\u0107 1 kapsu\u0142ki dziennie, dla kobiet w ci\u0105\u017cyi karmi\u0105cych zawarto\u015b\u0107 2 kapsu\u0142ek dziennie lub w ka\u017cdym przypadku wg zalece\u0144 lekarza.Spos\u00f3b u\u017cycia: ko\u0144c\u00f3wk\u0119 kapsu\u0142ki nale\u017cy przekr\u0119ci\u0107 i oderwa\u0107. Nast\u0119pnie wycisn\u0105\u0107 jej zawarto\u015b\u0107 bezpo\u015bredniodo ust, na \u0142y\u017ceczk\u0119 lub doda\u0107 do pokarmu.Uwaga: nale\u017cy zwr\u00f3ci\u0107 uwag\u0119, by dziecko nie po\u0142kn\u0119\u0142o otoczki kapsu\u0142ki.Sk\u0142ad:zawarto\u015b\u0107 kapsu\u0142ki: olej z alg Ulkenia sp. zawieraj\u0105cy DHA, aromat cytrynowy, witamina D3;sk\u0142adniki otoczki: \u017celatyna, substancja utrzymuj\u0105ca wilgo\u0107 &#8211; glicerol.Produkt: Bioaron Baby od 6 m-ca 30 kapsu\u0142ek twistoff<\/p>\n<h2>Bioaron baby 30 kaps. 6m+ Phytopharm<\/h2>\n<p>zabawy na dworze dla 10 latk\u00f3w, quizy hobbit, quiz flagi, basen warszawa, kwiaty polne nazwy i zdj\u0119cia, krzy\u017c\u00f3wki dla dzieci do druku, wierszyki na lany poniedzia\u0142ek, prezenty dla rocznego dziecka, atrakcje dla dzieci w warszawie dzi\u015b, zrobi\u0107 laurk\u0119 laurka dla babci, jak narysowa\u0107 oko, maski superbohater\u00f3w do wydrukowania<\/p>\n<p>yyyyy<\/p>\n<p>&nbsp;<\/p>\n","protected":false},"excerpt":{"rendered":"<p>Dzia\u0142anie:Dietetyczny \u015brodek spo\u017cywczy specjalnego przeznaczenia medycznego do post\u0119powania dietetycznego w niedoborach kwas\u00f3w t\u0142uszczowych oraz witaminy D3 dla dzieci i doros\u0142ych, w tym kobiet ci\u0119\u017carnych i karmi\u0105cych piersi\u0105.Bioaron Baby 6 m+przyczynia si\u0119 do:\u2022 prawid\u0142owego funkcjonowania m\u00f3zgu,\u2022 prawid\u0142owego widzenia,\u2022 rozwoju wzroku u niemowl\u0105t do 12 miesi\u0105ca \u017cyciaSpo\u017cywanie kwasu DHA przez matk\u0119 wspomaga prawid\u0142owy rozw\u00f3j oczu u p\u0142odu [&hellip;]<\/p>\n","protected":false},"featured_media":7569,"comment_status":"closed","ping_status":"open","template":"","meta":[],"product_cat":[1610,1533],"product_tag":[700,792,586,679,714],"class_list":["post-7568","product","type-product","status-publish","has-post-thumbnail","hentry","product_cat-phytopharm","product_cat-suplementy-dla-dzieci","product_tag-bajki-do-czytania-dla-dzieci","product_tag-cytaty-o-mamie","product_tag-smieszne-zagadki","product_tag-zabawki-na-roczek-dla-dziewczynki","product_tag-zagadki-logiczne"],"_links":{"self":[{"href":"http:\/\/klubmamgdynia.pl\/index.php\/wp-json\/wp\/v2\/product\/7568","targetHints":{"allow":["GET"]}}],"collection":[{"href":"http:\/\/klubmamgdynia.pl\/index.php\/wp-json\/wp\/v2\/product"}],"about":[{"href":"http:\/\/klubmamgdynia.pl\/index.php\/wp-json\/wp\/v2\/types\/product"}],"replies":[{"embeddable":true,"href":"http:\/\/klubmamgdynia.pl\/index.php\/wp-json\/wp\/v2\/comments?post=7568"}],"wp:featuredmedia":[{"embeddable":true,"href":"http:\/\/klubmamgdynia.pl\/index.php\/wp-json\/wp\/v2\/media\/7569"}],"wp:attachment":[{"href":"http:\/\/klubmamgdynia.pl\/index.php\/wp-json\/wp\/v2\/media?parent=7568"}],"wp:term":[{"taxonomy":"product_cat","embeddable":true,"href":"http:\/\/klubmamgdynia.pl\/index.php\/wp-json\/wp\/v2\/product_cat?post=7568"},{"taxonomy":"product_tag","embeddable":true,"href":"http:\/\/klubmamgdynia.pl\/index.php\/wp-json\/wp\/v2\/product_tag?post=7568"}],"curies":[{"name":"wp","href":"https:\/\/api.w.org\/{rel}","templated":true}]}}