{"id":7570,"date":"2024-12-19T16:56:32","date_gmt":"2024-12-19T15:56:32","guid":{"rendered":"http:\/\/klubmamgdynia.pl\/?post_type=product&#038;p=7570"},"modified":"2026-05-17T21:13:02","modified_gmt":"2026-05-17T19:13:02","slug":"mesoestetic-cosmelan-2-krem-na-przebarwienia-30ml","status":"publish","type":"product","link":"http:\/\/klubmamgdynia.pl\/index.php\/produkt\/mesoestetic-cosmelan-2-krem-na-przebarwienia-30ml\/","title":{"rendered":"Mesoestetic Cosmelan 2 Krem na przebarwienia 30ml"},"content":{"rendered":"<p>Cosmelan to krem terapeutyczny przeznaczony do walki z przebarwieniami sk\u00f3ry o r\u00f3\u017cnej etiologii, takimi jak melasma, przebarwienia pos\u0142oneczne, pozapalne, plamy starcze, piegi i bielactwo. Polecany jako kontynuacja terapii rozpocz\u0119tej w gabinecie lekarskim, a tak\u017ce jako samodzielny produkt w niezale\u017cnej terapii zapobiegaj\u0105cej nawrotom zmian barwnikowych.                            <\/p>\n<p>            Cosmelan zawiera czynniki rozja\u015bniaj\u0105ce o natychmiastowym dzia\u0142aniu<\/p>\n<p>Kwas kojowy, kwas azelainowy, \u0251-arbutyna i kompleks Tirosinol\u00ae &#8211; dzia\u0142aj\u0105 intensywnie wybielaj\u0105co dzi\u0119ki \u00a0zmianie mechanizm\u00f3w metabolicznych w kom\u00f3rkach: hamuj\u0105 enzym tyrozynaz\u0119, kt\u00f3ry odpowiada za nadprodukcj\u0119 i niew\u0142a\u015bciwe gromadzenie barwnika w sk\u00f3rze. Dzia\u0142aj\u0105 r\u00f3wnie\u017c przeciwzapalnie, przeciwbakteryjnie i reguluj\u0105co na prac\u0119 gruczo\u0142\u00f3w \u0142ojowych, zmniejszaj\u0105c widoczno\u015b\u0107 por\u00f3w i redukuj\u0105c tendencj\u0119 do b\u0142yszczenia si\u0119 sk\u00f3ry i pojawiania niedoskona\u0142o\u015bciKwas fitowy \u2013 wykazuje bardzo silne dzia\u0142anie antyoksydacyjne i chelatuj\u0105ce: przyspiesza rozpad cz\u0105steczek nagromadzonego w sk\u00f3rze barwnika i umo\u017cliwia ich szybkie odprowadzanie, zmniejszaj\u0105c w bardzo kr\u00f3tkim czasie intensywno\u015b\u0107 zabarwienia plamWitamina A (w postaci palmitynianu retinolu) i witamina C \u2013 dzia\u0142aj\u0105 antyoksydacyjnie, chroni\u0105 kom\u00f3rki sk\u00f3ry przed szkodliwym wp\u0142ywem wolnych rodnik\u00f3w i dra\u017cni\u0105cych czynnik\u00f3w zewn\u0119trznych, przyspieszaj\u0105 odnow\u0119 kom\u00f3rkow\u0105, koordynuj\u0105 procesy naprawcze nask\u00f3rka, stymuluj\u0105 i rewitalizuj\u0105 sk\u00f3r\u0119Dwutlenek tytanu &#8211; SPF15 mineralny ochronny filtr przeciws\u0142oneczny                            <\/p>\n<p>            Przeznaczenie:<\/p>\n<p>Dla kobiet i m\u0119\u017cczyzn dotkni\u0119tych problemem przebarwie\u0144 i nier\u00f3wnomiernego kolorytu sk\u00f3ry twarzy i cia\u0142a (twarz, szyja, dekolt, plecy, ramiona, przedramiona, d\u0142onie). Cosmelan szczeg\u00f3lnie dobrze tolerowany jest przez sk\u00f3ry t\u0142uste i mieszane oraz z tendencj\u0105 do zask\u00f3rnik\u00f3w i drobnych niedoskona\u0142o\u015bci. W przypadku sk\u00f3r bardzo wra\u017cliwych i nadreaktywnych zalecana konsultacja z lekarzem.                            <\/p>\n<p>            Stosowanie:<\/p>\n<p>Stosowa\u0107 na oczyszczon\u0105 sk\u00f3r\u0119 twarzy przez pierwszy tydzie\u0144 3 razy dziennie. W drugim tygodniu 2 razy dziennie, mo\u017cna te\u017c ju\u017c wykonywa\u0107 makija\u017c. W trzecim tygodniu kontynuowa\u0107 nak\u0142adanie kremu podtrzymuj\u0105cego raz dziennie. Po kilku dniach stosowania mo\u017ce wyst\u0105pi\u0107 podra\u017cnienie, zaczerwienienie, z\u0142uszczanie lub silne napi\u0119cie sk\u00f3ry. Chocia\u017c \u00a0pod koniec pierwszego tygodnia b\u0119dzie ju\u017c widoczna wyra\u017ana poprawa stanu sk\u00f3ry i rozja\u015bnienie przebarwie\u0144 to kuracja musi trwa\u0107 przynajmniej 3 miesi\u0105ce. Skr\u00f3cenie terapii mo\u017ce spowodowa\u0107 powr\u00f3t do stanu wyj\u015bciowego i konieczne b\u0119dzie powt\u00f3rzenie kuracji. Dodatkowo stosowa\u0107 krem z wysokim filtrem s\u0142onecznym codziennie rano i przed wyj\u015bciem z domu. Po ka\u017cdym na\u0142o\u017ceniu kremu na twarz stosowa\u0107 preparaty \u0142agodz\u0105ce Hydra-Vital Factor K lub inny preparat \u0142agodz\u0105cy zalecony przez lekarza na ca\u0142y leczony obszar. Krem nale\u017cy przechowywa\u0107 w lod\u00f3wce.Aby zabezpieczy\u0107 przed powstawaniem przebarwie\u0144 wa\u017cne jest by nak\u0142ada\u0107 krem podtrzymuj\u0105cy COSMELAN po ka\u017cdej ekspozycji s\u0142onecznej, nawet po zako\u0144czeniu kuracji.<\/p>\n<h2>Mesoestetic Cosmelan 2 Krem na przebarwienia 30ml Mesoestetic<\/h2>\n<p>zagadki o owocach, kolorowanka kotek do druku, dzie\u0144 matki w\u0142asnor\u0119czny prezent dla mamy od dziecka, mia<\/p>\n<p>yyyyy<\/p>\n<p>&nbsp;<\/p>\n","protected":false},"excerpt":{"rendered":"<p>Cosmelan to krem terapeutyczny przeznaczony do walki z przebarwieniami sk\u00f3ry o r\u00f3\u017cnej etiologii, takimi jak melasma, przebarwienia pos\u0142oneczne, pozapalne, plamy starcze, piegi i bielactwo. Polecany jako kontynuacja terapii rozpocz\u0119tej w gabinecie lekarskim, a tak\u017ce jako samodzielny produkt w niezale\u017cnej terapii zapobiegaj\u0105cej nawrotom zmian barwnikowych. Cosmelan zawiera czynniki rozja\u015bniaj\u0105ce o natychmiastowym dzia\u0142aniu Kwas kojowy, kwas azelainowy, [&hellip;]<\/p>\n","protected":false},"featured_media":7571,"comment_status":"closed","ping_status":"open","template":"","meta":[],"product_cat":[134,1621],"product_tag":[638,826,756],"class_list":["post-7570","product","type-product","status-publish","has-post-thumbnail","hentry","product_cat-dermokosmetyki","product_cat-mesoestetic","product_tag-miastodzieci","product_tag-prezent-dla-15-latka","product_tag-zaproszenie-na-urodziny-do-druku"],"_links":{"self":[{"href":"http:\/\/klubmamgdynia.pl\/index.php\/wp-json\/wp\/v2\/product\/7570","targetHints":{"allow":["GET"]}}],"collection":[{"href":"http:\/\/klubmamgdynia.pl\/index.php\/wp-json\/wp\/v2\/product"}],"about":[{"href":"http:\/\/klubmamgdynia.pl\/index.php\/wp-json\/wp\/v2\/types\/product"}],"replies":[{"embeddable":true,"href":"http:\/\/klubmamgdynia.pl\/index.php\/wp-json\/wp\/v2\/comments?post=7570"}],"wp:featuredmedia":[{"embeddable":true,"href":"http:\/\/klubmamgdynia.pl\/index.php\/wp-json\/wp\/v2\/media\/7571"}],"wp:attachment":[{"href":"http:\/\/klubmamgdynia.pl\/index.php\/wp-json\/wp\/v2\/media?parent=7570"}],"wp:term":[{"taxonomy":"product_cat","embeddable":true,"href":"http:\/\/klubmamgdynia.pl\/index.php\/wp-json\/wp\/v2\/product_cat?post=7570"},{"taxonomy":"product_tag","embeddable":true,"href":"http:\/\/klubmamgdynia.pl\/index.php\/wp-json\/wp\/v2\/product_tag?post=7570"}],"curies":[{"name":"wp","href":"https:\/\/api.w.org\/{rel}","templated":true}]}}