{"id":7574,"date":"2011-05-07T13:19:18","date_gmt":"2011-05-07T11:19:18","guid":{"rendered":"http:\/\/klubmamgdynia.pl\/index.php\/produkt\/lol-surprise-bubble-bath-piana-do-kapieli-dla-dzieci-300-ml\/"},"modified":"2026-04-05T22:44:45","modified_gmt":"2026-04-05T20:44:45","slug":"lol-surprise-bubble-bath-piana-do-kapieli-dla-dzieci-300-ml","status":"publish","type":"product","link":"http:\/\/klubmamgdynia.pl\/index.php\/produkt\/lol-surprise-bubble-bath-piana-do-kapieli-dla-dzieci-300-ml\/","title":{"rendered":"LOL Surprise Bubble Bath piana do k\u0105pieli dla dzieci 300 ml"},"content":{"rendered":"<p>L.O.L. Surprise Bubble Bath piana do k\u0105pieli dla dzieci 300 ml. L.O.L. Surprise Bubble Bath najlepsza cena. L.O.L. Surprise kup teraz.<\/p>\n<h2>LOL Surprise Bubble Bath piana do k\u0105pieli dla dzieci 300 ml LOL Surprise<\/h2>\n<p>test magiczne drzewo czerwone krzes\u0142o, wierszyki o wakacjach kr\u00f3tkie, nowoczesna babcia wiersz, kolorowanki dla dziewczynek<\/p>\n<p>yyyyy<\/p>\n<p>&nbsp;<\/p>\n","protected":false},"excerpt":{"rendered":"<p>L.O.L. Surprise Bubble Bath piana do k\u0105pieli dla dzieci 300 ml. L.O.L. Surprise Bubble Bath najlepsza cena. L.O.L. Surprise kup teraz. LOL Surprise Bubble Bath piana do k\u0105pieli dla dzieci 300 ml LOL Surprise test magiczne drzewo czerwone krzes\u0142o, wierszyki o wakacjach kr\u00f3tkie, nowoczesna babcia wiersz, kolorowanki dla dziewczynek yyyyy &nbsp;<\/p>\n","protected":false},"featured_media":7575,"comment_status":"closed","ping_status":"open","template":"","meta":[],"product_cat":[474,294],"product_tag":[776,716,625,588,823],"class_list":["post-7574","product","type-product","status-publish","has-post-thumbnail","hentry","product_cat-kosmetyki-dla-dzieci-i-niemowlat","product_cat-lol-surprise","product_tag-dobrej-nocy","product_tag-filmy-animowane-o-swietach","product_tag-trojmiasto-atrakcje-dla-dzieci","product_tag-wzruszajace-slowa-dla-przyjaciela","product_tag-zagadki-dla-dzieci-7-lat"],"_links":{"self":[{"href":"http:\/\/klubmamgdynia.pl\/index.php\/wp-json\/wp\/v2\/product\/7574","targetHints":{"allow":["GET"]}}],"collection":[{"href":"http:\/\/klubmamgdynia.pl\/index.php\/wp-json\/wp\/v2\/product"}],"about":[{"href":"http:\/\/klubmamgdynia.pl\/index.php\/wp-json\/wp\/v2\/types\/product"}],"replies":[{"embeddable":true,"href":"http:\/\/klubmamgdynia.pl\/index.php\/wp-json\/wp\/v2\/comments?post=7574"}],"wp:featuredmedia":[{"embeddable":true,"href":"http:\/\/klubmamgdynia.pl\/index.php\/wp-json\/wp\/v2\/media\/7575"}],"wp:attachment":[{"href":"http:\/\/klubmamgdynia.pl\/index.php\/wp-json\/wp\/v2\/media?parent=7574"}],"wp:term":[{"taxonomy":"product_cat","embeddable":true,"href":"http:\/\/klubmamgdynia.pl\/index.php\/wp-json\/wp\/v2\/product_cat?post=7574"},{"taxonomy":"product_tag","embeddable":true,"href":"http:\/\/klubmamgdynia.pl\/index.php\/wp-json\/wp\/v2\/product_tag?post=7574"}],"curies":[{"name":"wp","href":"https:\/\/api.w.org\/{rel}","templated":true}]}}