{"id":7576,"date":"2016-02-29T14:22:08","date_gmt":"2016-02-29T13:22:08","guid":{"rendered":"http:\/\/klubmamgdynia.pl\/index.php\/produkt\/titlis-spolka-z-ograniczona-odpowiedzialnoscia-ziniq-watroba-cholina-fosfolipidy-60-kaps\/"},"modified":"2026-04-06T03:49:06","modified_gmt":"2026-04-06T01:49:06","slug":"titlis-spolka-z-ograniczona-odpowiedzialnoscia-ziniq-watroba-cholina-fosfolipidy-60-kaps","status":"publish","type":"product","link":"http:\/\/klubmamgdynia.pl\/index.php\/produkt\/titlis-spolka-z-ograniczona-odpowiedzialnoscia-ziniq-watroba-cholina-fosfolipidy-60-kaps\/","title":{"rendered":"Titlis Sp\u00f3\u0142ka Z Ograniczon\u0105 Odpowiedzialno\u015bci\u0105 ZINIQ W\u0105troba &#8211; cholina + fosfolipidy, 60 kaps"},"content":{"rendered":"<p>ZINIQ W\u0105troba &#8211; cholina + fosfolipidy suplement diety dla os\u00f3b doros\u0142ych. Preparat pomaga w prawid\u0142owym funkcjonowaniu w\u0105troby.<\/p>\n<h2>Titlis Sp\u00f3\u0142ka Z Ograniczon\u0105 Odpowiedzialno\u015bci\u0105 ZINIQ W\u0105troba &#8211; cholina + fosfolipidy, 60 kaps <\/h2>\n<p>prezent dla 7 latki, rymowane zagadki, nadia imi\u0119, test dynastia mizio\u0142k\u00f3w, labirynt dla dzieci, dynie pozna\u0144<\/p>\n<p>yyyyy<\/p>\n<p>&nbsp;<\/p>\n","protected":false},"excerpt":{"rendered":"<p>ZINIQ W\u0105troba &#8211; cholina + fosfolipidy suplement diety dla os\u00f3b doros\u0142ych. Preparat pomaga w prawid\u0142owym funkcjonowaniu w\u0105troby. Titlis Sp\u00f3\u0142ka Z Ograniczon\u0105 Odpowiedzialno\u015bci\u0105 ZINIQ W\u0105troba &#8211; cholina + fosfolipidy, 60 kaps prezent dla 7 latki, rymowane zagadki, nadia imi\u0119, test dynastia mizio\u0142k\u00f3w, labirynt dla dzieci, dynie pozna\u0144 yyyyy &nbsp;<\/p>\n","protected":false},"featured_media":7577,"comment_status":"closed","ping_status":"open","template":"","meta":[],"product_cat":[212],"product_tag":[828,861,764,805],"class_list":["post-7576","product","type-product","status-publish","has-post-thumbnail","hentry","product_cat-uklad-pokarmowy","product_tag-filmy-wigilijne-dla-dzieci","product_tag-jak-narysowac-psa","product_tag-prezenty-na-roczek-dla-dziewczynki","product_tag-znaczenie-imienia-alan"],"_links":{"self":[{"href":"http:\/\/klubmamgdynia.pl\/index.php\/wp-json\/wp\/v2\/product\/7576","targetHints":{"allow":["GET"]}}],"collection":[{"href":"http:\/\/klubmamgdynia.pl\/index.php\/wp-json\/wp\/v2\/product"}],"about":[{"href":"http:\/\/klubmamgdynia.pl\/index.php\/wp-json\/wp\/v2\/types\/product"}],"replies":[{"embeddable":true,"href":"http:\/\/klubmamgdynia.pl\/index.php\/wp-json\/wp\/v2\/comments?post=7576"}],"wp:featuredmedia":[{"embeddable":true,"href":"http:\/\/klubmamgdynia.pl\/index.php\/wp-json\/wp\/v2\/media\/7577"}],"wp:attachment":[{"href":"http:\/\/klubmamgdynia.pl\/index.php\/wp-json\/wp\/v2\/media?parent=7576"}],"wp:term":[{"taxonomy":"product_cat","embeddable":true,"href":"http:\/\/klubmamgdynia.pl\/index.php\/wp-json\/wp\/v2\/product_cat?post=7576"},{"taxonomy":"product_tag","embeddable":true,"href":"http:\/\/klubmamgdynia.pl\/index.php\/wp-json\/wp\/v2\/product_tag?post=7576"}],"curies":[{"name":"wp","href":"https:\/\/api.w.org\/{rel}","templated":true}]}}