{"id":758,"date":"2022-04-26T11:19:29","date_gmt":"2022-04-26T09:19:29","guid":{"rendered":"http:\/\/klubmamgdynia.pl\/index.php\/produkt\/zestaw-2x-koszula-nocna-ciazowa-do-karmienia-r-4xl\/"},"modified":"2026-05-01T12:41:01","modified_gmt":"2026-05-01T10:41:01","slug":"zestaw-2x-koszula-nocna-ciazowa-do-karmienia-r-4xl","status":"publish","type":"product","link":"http:\/\/klubmamgdynia.pl\/index.php\/produkt\/zestaw-2x-koszula-nocna-ciazowa-do-karmienia-r-4xl\/","title":{"rendered":"Zestaw 2X Koszula Nocna Ci\u0105zowa Do Karmienia R.4XL"},"content":{"rendered":"<p>ZESTAW 2X KOSZULA NOCNA CI\u0104\u017bOWA NA RAMI\u0104CZKACH DO KARMIENIA ZAPINANA NA NAPY CZARNA I R\u00d3\u017bOWAKoszula wyprodukowany w Polsce .Nocna koszula dla mam karmi\u0105cych otwierana na \u015brodkuKoszulka jest zapinana na napy dzi\u0119ki czemu \u0142atwo i dyskretnie mo\u017cna nakarmi\u0107 swojego maluszka.Pi\u017cama jest niezast\u0105piony w okresie karmienia piersi\u0105 jak i r\u00f3wnie\u017c niezb\u0119dna w szpitalu podczas porodu .Model przeznaczony dla mam ceni\u0105cych sobie wygod\u0119 oraz komfort karmienia dziecka piersi\u0105Materia\u0142 :100% bawe\u0142na.Bawe\u0142na jest przyjemna w dotyku i delikatna dla sk\u00f3ry mamy jak i dziecka. Nie podra\u017cnia nie uczula.Rozmiar: 4XLWymiary modelki:obw\u00f3d biustu 91 cmobw\u00f3d w pasie 70 cmobw\u00f3d z brzuszkiem 86 cmModelka pozuje na zdj\u0119ciach w rozmiarze S, nosi na co dzie\u0144 XS-S.Wymiary:Rozmiar S :d\u0142ugo\u015b\u0107 ca\u0142kowita: 90cmszer. w pasie: 2x 45cmszeroko\u015b\u0107 od pachy do pachy: 2x 42cmRozmiar M :d\u0142ugo\u015b\u0107 ca\u0142kowita: 91cmszer. w pasie: 2x 46cmszeroko\u015b\u0107 od pachy do pachy: 2x 43cmRozmiar L:d\u0142ugo\u015b\u0107 ca\u0142kowita: 95cmszer. w pasie: 2x 47cmszeroko\u015b\u0107 od pachy do pachy: 2x 46cmRozmiar XL:d\u0142ugo\u015b\u0107 ca\u0142kowita: 96cmszer. w pasie: 2x 53cmszeroko\u015b\u0107 od pachy do pachy: 2x 51cmRozmiar XXL:d\u0142ugo\u015b\u0107 ca\u0142kowita: 99cmszer. w pasie: 2x 55cmszeroko\u015b\u0107 od pachy do pachy: 2x 53cmRozmiar 3XL:d\u0142ugo\u015b\u0107 ca\u0142kowita: 102cmszer. w pasie: 2x 58cmszeroko\u015b\u0107 od pachy do pachy: 2x 54cmRozmiar 4XL:d\u0142ugo\u015b\u0107 ca\u0142kowita: 108cmszer. w pasie: 2x 61cmszeroko\u015b\u0107 od pachy do pachy: 2x 56cm*mierzone na p\u0142asko bez naci\u0105gania<\/p>\n<h2>Zestaw 2X Koszula Nocna Ci\u0105zowa Do Karmienia R.4XL <\/h2>\n<p>testy na znaki drogowe, alina, zagadki wiosenne dla dzieci, mini zoo mazowieckie, maska wilka szablon, zagadki dla dzieci 7 lat o zwierz\u0119tach, zagadki \u0142amig\u0142\u00f3wki, sa\u0142atki dla dzieci<\/p>\n<p>yyyyy<\/p>\n<p>&nbsp;<\/p>\n","protected":false},"excerpt":{"rendered":"<p>ZESTAW 2X KOSZULA NOCNA CI\u0104\u017bOWA NA RAMI\u0104CZKACH DO KARMIENIA ZAPINANA NA NAPY CZARNA I R\u00d3\u017bOWAKoszula wyprodukowany w Polsce .Nocna koszula dla mam karmi\u0105cych otwierana na \u015brodkuKoszulka jest zapinana na napy dzi\u0119ki czemu \u0142atwo i dyskretnie mo\u017cna nakarmi\u0107 swojego maluszka.Pi\u017cama jest niezast\u0105piony w okresie karmienia piersi\u0105 jak i r\u00f3wnie\u017c niezb\u0119dna w szpitalu podczas porodu .Model przeznaczony [&hellip;]<\/p>\n","protected":false},"featured_media":759,"comment_status":"closed","ping_status":"open","template":"","meta":[],"product_cat":[258],"product_tag":[688,659,632],"class_list":["post-758","product","type-product","status-publish","has-post-thumbnail","hentry","product_cat-bielizna-ciazowa","product_tag-kolysanki-tekst","product_tag-tupu-tup-po-sniegu-tekst","product_tag-warszawa-atrakcje-dla-mlodziezy"],"_links":{"self":[{"href":"http:\/\/klubmamgdynia.pl\/index.php\/wp-json\/wp\/v2\/product\/758","targetHints":{"allow":["GET"]}}],"collection":[{"href":"http:\/\/klubmamgdynia.pl\/index.php\/wp-json\/wp\/v2\/product"}],"about":[{"href":"http:\/\/klubmamgdynia.pl\/index.php\/wp-json\/wp\/v2\/types\/product"}],"replies":[{"embeddable":true,"href":"http:\/\/klubmamgdynia.pl\/index.php\/wp-json\/wp\/v2\/comments?post=758"}],"wp:featuredmedia":[{"embeddable":true,"href":"http:\/\/klubmamgdynia.pl\/index.php\/wp-json\/wp\/v2\/media\/759"}],"wp:attachment":[{"href":"http:\/\/klubmamgdynia.pl\/index.php\/wp-json\/wp\/v2\/media?parent=758"}],"wp:term":[{"taxonomy":"product_cat","embeddable":true,"href":"http:\/\/klubmamgdynia.pl\/index.php\/wp-json\/wp\/v2\/product_cat?post=758"},{"taxonomy":"product_tag","embeddable":true,"href":"http:\/\/klubmamgdynia.pl\/index.php\/wp-json\/wp\/v2\/product_tag?post=758"}],"curies":[{"name":"wp","href":"https:\/\/api.w.org\/{rel}","templated":true}]}}