{"id":7580,"date":"2016-08-17T06:34:04","date_gmt":"2016-08-17T04:34:04","guid":{"rendered":"http:\/\/klubmamgdynia.pl\/index.php\/produkt\/babymam-posciel-dziecieca-do-lozeczka-120x90-2el\/"},"modified":"2026-04-05T05:25:39","modified_gmt":"2026-04-05T03:25:39","slug":"babymam-posciel-dziecieca-do-lozeczka-120x90-2el","status":"publish","type":"product","link":"http:\/\/klubmamgdynia.pl\/index.php\/produkt\/babymam-posciel-dziecieca-do-lozeczka-120x90-2el\/","title":{"rendered":"Babymam Po\u015bciel Dzieci\u0119ca Do \u0141\u00f3\u017ceczka 120X90 2El"},"content":{"rendered":"<p>Babymam Po\u015bciel Dzieci\u0119ca Do \u0141\u00f3\u017ceczka 120X90 2EL<\/p>\n<h2>Babymam Po\u015bciel Dzieci\u0119ca Do \u0141\u00f3\u017ceczka 120X90 2El Babymam<\/h2>\n<p>halloween dla dzieci warszawa, po \u0142\u0105ce biega lato tekst, psi patrol rysunek, quizy dla dzieci o zwierz\u0119tach, iwo, cytaty o dziecku, pawe\u0142, prezent roczek dziewczynka, maska kota do druku, zadania logiczne dla dzieci, wielkanocne zagadki dla dzieci, gry i zabawy ruchowe, milan imi\u0119, ba\u015bniowe imiona \u017ce\u0144skie, test z lektury felix net i nika oraz gang niewidzialnych ludzi, kolorowanki \u015bwi\u0105teczne do wydruku<\/p>\n<p>yyyyy<\/p>\n<p>&nbsp;<\/p>\n","protected":false},"excerpt":{"rendered":"<p>Babymam Po\u015bciel Dzieci\u0119ca Do \u0141\u00f3\u017ceczka 120X90 2EL Babymam Po\u015bciel Dzieci\u0119ca Do \u0141\u00f3\u017ceczka 120X90 2El Babymam halloween dla dzieci warszawa, po \u0142\u0105ce biega lato tekst, psi patrol rysunek, quizy dla dzieci o zwierz\u0119tach, iwo, cytaty o dziecku, pawe\u0142, prezent roczek dziewczynka, maska kota do druku, zadania logiczne dla dzieci, wielkanocne zagadki dla dzieci, gry i zabawy [&hellip;]<\/p>\n","protected":false},"featured_media":7581,"comment_status":"closed","ping_status":"open","template":"","meta":[],"product_cat":[1477,994],"product_tag":[731,816,577],"class_list":["post-7580","product","type-product","status-publish","has-post-thumbnail","hentry","product_cat-babymam","product_cat-komplety-poscieli-dla-dzieci","product_tag-maly-ksiaze-cytaty","product_tag-place-zabaw-warszawa","product_tag-znaki-drogowe-test"],"_links":{"self":[{"href":"http:\/\/klubmamgdynia.pl\/index.php\/wp-json\/wp\/v2\/product\/7580","targetHints":{"allow":["GET"]}}],"collection":[{"href":"http:\/\/klubmamgdynia.pl\/index.php\/wp-json\/wp\/v2\/product"}],"about":[{"href":"http:\/\/klubmamgdynia.pl\/index.php\/wp-json\/wp\/v2\/types\/product"}],"replies":[{"embeddable":true,"href":"http:\/\/klubmamgdynia.pl\/index.php\/wp-json\/wp\/v2\/comments?post=7580"}],"wp:featuredmedia":[{"embeddable":true,"href":"http:\/\/klubmamgdynia.pl\/index.php\/wp-json\/wp\/v2\/media\/7581"}],"wp:attachment":[{"href":"http:\/\/klubmamgdynia.pl\/index.php\/wp-json\/wp\/v2\/media?parent=7580"}],"wp:term":[{"taxonomy":"product_cat","embeddable":true,"href":"http:\/\/klubmamgdynia.pl\/index.php\/wp-json\/wp\/v2\/product_cat?post=7580"},{"taxonomy":"product_tag","embeddable":true,"href":"http:\/\/klubmamgdynia.pl\/index.php\/wp-json\/wp\/v2\/product_tag?post=7580"}],"curies":[{"name":"wp","href":"https:\/\/api.w.org\/{rel}","templated":true}]}}