{"id":7586,"date":"2024-07-14T01:50:08","date_gmt":"2024-07-13T23:50:08","guid":{"rendered":"http:\/\/klubmamgdynia.pl\/?post_type=product&#038;p=7586"},"modified":"2026-04-30T08:33:43","modified_gmt":"2026-04-30T06:33:43","slug":"esseliv-forte-300-mg-50-kapsulek","status":"publish","type":"product","link":"http:\/\/klubmamgdynia.pl\/index.php\/produkt\/esseliv-forte-300-mg-50-kapsulek\/","title":{"rendered":"Esseliv forte 300 mg 50 kapsu\u0142ek"},"content":{"rendered":"<p>AFLOFARM ESSELIV FORTE X 50 KAPS<\/p>\n<p>Sk\u0142adSubstancja czynna: 1 kapsu\u0142ka zawiera 300 mg fosfolipid\u00f3w z nasion soi zawieraj\u0105cych polienylofosfatydylocholin\u0119 (niezb\u0119dne fosfolipidy EPL &#8211; estry glicerolowe kwasu cholinofosforowego i nienasyconych kwas\u00f3w t\u0142uszczowych &#8211; linolowego, linolenowego, oleinowego) oraz substancje pomocnicze: olej sojowy, utwardzony t\u0142uszcz, wanilina, indygotyna, tlenek \u017celaza czerwony, dwutlenek tytanu, tlenek \u017celaza z\u0142oty.                             <\/p>\n<p>Wskazania Ostre i przewlek\u0142e choroby w\u0105troby, w tym poalkoholowe uszkodzenia w\u0105troby, toksyczne i polekowe uszkodzenia w\u0105troby i przewlek\u0142e zapalenie w\u0105troby Wspomagaj\u0105co w leczeniu zaburze\u0144 czynno\u015bciowych w\u0105troby, dr\u00f3g \u017c\u00f3\u0142ciowych oraz kamicy \u017c\u00f3\u0142ciowej. Dzia\u0142aniePreparat zawieraj\u0105cy fosfolipidy sojowe, kt\u00f3re s\u0105 wbudowywane w b\u0142ony uszkodzonych kom\u00f3rek w\u0105troby przywracaj\u0105c ich prawid\u0142owe funkcjonowanie. W wyniku tego poprawie ulega dzia\u0142anie b\u0142onowych receptor\u00f3w, b\u0142onowych uk\u0142ad\u00f3w enzymatycznych oraz procesy transportu czynnego i biernego. Podawanie fosfolipid\u00f3w ogranicza rozw\u00f3j zw\u0142\u00f3knienia w\u0105troby oraz zmniejsza ilo\u015b\u0107 wolnych rodnik\u00f3w w w\u0105trobie nara\u017conej na dzia\u0142anie czynnik\u00f3w toksycznych. Fosfolipidy wp\u0142ywaj\u0105 korzystnie na gospodark\u0119 lipidow\u0105 ustroju, obni\u017caj\u0105c poziom cholesterolu i lipoprotein we krwi. Redukuj\u0105 proces fibrynogenezy w w\u0105trobie poprzez zwi\u0119kszenie aktywno\u015bci kolagenazy co przyspiesza rozk\u0142ad kolagenu. Fosfolipidy s\u0105 wydzielane z \u017c\u00f3\u0142ci\u0105.                             <\/p>\n<p>DawkowanieDoustnie. Preparat nale\u017cy przyjmowa\u0107 w trakcie posi\u0142k\u00f3w, nie rozgryzaj\u0105c. Doro\u015bli: pocz\u0105tkowo po 2 kaps. (1800 mg\/24 h) 3 razy dziennie, po 2-3 miesi\u0105cach po 1 kaps. 3 razy dziennie, przez co najmniej 3 miesi\u0105ce.Dzieci: niemowl\u0119ta &#8211; 1 kaps. na 10 kg m.c.\/dob\u0119 (300 mg\/10kg m.c.\/dob\u0119), zawarto\u015b\u0107 kapsu\u0142ki mo\u017cna wycisn\u0105\u0107 i poda\u0107 z mlekiem lub wod\u0105, dzieci &#8211; 3-6 kaps. na dob\u0119 (900-1800 mg\/24 h). PrzeciwwskazaniaNadwra\u017cliwo\u015b\u0107 na sk\u0142adniki preparatu. Informacje dodatkowePrzed u\u017cyciem zapoznaj si\u0119 z ulotk\u0105 do\u0142\u0105czon\u0105 do opakowania, kt\u00f3ra zawiera wskazania, przeciwwskazania, dane dotycz\u0105ce dzia\u0142a\u0144 niepo\u017c\u0105danych i dawkowania, oraz informacje dotycz\u0105ce stosowania i przechowywania produktu leczniczego.Suplementy diety nie mog\u0105 by\u0107 stosowane jako substytut zr\u00f3\u017cnicowanej diety.W razie pyta\u0144 lub w\u0105tpliwo\u015bci skontaktuj si\u0119 z lekarzem lub farmaceut\u0105.<\/p>\n<h2>Esseliv forte 300 mg 50 kapsu\u0142ek Aflofarm<\/h2>\n<p>kolorowanki bajki, quiz minecraft, ka\u0142u\u017cy\u015bci, test detektyw pozytywka, peppa kolorowanka, kolorowanka minecraft, janusz, zagadki na myslenie, traktor do druku<\/p>\n<p>yyyyy<\/p>\n<p>&nbsp;<\/p>\n","protected":false},"excerpt":{"rendered":"<p>AFLOFARM ESSELIV FORTE X 50 KAPS Sk\u0142adSubstancja czynna: 1 kapsu\u0142ka zawiera 300 mg fosfolipid\u00f3w z nasion soi zawieraj\u0105cych polienylofosfatydylocholin\u0119 (niezb\u0119dne fosfolipidy EPL &#8211; estry glicerolowe kwasu cholinofosforowego i nienasyconych kwas\u00f3w t\u0142uszczowych &#8211; linolowego, linolenowego, oleinowego) oraz substancje pomocnicze: olej sojowy, utwardzony t\u0142uszcz, wanilina, indygotyna, tlenek \u017celaza czerwony, dwutlenek tytanu, tlenek \u017celaza z\u0142oty. Wskazania Ostre i [&hellip;]<\/p>\n","protected":false},"featured_media":7587,"comment_status":"closed","ping_status":"open","template":"","meta":[],"product_cat":[201,212],"product_tag":[696,596,632],"class_list":["post-7586","product","type-product","status-publish","has-post-thumbnail","hentry","product_cat-aflofarm","product_cat-uklad-pokarmowy","product_tag-film-rodzinny-o-swietach","product_tag-pomysly-na-prima-aprilis","product_tag-warszawa-atrakcje-dla-mlodziezy"],"_links":{"self":[{"href":"http:\/\/klubmamgdynia.pl\/index.php\/wp-json\/wp\/v2\/product\/7586","targetHints":{"allow":["GET"]}}],"collection":[{"href":"http:\/\/klubmamgdynia.pl\/index.php\/wp-json\/wp\/v2\/product"}],"about":[{"href":"http:\/\/klubmamgdynia.pl\/index.php\/wp-json\/wp\/v2\/types\/product"}],"replies":[{"embeddable":true,"href":"http:\/\/klubmamgdynia.pl\/index.php\/wp-json\/wp\/v2\/comments?post=7586"}],"wp:featuredmedia":[{"embeddable":true,"href":"http:\/\/klubmamgdynia.pl\/index.php\/wp-json\/wp\/v2\/media\/7587"}],"wp:attachment":[{"href":"http:\/\/klubmamgdynia.pl\/index.php\/wp-json\/wp\/v2\/media?parent=7586"}],"wp:term":[{"taxonomy":"product_cat","embeddable":true,"href":"http:\/\/klubmamgdynia.pl\/index.php\/wp-json\/wp\/v2\/product_cat?post=7586"},{"taxonomy":"product_tag","embeddable":true,"href":"http:\/\/klubmamgdynia.pl\/index.php\/wp-json\/wp\/v2\/product_tag?post=7586"}],"curies":[{"name":"wp","href":"https:\/\/api.w.org\/{rel}","templated":true}]}}