{"id":7588,"date":"2021-04-17T07:56:10","date_gmt":"2021-04-17T05:56:10","guid":{"rendered":"http:\/\/klubmamgdynia.pl\/index.php\/produkt\/simba-evi-love-evi-z-wozkiem2-105736241\/"},"modified":"2026-04-12T15:04:04","modified_gmt":"2026-04-12T13:04:04","slug":"simba-evi-love-evi-z-wozkiem2-105736241","status":"publish","type":"product","link":"http:\/\/klubmamgdynia.pl\/index.php\/produkt\/simba-evi-love-evi-z-wozkiem2-105736241\/","title":{"rendered":"Simba Evi Love Evi Z W\u00f3zkiem2 105736241"},"content":{"rendered":"<p>Laleczka SIMBA STEFFI EVI DOLL WALK 5736241 dla dzieci powy\u017cej 3 roku \u017cycia.REKLAMA TV SIMBA STEFFI EVI DOLL WALK 5736241325 pa\u017adziernika 2009W ofercie firmy SIMBA znajduj\u0105 si\u0119 zabawki zar\u00f3wno dla maluch\u00f3w \u2013 Simba Baby, jak r\u00f3wnie\u017c dla dzieci starszych Simba World of Toys.SIMBA tworzy takie kolekcje jak: Disney Princess, Eichhorn, Steffi Love, Schuco, Dickie.Zabawki SIMBA rozwijaj\u0105 zdolno\u015bci manualne oraz umiej\u0119tno\u015bci kreatywnego my\u015blenia.SIMBA STEFFI EVI DOLL WALK 5736241 mo\u017cna odebra\u0107 r\u00f3wnie\u017c osobi\u015bcie w Warszawie \u2013 Warszawa Mokot\u00f3w.&#8221;Lalka Steffi jest uosobieniem marze\u0144 ka\u017cdej dziewczynki. Pojawia si\u0119 w r\u00f3\u017cnych stylach. Jednego dnia elegancka, w stroju wieczorowym lub operowym, a nast\u0119pnego \u0107wiczy fitness lub wychodzi z przyjaci\u00f3\u0142k\u0105 na zakupy czy do kawiarni. Kevin &#8211; przystojny i elegancki, r\u00f3wnie\u017c lubi styl sportowy. Razem wyje\u017cd\u017caj\u0105 na wycieczki samochodem lub konno.Zabawka przeznaczona dla dzieci od 3 lat.Grupa Simba &amp; Dickie jest jednym z pi\u0119ciu najwi\u0119kszych w Europie producent\u00f3w i dystrybutor\u00f3w zabawek. Naszym priorytetem jest dbanie o wysok\u0105 jako\u015b\u0107 zabawek. Zalety naszych produkt\u00f3w pozna\u0142y dzieci na ca\u0142ym \u015bwiecie.Na rynek polski wprowadzamy zabawki uwielbiane przez dzieci we wszystkich cz\u0119\u015bciach \u015bwiata. Pragniemy da\u0107 dzieciom rado\u015b\u0107 i wywo\u0142a\u0107 u\u015bmiech na buziach dzieci. Jednocze\u015bnie dbamy, aby nasze zabawki rozwija\u0142y zdolno\u015bci manualne oraz umiej\u0119tno\u015bci kreatywnego my\u015blenia. &#8221;<\/p>\n<h2>Simba Evi Love Evi Z W\u00f3zkiem2 105736241 Simba<\/h2>\n<p>znaczenie imienia milan, trudne zagadki logiczne, roszpunka kolorowanka, zagadki wielkanocne do druku, testy z lektury miko\u0142ajek, mapa europy do druku, gry i zabawy ruchowe, maska do druku, quiz samochodowy, szczotka pasta kubek ciep\u0142a woda tekst, kolorowanki dla dziewczynek do druku, kolorowanki kotka, prezent dla rocznej dziewczynki, rysunki do druku, spiderman kolorowanka, bianka, gry planszowe dla nastolatk\u00f3w, kalina imi\u0119, sentencje ma\u0142y ksi\u0105\u017ce cytaty, kontynenty dla dzieci do druku, zagadki dla dzieci 7 lat o zwierz\u0119tach<\/p>\n<p>yyyyy<\/p>\n<p>&nbsp;<\/p>\n","protected":false},"excerpt":{"rendered":"<p>Laleczka SIMBA STEFFI EVI DOLL WALK 5736241 dla dzieci powy\u017cej 3 roku \u017cycia.REKLAMA TV SIMBA STEFFI EVI DOLL WALK 5736241325 pa\u017adziernika 2009W ofercie firmy SIMBA znajduj\u0105 si\u0119 zabawki zar\u00f3wno dla maluch\u00f3w \u2013 Simba Baby, jak r\u00f3wnie\u017c dla dzieci starszych Simba World of Toys.SIMBA tworzy takie kolekcje jak: Disney Princess, Eichhorn, Steffi Love, Schuco, Dickie.Zabawki SIMBA [&hellip;]<\/p>\n","protected":false},"featured_media":7589,"comment_status":"closed","ping_status":"open","template":"","meta":[],"product_cat":[65,279],"product_tag":[833,611,851,677,601,649],"class_list":["post-7588","product","type-product","status-publish","has-post-thumbnail","hentry","product_cat-lalki","product_cat-simba","product_tag-bajki-dla-dzieci-do-czytania","product_tag-bajki-do-czytania-psi-patrol","product_tag-jak-narysowac-kota","product_tag-milosz-imie","product_tag-zagadki-co-to-jest","product_tag-zagadki-dla-nastolatkow"],"_links":{"self":[{"href":"http:\/\/klubmamgdynia.pl\/index.php\/wp-json\/wp\/v2\/product\/7588","targetHints":{"allow":["GET"]}}],"collection":[{"href":"http:\/\/klubmamgdynia.pl\/index.php\/wp-json\/wp\/v2\/product"}],"about":[{"href":"http:\/\/klubmamgdynia.pl\/index.php\/wp-json\/wp\/v2\/types\/product"}],"replies":[{"embeddable":true,"href":"http:\/\/klubmamgdynia.pl\/index.php\/wp-json\/wp\/v2\/comments?post=7588"}],"wp:featuredmedia":[{"embeddable":true,"href":"http:\/\/klubmamgdynia.pl\/index.php\/wp-json\/wp\/v2\/media\/7589"}],"wp:attachment":[{"href":"http:\/\/klubmamgdynia.pl\/index.php\/wp-json\/wp\/v2\/media?parent=7588"}],"wp:term":[{"taxonomy":"product_cat","embeddable":true,"href":"http:\/\/klubmamgdynia.pl\/index.php\/wp-json\/wp\/v2\/product_cat?post=7588"},{"taxonomy":"product_tag","embeddable":true,"href":"http:\/\/klubmamgdynia.pl\/index.php\/wp-json\/wp\/v2\/product_tag?post=7588"}],"curies":[{"name":"wp","href":"https:\/\/api.w.org\/{rel}","templated":true}]}}