{"id":7592,"date":"2016-02-15T01:56:58","date_gmt":"2016-02-15T00:56:58","guid":{"rendered":"http:\/\/klubmamgdynia.pl\/index.php\/produkt\/eurobaby-zabawki-zabawka-mlotek-0634650-ebz3115\/"},"modified":"2026-05-01T14:45:44","modified_gmt":"2026-05-01T12:45:44","slug":"eurobaby-zabawki-zabawka-mlotek-0634650-ebz3115","status":"publish","type":"product","link":"http:\/\/klubmamgdynia.pl\/index.php\/produkt\/eurobaby-zabawki-zabawka-mlotek-0634650-ebz3115\/","title":{"rendered":"Eurobaby Zabawki Zabawka M\u0142otek 0634650 (Ebz3115)"},"content":{"rendered":"<p>Interaktywny m\u0142otek to super zabawka dla aktywnego dziecka. Zabawka pracuje w dw\u00f3ch trybach:- \u015bmieszne d\u017awi\u0119ki- edukacja liczy uderzenia m\u0142otkiem do 10Po naci\u015bni\u0119ciu g\u00f3rnej cz\u0119\u015bci m\u0142otka zaczyna odgrywa\u0107 melodie i \u015bwieci\u0107. W uchwycie m\u0142otka znajduj\u0105 si\u0119 grzechocz\u0105ce kuleczki. Ka\u017cde uderzenie m\u0142otkiem zmienia oczy.Wspomaga:- rozw\u00f3j sensoryczny- rozw\u00f3j umiej\u0119tno\u015bci motorycznych- rozw\u00f3j koordynacji wzrokowo ruchowejRozmiar16 x 11 cmBaterie2x 1.5V AAAWymiary pude\u0142ka:18 x 22 x 6.5 cmWiek:12m+<\/p>\n<h2>Eurobaby Zabawki Zabawka M\u0142otek 0634650 (Ebz3115) Eurobaby<\/h2>\n<p>kolorowanki dla ch\u0142opc\u00f3w do druku, krecik bajka, fajne \u017carty na prima aprilis, krak\u00f3w atrakcje dla dzieci, miko\u0142ajek test z lektury, zagadki o psach, zagadki dla dzieci 4-5 lat, lol surprise kolorowanki, zdania do pisania dla dzieci do wydruku, ma\u0142y ksi\u0105\u017c\u0119 cytaty o mi\u0142o\u015bci, test miko\u0142ajek, imie pola, szlaczki, ma\u0142y ksi\u0105\u017c\u0119 cytaty, cytaty dziecko, gabriel imie, ch\u0142opcy z placu broni &#8211; test<\/p>\n<p>yyyyy<\/p>\n<p>&nbsp;<\/p>\n","protected":false},"excerpt":{"rendered":"<p>Interaktywny m\u0142otek to super zabawka dla aktywnego dziecka. Zabawka pracuje w dw\u00f3ch trybach:- \u015bmieszne d\u017awi\u0119ki- edukacja liczy uderzenia m\u0142otkiem do 10Po naci\u015bni\u0119ciu g\u00f3rnej cz\u0119\u015bci m\u0142otka zaczyna odgrywa\u0107 melodie i \u015bwieci\u0107. W uchwycie m\u0142otka znajduj\u0105 si\u0119 grzechocz\u0105ce kuleczki. Ka\u017cde uderzenie m\u0142otkiem zmienia oczy.Wspomaga:- rozw\u00f3j sensoryczny- rozw\u00f3j umiej\u0119tno\u015bci motorycznych- rozw\u00f3j koordynacji wzrokowo ruchowejRozmiar16 x 11 cmBaterie2x 1.5V [&hellip;]<\/p>\n","protected":false},"featured_media":7593,"comment_status":"closed","ping_status":"open","template":"","meta":[],"product_cat":[128,963],"product_tag":[867,732,876],"class_list":["post-7592","product","type-product","status-publish","has-post-thumbnail","hentry","product_cat-eurobaby","product_cat-pozostale-zabawki-dla-niemowlat","product_tag-kolorowanki-dla-dziewczynek","product_tag-prezent-dla-rocznego-chlopca","product_tag-przyjazn"],"_links":{"self":[{"href":"http:\/\/klubmamgdynia.pl\/index.php\/wp-json\/wp\/v2\/product\/7592","targetHints":{"allow":["GET"]}}],"collection":[{"href":"http:\/\/klubmamgdynia.pl\/index.php\/wp-json\/wp\/v2\/product"}],"about":[{"href":"http:\/\/klubmamgdynia.pl\/index.php\/wp-json\/wp\/v2\/types\/product"}],"replies":[{"embeddable":true,"href":"http:\/\/klubmamgdynia.pl\/index.php\/wp-json\/wp\/v2\/comments?post=7592"}],"wp:featuredmedia":[{"embeddable":true,"href":"http:\/\/klubmamgdynia.pl\/index.php\/wp-json\/wp\/v2\/media\/7593"}],"wp:attachment":[{"href":"http:\/\/klubmamgdynia.pl\/index.php\/wp-json\/wp\/v2\/media?parent=7592"}],"wp:term":[{"taxonomy":"product_cat","embeddable":true,"href":"http:\/\/klubmamgdynia.pl\/index.php\/wp-json\/wp\/v2\/product_cat?post=7592"},{"taxonomy":"product_tag","embeddable":true,"href":"http:\/\/klubmamgdynia.pl\/index.php\/wp-json\/wp\/v2\/product_tag?post=7592"}],"curies":[{"name":"wp","href":"https:\/\/api.w.org\/{rel}","templated":true}]}}