{"id":7598,"date":"2022-08-13T05:12:25","date_gmt":"2022-08-13T03:12:25","guid":{"rendered":"http:\/\/klubmamgdynia.pl\/index.php\/produkt\/lol-surprise-omg-lalka-sportowa-vault-queen-577515\/"},"modified":"2026-04-17T00:59:05","modified_gmt":"2026-04-16T22:59:05","slug":"lol-surprise-omg-lalka-sportowa-vault-queen-577515","status":"publish","type":"product","link":"http:\/\/klubmamgdynia.pl\/index.php\/produkt\/lol-surprise-omg-lalka-sportowa-vault-queen-577515\/","title":{"rendered":"LOL Surprise OMG Lalka Sportowa Vault Queen 577515"},"content":{"rendered":"<p>a                            <\/p>\n<p>LOL OMG SPORTS LALKA SPORTOWA VAULT QUEEN                            <\/p>\n<p>a                            <\/p>\n<p>OTW\u00d3RZ 20 NIESPODZIANEK, w tym LOL Surprise OMG Sports Fashion Doll Vault Queen, gwiazd\u0119 gimnastyki artystycznej, jedn\u0105 z pierwszych w historii OMG Sports Fashion Dolls we wszech\u015bwiecie LOL Surprise.<br \/>\nB\u0141YSZCZ\u0104CE AKCESORIA I MAGAZYN DO KOLEKCJONOWANIA: Vault Queen zawiera b\u0142yszcz\u0105ce akcesoria do \u0142\u0105czenia i dopasowywania! Przychodzi r\u00f3wnie\u017c z gazet\u0105 z czasopisma, kt\u00f3ra ujawnia jej ulubione wydarzenie, ulubiony ruch i harmonogram wydarze\u0144.                            <\/p>\n<p>a                            <\/p>\n<p>FAJNY STYL GYMNASTYCZNY: ma osza\u0142amiaj\u0105ce rysy twarzy, pi\u0119kne w\u0142osy, sw\u00f3j w\u0142asny, wspania\u0142y styl gimnastyczny i ma mn\u00f3stwo pozycji. Dodatkowo, Vault Queen jest starsz\u0105 siostr\u0105, kt\u00f3ra jest fanem ulubionej postaci LOL Surprise, Splits! R\u0119ce mo\u017cna zdejmowa\u0107, co u\u0142atwia ubieranie.<br \/>\nUNIKALNE DO\u015aWIADCZENIE Z UNBOXINGU: rozpakuj Vault Queen w ca\u0142kowicie wyj\u0105tkowym do\u015bwiadczeniu z rozpakowywaniem. Zawiera lalk\u0119 modow\u0105 OMG Sports, ubrania, buty, akcesoria, pude\u0142ko na kapelusze, torb\u0119 na ubrania, czasopismo, szczotk\u0119 do w\u0142os\u00f3w, wieszak, stojak na lalki, przestrze\u0144 do zabawy z opakowaniami wielokrotnego u\u017cytku i wiele wi\u0119cej.                            <\/p>\n<p>a                            <\/p>\n<p>PAKIET STAJE SI\u0118 ZESTAWEM: pakiet lalki staje si\u0119 zestawem wielokrotnego u\u017cytku z garderob\u0105, dzi\u0119ki czemu ta zabawka jest jeszcze lepsza zar\u00f3wno dla dziewczynek, jak i dla ch\u0142opc\u00f3w.<\/p>\n<p>Zbierz zar\u00f3wno Vault Queen, jak i Cheer Diva z serii sports (uwaga ka\u017cda lalka sprzedawana osobno).<\/p>\n<p>Wymiary opakowania: 31&#215;25,5&#215;7,5cm.                            <\/p>\n<p>a<\/p>\n<h2>LOL Surprise OMG Lalka Sportowa Vault Queen 577515 LOL Surprise<\/h2>\n<p>\u0142amig\u0142\u00f3wki dla dzieci do wydruku, list do gwiazdora, kolysanki tekst, kolorowanki dla dziewczynek do druku, dzie\u0144 matki w\u0142asnor\u0119czny prezent dla mamy od dziecka, asiunia test z lektury, zabawy ruchowe dla dzieci w przedszkolu, zagadki o psach, koty kolorowanki do druku, maska dinozaura, nela imi\u0119, \u0142amig\u0142owki do druku, star wars kolorowanka, tupu tup po \u015bniegu tekst, nowe quizy do rozwi\u0105zania, przys\u0142owia o rodzinie, bajka o sowie, wroc\u0142aw atrakcje dla dzieci, kolorowanki wed\u0142ug kodu do druku, kartka walentynkow\u0105 przedszkole, imi\u0119 nela<\/p>\n<p>yyyyy<\/p>\n<p>&nbsp;<\/p>\n","protected":false},"excerpt":{"rendered":"<p>a LOL OMG SPORTS LALKA SPORTOWA VAULT QUEEN a OTW\u00d3RZ 20 NIESPODZIANEK, w tym LOL Surprise OMG Sports Fashion Doll Vault Queen, gwiazd\u0119 gimnastyki artystycznej, jedn\u0105 z pierwszych w historii OMG Sports Fashion Dolls we wszech\u015bwiecie LOL Surprise. B\u0141YSZCZ\u0104CE AKCESORIA I MAGAZYN DO KOLEKCJONOWANIA: Vault Queen zawiera b\u0142yszcz\u0105ce akcesoria do \u0142\u0105czenia i dopasowywania! Przychodzi r\u00f3wnie\u017c [&hellip;]<\/p>\n","protected":false},"featured_media":7599,"comment_status":"closed","ping_status":"open","template":"","meta":[],"product_cat":[65,294],"product_tag":[722,637,620,606,796],"class_list":["post-7598","product","type-product","status-publish","has-post-thumbnail","hentry","product_cat-lalki","product_cat-lol-surprise","product_tag-cytaty-o-przyjazni","product_tag-niech-zyja-wakacje-tekst","product_tag-quiz-opowiesci-z-narnii","product_tag-stala-pod-sniegiem","product_tag-zagatki"],"_links":{"self":[{"href":"http:\/\/klubmamgdynia.pl\/index.php\/wp-json\/wp\/v2\/product\/7598","targetHints":{"allow":["GET"]}}],"collection":[{"href":"http:\/\/klubmamgdynia.pl\/index.php\/wp-json\/wp\/v2\/product"}],"about":[{"href":"http:\/\/klubmamgdynia.pl\/index.php\/wp-json\/wp\/v2\/types\/product"}],"replies":[{"embeddable":true,"href":"http:\/\/klubmamgdynia.pl\/index.php\/wp-json\/wp\/v2\/comments?post=7598"}],"wp:featuredmedia":[{"embeddable":true,"href":"http:\/\/klubmamgdynia.pl\/index.php\/wp-json\/wp\/v2\/media\/7599"}],"wp:attachment":[{"href":"http:\/\/klubmamgdynia.pl\/index.php\/wp-json\/wp\/v2\/media?parent=7598"}],"wp:term":[{"taxonomy":"product_cat","embeddable":true,"href":"http:\/\/klubmamgdynia.pl\/index.php\/wp-json\/wp\/v2\/product_cat?post=7598"},{"taxonomy":"product_tag","embeddable":true,"href":"http:\/\/klubmamgdynia.pl\/index.php\/wp-json\/wp\/v2\/product_tag?post=7598"}],"curies":[{"name":"wp","href":"https:\/\/api.w.org\/{rel}","templated":true}]}}