{"id":76,"date":"2025-08-25T05:56:08","date_gmt":"2025-08-25T03:56:08","guid":{"rendered":"http:\/\/klubmamgdynia.pl\/index.php\/produkt\/klein-mini-bosch-toster-9578-zabawka\/"},"modified":"2026-04-23T19:02:44","modified_gmt":"2026-04-23T17:02:44","slug":"klein-mini-bosch-toster-9578-zabawka","status":"publish","type":"product","link":"http:\/\/klubmamgdynia.pl\/index.php\/produkt\/klein-mini-bosch-toster-9578-zabawka\/","title":{"rendered":"Klein Mini Bosch Toster 9578 &#8211; Zabawka"},"content":{"rendered":"<p>Klein 9578 Toster Bosch SWDSeria zabawek AGD firmy KLEIN realistycznie odzwierciedla prawdziwe urz\u0105dzenia wprowadzone na rynek przez najbardziej znane i jako\u015bciowo najlepsze marki produkt\u00f3w. Dla ma\u0142ych gospody\u0144 domowych to niesamowita atrakcja! Dzieci z ch\u0119ci\u0105 ucz\u0105 si\u0119 pomaga\u0107 w wykonywaniu domowych czynno\u015bci jednocze\u015bnie \u015bwietnie si\u0119 przy tym bawi\u0105c !!! Ka\u017cdy ze sprz\u0119t\u00f3w kuchennych pomo\u017ce w przygotowaniu zar\u00f3wno ma\u0142ej przek\u0105ski jak i wykwintnego przyj\u0119cia dla lalek lub kole\u017canek&#8230;Dodatkow\u0105 zalet\u0105 tych zabawek jest to, \u017ce ich kolorystyka jest odpowiednia dla dziewczynek oraz dla ch\u0142opc\u00f3w.Toster Bosch jest wiern\u0105 imitacj\u0105 prawdziwego tostera. Tak jak on, posiada mechanizm opuszczania kromek chleba do opiekania. Robi si\u0119 to naciskaj\u0105c umieszczony z boku przycisk. Po kilku sekundach upieczone tosty (sztuczne do\u0142\u0105czone do tostera) wyskakuj\u0105 do g\u00f3ry. Toster nie posiada prawdziwych grza\u0142ek, a co za tym idzie jest w pe\u0142ni bezpieczny dla dzieci. Zabawkowe urz\u0105dzenie wyposa\u017cone zosta\u0142o tak\u017ce w klikaj\u0105cy, obrotowy prze\u0142\u0105cznik, za pomoc\u0105 kt\u00f3rego mo\u017cna na niby ustawia\u0107 stopie\u0144 intensywno\u015bci przypieczenia pieczywa.Zabawka nie wymaga baterii.Wymiary opakowania ~ 19 x 10,5 x 13 cmWiek: 3+Marka Klein znana jest na \u015bwiecie z produkt\u00f3w wykonanych z dba\u0142o\u015bci\u0105 o szczeg\u00f3\u0142y, z najlepszej jako\u015bci materia\u0142\u00f3w oraz atrakcyjnego wzornictwa. Zabawki tej marki idealnie trafiaj\u0105 w gusta ma\u0142ych i wi\u0119kszych u\u017cytkownik\u00f3w. Artyku\u0142y oznaczone mark\u0105 Klein gwarantuj\u0105 \u015bwietn\u0105 zabaw\u0119 oraz odznaczaj\u0105 si\u0119 d\u0142ug\u0105 \u017cywotno\u015bci\u0105.<\/p>\n<h2>Klein Mini Bosch Toster 9578 &#8211; Zabawka Klein<\/h2>\n<p>farma dyni poznan, znaczenie imiona justyna, bajki do czytania psi patrol, ko\u0142ysanki dla dzieci + tekst, andrea, sporty po francusku<\/p>\n<p>yyyyy<\/p>\n<p>&nbsp;<\/p>\n","protected":false},"excerpt":{"rendered":"<p>Klein 9578 Toster Bosch SWDSeria zabawek AGD firmy KLEIN realistycznie odzwierciedla prawdziwe urz\u0105dzenia wprowadzone na rynek przez najbardziej znane i jako\u015bciowo najlepsze marki produkt\u00f3w. Dla ma\u0142ych gospody\u0144 domowych to niesamowita atrakcja! Dzieci z ch\u0119ci\u0105 ucz\u0105 si\u0119 pomaga\u0107 w wykonywaniu domowych czynno\u015bci jednocze\u015bnie \u015bwietnie si\u0119 przy tym bawi\u0105c !!! Ka\u017cdy ze sprz\u0119t\u00f3w kuchennych pomo\u017ce w przygotowaniu [&hellip;]<\/p>\n","protected":false},"featured_media":77,"comment_status":"closed","ping_status":"open","template":"","meta":[],"product_cat":[53,52],"product_tag":[780,624,783],"class_list":["post-76","product","type-product","status-publish","has-post-thumbnail","hentry","product_cat-kaciki-zabaw","product_cat-klein","product_tag-krecik-bajka","product_tag-krotkie-zagadki","product_tag-prezenty-na-roczek-dla-chlopca"],"_links":{"self":[{"href":"http:\/\/klubmamgdynia.pl\/index.php\/wp-json\/wp\/v2\/product\/76","targetHints":{"allow":["GET"]}}],"collection":[{"href":"http:\/\/klubmamgdynia.pl\/index.php\/wp-json\/wp\/v2\/product"}],"about":[{"href":"http:\/\/klubmamgdynia.pl\/index.php\/wp-json\/wp\/v2\/types\/product"}],"replies":[{"embeddable":true,"href":"http:\/\/klubmamgdynia.pl\/index.php\/wp-json\/wp\/v2\/comments?post=76"}],"wp:featuredmedia":[{"embeddable":true,"href":"http:\/\/klubmamgdynia.pl\/index.php\/wp-json\/wp\/v2\/media\/77"}],"wp:attachment":[{"href":"http:\/\/klubmamgdynia.pl\/index.php\/wp-json\/wp\/v2\/media?parent=76"}],"wp:term":[{"taxonomy":"product_cat","embeddable":true,"href":"http:\/\/klubmamgdynia.pl\/index.php\/wp-json\/wp\/v2\/product_cat?post=76"},{"taxonomy":"product_tag","embeddable":true,"href":"http:\/\/klubmamgdynia.pl\/index.php\/wp-json\/wp\/v2\/product_tag?post=76"}],"curies":[{"name":"wp","href":"https:\/\/api.w.org\/{rel}","templated":true}]}}