{"id":760,"date":"2015-12-25T09:57:12","date_gmt":"2015-12-25T08:57:12","guid":{"rendered":"http:\/\/klubmamgdynia.pl\/index.php\/produkt\/kurtka-wojskowa-grom-texar-gore-tex-czarna-mon-m\/"},"modified":"2026-04-24T05:30:57","modified_gmt":"2026-04-24T03:30:57","slug":"kurtka-wojskowa-grom-texar-gore-tex-czarna-mon-m","status":"publish","type":"product","link":"http:\/\/klubmamgdynia.pl\/index.php\/produkt\/kurtka-wojskowa-grom-texar-gore-tex-czarna-mon-m\/","title":{"rendered":"Kurtka Wojskowa Grom Texar Gore-tex Czarna Mon M"},"content":{"rendered":"<p>Kurtka Wojskowa Grom Texar Gore-tex Czarna Mon M<\/p>\n<h2>Kurtka Wojskowa Grom Texar Gore-tex Czarna Mon M <\/h2>\n<p>bajka na dobranoc, prezent dla dziecka 1 rok, kartk\u00f3wki z zegara, zagadki logiczne \u015bmieszne, menu urodzinowe dla dzieci w wieku 8 10 lat, kolorowanka star wars, zagadki \u015bmieszne, proste przepisy dla dzieci, minecraft kolorowanki, zabawy na dzie\u0144 dziecka w szkole, motto dla nauczyciela, gry i zabawy dla dzieci, tekst kolysanek<\/p>\n<p>yyyyy<\/p>\n<p>&nbsp;<\/p>\n","protected":false},"excerpt":{"rendered":"<p>Kurtka Wojskowa Grom Texar Gore-tex Czarna Mon M Kurtka Wojskowa Grom Texar Gore-tex Czarna Mon M bajka na dobranoc, prezent dla dziecka 1 rok, kartk\u00f3wki z zegara, zagadki logiczne \u015bmieszne, menu urodzinowe dla dzieci w wieku 8 10 lat, kolorowanka star wars, zagadki \u015bmieszne, proste przepisy dla dzieci, minecraft kolorowanki, zabawy na dzie\u0144 dziecka w [&hellip;]<\/p>\n","protected":false},"featured_media":761,"comment_status":"closed","ping_status":"open","template":"","meta":[],"product_cat":[278],"product_tag":[722,624,759,647,581],"class_list":["post-760","product","type-product","status-publish","has-post-thumbnail","hentry","product_cat-kurtki-meskie","product_tag-cytaty-o-przyjazni","product_tag-krotkie-zagadki","product_tag-pomysly-na-prezent-dla-nastolatkow","product_tag-warszawa-z-dzieckiem","product_tag-zagadki-dla-8-latka"],"_links":{"self":[{"href":"http:\/\/klubmamgdynia.pl\/index.php\/wp-json\/wp\/v2\/product\/760","targetHints":{"allow":["GET"]}}],"collection":[{"href":"http:\/\/klubmamgdynia.pl\/index.php\/wp-json\/wp\/v2\/product"}],"about":[{"href":"http:\/\/klubmamgdynia.pl\/index.php\/wp-json\/wp\/v2\/types\/product"}],"replies":[{"embeddable":true,"href":"http:\/\/klubmamgdynia.pl\/index.php\/wp-json\/wp\/v2\/comments?post=760"}],"wp:featuredmedia":[{"embeddable":true,"href":"http:\/\/klubmamgdynia.pl\/index.php\/wp-json\/wp\/v2\/media\/761"}],"wp:attachment":[{"href":"http:\/\/klubmamgdynia.pl\/index.php\/wp-json\/wp\/v2\/media?parent=760"}],"wp:term":[{"taxonomy":"product_cat","embeddable":true,"href":"http:\/\/klubmamgdynia.pl\/index.php\/wp-json\/wp\/v2\/product_cat?post=760"},{"taxonomy":"product_tag","embeddable":true,"href":"http:\/\/klubmamgdynia.pl\/index.php\/wp-json\/wp\/v2\/product_tag?post=760"}],"curies":[{"name":"wp","href":"https:\/\/api.w.org\/{rel}","templated":true}]}}