{"id":7600,"date":"2019-01-11T16:24:34","date_gmt":"2019-01-11T15:24:34","guid":{"rendered":"http:\/\/klubmamgdynia.pl\/index.php\/produkt\/alugastrin-zawiesina-250ml\/"},"modified":"2026-04-05T22:59:36","modified_gmt":"2026-04-05T20:59:36","slug":"alugastrin-zawiesina-250ml","status":"publish","type":"product","link":"http:\/\/klubmamgdynia.pl\/index.php\/produkt\/alugastrin-zawiesina-250ml\/","title":{"rendered":"Alugastrin zawiesina 250ml"},"content":{"rendered":"<p>Alugastrin 250mlDzia\u0142anieAlugastrin jest lekiem zoboj\u0119tniaj\u0105cym nadmiar kwasu solnego w soku \u017co\u0142\u0105dko\u00adwym. Nie powoduje nadmiernej alkalizacji soku \u017co\u0142\u0105dkowego i wt\u00f3rnego pobudzenia wydzielania kwasu solnego. Dzia\u0142a os\u0142aniaj\u0105co na b\u0142on\u0119 \u015bluzow\u0105 prze\u0142yku, \u017co\u0142\u0105d\u00adka i dwunastnicy. \u0141agodzi dolegliwo\u015bci b\u00f3\u00adlowe w nadkwasocie.Wskazania- nadkwa\u015bno\u015bc soku \u017co\u0142\u0105dkowego,- uszkodzenie b\u0142ony \u015bluzowej \u017co\u0142\u0105dka i dwunastnicy wywo\u0142ane przez czynniki wrzodotw\u00f3rcze (np. niesteroidowe leki przeciwzapalne),- choroba wrzodowa \u017co\u0142\u0105dka i dwunastnicy.Przeciwwskazania- nadwra\u017cliwo\u015bci na kt\u00f3rykolwie sk\u0142adnik\u00f3w leku,- ci\u0119\u017cka niewydolno\u015bci nerek.- tabletki zawieraj\u0105 jony sodu, co mo\u017ce by\u0107 istotne u os\u00f3b na diecie niskosodowej,- u pacjent\u00f3w z niewydolno\u015bci\u0105 i sk\u0142onno\u015bci\u0105 do zapar\u0107.InterakcjeAlugastrin zmniejsza wch\u0142anianie z prze\u00adwodu pokarmowego niekt\u00f3rych lek\u00f3w po\u00addawanych doustnie np.: antagonist\u00f3w re\u00adceptor\u00f3w H2 (np. omeprazol), fenytoiny, fluorochinolon\u00f3w (ciprofloxacin), glikozyd\u00f3w nasercowycn, ketokonazolu, tetracyklin, salicylan\u00f3w, preparat\u00f3w \u017celaza, zmniejsza skuteczno\u015b\u0107 dzia\u0142ania sukralfatu. Nale\u017cy zachowa\u0107, zgodne z zaleceniem lekarza, przerwy mi\u0119dzy podaniem leku i innych lek\u00f3w doustnych. Nale\u017cy poinformowa\u0107 lekarza o wszyst\u00adkich przyjmowanych ostatnio lekach, na\u00adwet tych kt\u00f3re wydawane s\u0105 bez recepty.DawkowanieDoro\u015bli i dzieci powy\u017cej 6 r.\u017c.: 5-10 ml zawiesinyW przypadku wra\u017cenia, \u017ce dzia\u0142anie leku jest za mocne lub za s\u0142abe, nale\u017cy zwr\u00f3ci\u0107 si\u0119 do lekarza.Dzia\u0142ania niepo\u017c\u0105daneJak ka\u017cdy lek, Alugastrin mo\u017ce powodowa\u0107 dzia\u0142ania niepo\u017c\u0105dane. Mog\u0105 wyst\u0105pi\u0107: kredowy posmak, zaparcia, skurcze \u017co\u0142\u0105dka. Rzadko mog\u0105 wyst\u0105pi\u0107 nudno\u015bci lub wymioty.W przypadku d\u0142ugotrwa\u0142ego stosowania w du\u017cych dawkach mog\u0105 wyst\u0105pi\u0107: ci\u0105g\u0142e zaparcia, utrata apetytu os\u0142abienie, niezwyk\u0142a utrata masy cia\u0142a, utrata fosforan\u00f3w (b\u00f3le ko\u015bci, puchni\u0119cie przegub\u00f3w lub kostek). W przypadku zaobserwowania wy\u017cej mienionych objaw\u00f3w, nale\u017cy odstawic Alugastrin i skontaktowa\u0107 si\u0119 z lekarzem.<\/p>\n<h2>Alugastrin zawiesina 250ml ZF Polpharma S.A.<\/h2>\n<p>narodziny dziecka cytaty, prezenty dla nastolatk\u00f3w do 50 z\u0142, zagadka, zagadki \u015bmieszne z odpowiedziami, peppa do czytania, quiz kajko i kokosz szko\u0142a latania, kolorowanki do druku, kolorowanki na dzie\u0144 mamy, quizy dla dzieci, ma\u0142y ksi\u0105\u017ce cytaty, filmy familijne walta disneya, kolorowanki kotka, bajki na dobranoc dla dzieci, zagadki dla 7 latk\u00f3w, minecraft quiz, \u015bwinka peppa kolorowanka<\/p>\n<p>yyyyy<\/p>\n<p>&nbsp;<\/p>\n","protected":false},"excerpt":{"rendered":"<p>Alugastrin 250mlDzia\u0142anieAlugastrin jest lekiem zoboj\u0119tniaj\u0105cym nadmiar kwasu solnego w soku \u017co\u0142\u0105dko\u00adwym. Nie powoduje nadmiernej alkalizacji soku \u017co\u0142\u0105dkowego i wt\u00f3rnego pobudzenia wydzielania kwasu solnego. Dzia\u0142a os\u0142aniaj\u0105co na b\u0142on\u0119 \u015bluzow\u0105 prze\u0142yku, \u017co\u0142\u0105d\u00adka i dwunastnicy. \u0141agodzi dolegliwo\u015bci b\u00f3\u00adlowe w nadkwasocie.Wskazania- nadkwa\u015bno\u015bc soku \u017co\u0142\u0105dkowego,- uszkodzenie b\u0142ony \u015bluzowej \u017co\u0142\u0105dka i dwunastnicy wywo\u0142ane przez czynniki wrzodotw\u00f3rcze (np. niesteroidowe leki przeciwzapalne),- choroba [&hellip;]<\/p>\n","protected":false},"featured_media":7601,"comment_status":"closed","ping_status":"open","template":"","meta":[],"product_cat":[212,199],"product_tag":[580,669,813,726],"class_list":["post-7600","product","type-product","status-publish","has-post-thumbnail","hentry","product_cat-uklad-pokarmowy","product_cat-zf-polpharma-s-a","product_tag-janusz","product_tag-kolorowanki","product_tag-krotkie-zagadki-matematyczne-z-odpowiedziami","product_tag-quiz-zemsta"],"_links":{"self":[{"href":"http:\/\/klubmamgdynia.pl\/index.php\/wp-json\/wp\/v2\/product\/7600","targetHints":{"allow":["GET"]}}],"collection":[{"href":"http:\/\/klubmamgdynia.pl\/index.php\/wp-json\/wp\/v2\/product"}],"about":[{"href":"http:\/\/klubmamgdynia.pl\/index.php\/wp-json\/wp\/v2\/types\/product"}],"replies":[{"embeddable":true,"href":"http:\/\/klubmamgdynia.pl\/index.php\/wp-json\/wp\/v2\/comments?post=7600"}],"wp:featuredmedia":[{"embeddable":true,"href":"http:\/\/klubmamgdynia.pl\/index.php\/wp-json\/wp\/v2\/media\/7601"}],"wp:attachment":[{"href":"http:\/\/klubmamgdynia.pl\/index.php\/wp-json\/wp\/v2\/media?parent=7600"}],"wp:term":[{"taxonomy":"product_cat","embeddable":true,"href":"http:\/\/klubmamgdynia.pl\/index.php\/wp-json\/wp\/v2\/product_cat?post=7600"},{"taxonomy":"product_tag","embeddable":true,"href":"http:\/\/klubmamgdynia.pl\/index.php\/wp-json\/wp\/v2\/product_tag?post=7600"}],"curies":[{"name":"wp","href":"https:\/\/api.w.org\/{rel}","templated":true}]}}