{"id":7606,"date":"2011-03-27T11:27:20","date_gmt":"2011-03-27T09:27:20","guid":{"rendered":"http:\/\/klubmamgdynia.pl\/index.php\/produkt\/wader-tech-truck-smieciarka\/"},"modified":"2026-05-17T22:13:42","modified_gmt":"2026-05-17T20:13:42","slug":"wader-tech-truck-smieciarka","status":"publish","type":"product","link":"http:\/\/klubmamgdynia.pl\/index.php\/produkt\/wader-tech-truck-smieciarka\/","title":{"rendered":"Wader Tech Truck \u015amieciarka"},"content":{"rendered":"<p>Tech Truck \u015bmieciarka to idealna zabawka dla najm\u0142odszych. Najnowszy pojazd z serii Tech truck o d\u0142ugo\u015bci 28 cm wyposa\u017cony jest w kontener na \u015bmieci, ruchomy podno\u015bnik umo\u017cliwiaj\u0105cy opr\u00f3\u017cnianie kontenera oraz otwieran\u0105 tyln\u0105 klap\u0119. \u015amieciarka charakteryzuje si\u0119 precyzj\u0105 wykonania, odwzorowaniem realnego pojazdu i ciekaw\u0105 kolorystyk\u0105. Te wszystkie cechy czyni\u0105 z pojazdu doskona\u0142\u0105 zabawk\u0119 dla maluszka zar\u00f3wno w domu jak i w piaskownicy.<\/p>\n<h2>Wader Tech Truck \u015amieciarka Wader<\/h2>\n<p>atrakcje wroc\u0142aw i okolice, zaproszenia urodzinowe do wydruku chomikuj, pi\u0119kne cytaty o nauczycielach, wierszyki na lany poniedzia\u0142ek, agroturystyka dla dzieci ze zwierz\u0119tami, basen dla dzieci warszawa, narodziny dziecka cytat, hejka tu lenka quizy, zagadki dla dzieci 10 12 lat z odpowiedziami, kolorowanki dla dziewczynek 10 lat, na roczek dla dziewczynki, zagatki matematyczne<\/p>\n<p>yyyyy<\/p>\n<p>&nbsp;<\/p>\n","protected":false},"excerpt":{"rendered":"<p>Tech Truck \u015bmieciarka to idealna zabawka dla najm\u0142odszych. Najnowszy pojazd z serii Tech truck o d\u0142ugo\u015bci 28 cm wyposa\u017cony jest w kontener na \u015bmieci, ruchomy podno\u015bnik umo\u017cliwiaj\u0105cy opr\u00f3\u017cnianie kontenera oraz otwieran\u0105 tyln\u0105 klap\u0119. \u015amieciarka charakteryzuje si\u0119 precyzj\u0105 wykonania, odwzorowaniem realnego pojazdu i ciekaw\u0105 kolorystyk\u0105. Te wszystkie cechy czyni\u0105 z pojazdu doskona\u0142\u0105 zabawk\u0119 dla maluszka zar\u00f3wno [&hellip;]<\/p>\n","protected":false},"featured_media":7607,"comment_status":"closed","ping_status":"open","template":"","meta":[],"product_cat":[83,514],"product_tag":[831,583,589,641],"class_list":["post-7606","product","type-product","status-publish","has-post-thumbnail","hentry","product_cat-auta-i-inne-pojazdy-do-zabawy","product_cat-wader","product_tag-bruno","product_tag-kolysanki-dla-dzieci-tekst","product_tag-prezent-dla-rocznego-dziecka","product_tag-trudne-zagadki-logiczne"],"_links":{"self":[{"href":"http:\/\/klubmamgdynia.pl\/index.php\/wp-json\/wp\/v2\/product\/7606","targetHints":{"allow":["GET"]}}],"collection":[{"href":"http:\/\/klubmamgdynia.pl\/index.php\/wp-json\/wp\/v2\/product"}],"about":[{"href":"http:\/\/klubmamgdynia.pl\/index.php\/wp-json\/wp\/v2\/types\/product"}],"replies":[{"embeddable":true,"href":"http:\/\/klubmamgdynia.pl\/index.php\/wp-json\/wp\/v2\/comments?post=7606"}],"wp:featuredmedia":[{"embeddable":true,"href":"http:\/\/klubmamgdynia.pl\/index.php\/wp-json\/wp\/v2\/media\/7607"}],"wp:attachment":[{"href":"http:\/\/klubmamgdynia.pl\/index.php\/wp-json\/wp\/v2\/media?parent=7606"}],"wp:term":[{"taxonomy":"product_cat","embeddable":true,"href":"http:\/\/klubmamgdynia.pl\/index.php\/wp-json\/wp\/v2\/product_cat?post=7606"},{"taxonomy":"product_tag","embeddable":true,"href":"http:\/\/klubmamgdynia.pl\/index.php\/wp-json\/wp\/v2\/product_tag?post=7606"}],"curies":[{"name":"wp","href":"https:\/\/api.w.org\/{rel}","templated":true}]}}