{"id":7608,"date":"2019-04-22T19:03:41","date_gmt":"2019-04-22T17:03:41","guid":{"rendered":"http:\/\/klubmamgdynia.pl\/index.php\/produkt\/wader-grabki-nr20-aluminiowe-41104\/"},"modified":"2026-04-05T19:04:52","modified_gmt":"2026-04-05T17:04:52","slug":"wader-grabki-nr20-aluminiowe-41104","status":"publish","type":"product","link":"http:\/\/klubmamgdynia.pl\/index.php\/produkt\/wader-grabki-nr20-aluminiowe-41104\/","title":{"rendered":"Wader Grabki Nr20 Aluminiowe 41104"},"content":{"rendered":"<p>Grabki o d\u0142ugo\u015bci 34 cm z aluminiowym kijem s\u0105 przeznaczone do zabawy w domu, na pla\u017cy i na podw\u00f3rku. Zach\u0119caj\u0105 do tw\u00f3rczej zabawy, pobudzaj\u0105c wyobra\u017ani\u0119 i kreatywno\u015b\u0107.<\/p>\n<h2>Wader Grabki Nr20 Aluminiowe 41104 Wader<\/h2>\n<p>zadania dla 7 latka do druku, samolot z papieru, bajeczki na dobranoc, cicha noc po angielsku, mini kanapki dla dzieci, sentencja rodzina, \u015bmieszne kanapki kanapki dla dzieci, cytaty o dzieciach i rodzicach, hobbit, upominek dla nastolatk\u00f3w, zagadki dla dzieci 10-12 lat trudne, kolorowanka my little pony, najlepsze zagadki, zagadki podchwytliwe z odpowiedziami, kostek imi\u0119, piosenka dla taty przedszkole, podchwytliwe zagadki dla dzieci, kolorowanki lego ninjago, kawaly na prima aprilis<\/p>\n<p>yyyyy<\/p>\n<p>&nbsp;<\/p>\n","protected":false},"excerpt":{"rendered":"<p>Grabki o d\u0142ugo\u015bci 34 cm z aluminiowym kijem s\u0105 przeznaczone do zabawy w domu, na pla\u017cy i na podw\u00f3rku. Zach\u0119caj\u0105 do tw\u00f3rczej zabawy, pobudzaj\u0105c wyobra\u017ani\u0119 i kreatywno\u015b\u0107. Wader Grabki Nr20 Aluminiowe 41104 Wader zadania dla 7 latka do druku, samolot z papieru, bajeczki na dobranoc, cicha noc po angielsku, mini kanapki dla dzieci, sentencja rodzina, [&hellip;]<\/p>\n","protected":false},"featured_media":7609,"comment_status":"closed","ping_status":"open","template":"","meta":[],"product_cat":[514,286],"product_tag":[829,639,782,788],"class_list":["post-7608","product","type-product","status-publish","has-post-thumbnail","hentry","product_cat-wader","product_cat-zabawki-do-piasku","product_tag-bajki-do-czytania-na-dobranoc","product_tag-nela-imie","product_tag-zagadki-dla-dzieci-z-odpowiedziami","product_tag-zagadki-krotkie"],"_links":{"self":[{"href":"http:\/\/klubmamgdynia.pl\/index.php\/wp-json\/wp\/v2\/product\/7608","targetHints":{"allow":["GET"]}}],"collection":[{"href":"http:\/\/klubmamgdynia.pl\/index.php\/wp-json\/wp\/v2\/product"}],"about":[{"href":"http:\/\/klubmamgdynia.pl\/index.php\/wp-json\/wp\/v2\/types\/product"}],"replies":[{"embeddable":true,"href":"http:\/\/klubmamgdynia.pl\/index.php\/wp-json\/wp\/v2\/comments?post=7608"}],"wp:featuredmedia":[{"embeddable":true,"href":"http:\/\/klubmamgdynia.pl\/index.php\/wp-json\/wp\/v2\/media\/7609"}],"wp:attachment":[{"href":"http:\/\/klubmamgdynia.pl\/index.php\/wp-json\/wp\/v2\/media?parent=7608"}],"wp:term":[{"taxonomy":"product_cat","embeddable":true,"href":"http:\/\/klubmamgdynia.pl\/index.php\/wp-json\/wp\/v2\/product_cat?post=7608"},{"taxonomy":"product_tag","embeddable":true,"href":"http:\/\/klubmamgdynia.pl\/index.php\/wp-json\/wp\/v2\/product_tag?post=7608"}],"curies":[{"name":"wp","href":"https:\/\/api.w.org\/{rel}","templated":true}]}}