{"id":7610,"date":"2019-11-17T18:42:23","date_gmt":"2019-11-17T17:42:23","guid":{"rendered":"http:\/\/klubmamgdynia.pl\/index.php\/produkt\/little-dutch-zawieszka-interaktywna-ocean-roz\/"},"modified":"2026-04-05T22:59:55","modified_gmt":"2026-04-05T20:59:55","slug":"little-dutch-zawieszka-interaktywna-ocean-roz","status":"publish","type":"product","link":"http:\/\/klubmamgdynia.pl\/index.php\/produkt\/little-dutch-zawieszka-interaktywna-ocean-roz\/","title":{"rendered":"Little Dutch Zawieszka Interaktywna Ocean R\u00f3\u017c"},"content":{"rendered":"<p>LITTLE DUTCH Zawieszka interaktywna Ocean B\u0142\u0119kitZawieszk\u0119 do w\u00f3zka Little Dutch z kolekcji Ocean mo\u017cna \u0142atwo przymocowa\u0107 do fotelika samochodowego lub w\u00f3zka dzieci\u0119cego i zapewnia mn\u00f3stwo zabawy i przyjemno\u015bci w drodze dzi\u0119ki zabawkom z grzechotk\u0105, lustrem, przyciskiem do szczypania i zgniataczem. Stymuluje r\u00f3wnie\u017c koordynacj\u0119 r\u0119ka-oko.Wiek: od urodzeniaKolor: odcie\u0144 b\u0142\u0119kituInstrukcja prania: Pranie r\u0119czne<\/p>\n<h2>Little Dutch Zawieszka Interaktywna Ocean R\u00f3\u017c Little Dutch<\/h2>\n<p>zagadki wielkanocne dla doros\u0142ych, jak narysowa\u0107 konia, test z opowie\u015bci z narnii lew czarownica i stara szafa, wierszyki na lany poniedzia\u0142ek, ko\u0142ysanki teksty, test z lektury mitologia grecka, kolorowanki wed\u0142ug kodu do druku, kolorowanki do druku dla ch\u0142opc\u00f3w, kolorowanki kotki do druku, kolorowanki antystresowe, miko\u0142ajek quiz, ptak b\u0105k, znaczenie imienia alan, roza imie, kinderbal przepisy, filmy wigilijne dla dzieci, swinka peppa do czytania, starodawne \u017cyczenia bo\u017conarodzeniowe, pomysly na prezent na roczek, kwiaty polne nazwy i zdj\u0119cia<\/p>\n<p>yyyyy<\/p>\n<p>&nbsp;<\/p>\n","protected":false},"excerpt":{"rendered":"<p>LITTLE DUTCH Zawieszka interaktywna Ocean B\u0142\u0119kitZawieszk\u0119 do w\u00f3zka Little Dutch z kolekcji Ocean mo\u017cna \u0142atwo przymocowa\u0107 do fotelika samochodowego lub w\u00f3zka dzieci\u0119cego i zapewnia mn\u00f3stwo zabawy i przyjemno\u015bci w drodze dzi\u0119ki zabawkom z grzechotk\u0105, lustrem, przyciskiem do szczypania i zgniataczem. Stymuluje r\u00f3wnie\u017c koordynacj\u0119 r\u0119ka-oko.Wiek: od urodzeniaKolor: odcie\u0144 b\u0142\u0119kituInstrukcja prania: Pranie r\u0119czne Little Dutch Zawieszka Interaktywna [&hellip;]<\/p>\n","protected":false},"featured_media":7611,"comment_status":"closed","ping_status":"open","template":"","meta":[],"product_cat":[167,26],"product_tag":[831,866,756],"class_list":["post-7610","product","type-product","status-publish","has-post-thumbnail","hentry","product_cat-little-dutch","product_cat-zabawki-do-wozka-lozeczka-i-fotelika","product_tag-bruno","product_tag-opis-do-zdjecia-dziecka-na-fb","product_tag-zaproszenie-na-urodziny-do-druku"],"_links":{"self":[{"href":"http:\/\/klubmamgdynia.pl\/index.php\/wp-json\/wp\/v2\/product\/7610","targetHints":{"allow":["GET"]}}],"collection":[{"href":"http:\/\/klubmamgdynia.pl\/index.php\/wp-json\/wp\/v2\/product"}],"about":[{"href":"http:\/\/klubmamgdynia.pl\/index.php\/wp-json\/wp\/v2\/types\/product"}],"replies":[{"embeddable":true,"href":"http:\/\/klubmamgdynia.pl\/index.php\/wp-json\/wp\/v2\/comments?post=7610"}],"wp:featuredmedia":[{"embeddable":true,"href":"http:\/\/klubmamgdynia.pl\/index.php\/wp-json\/wp\/v2\/media\/7611"}],"wp:attachment":[{"href":"http:\/\/klubmamgdynia.pl\/index.php\/wp-json\/wp\/v2\/media?parent=7610"}],"wp:term":[{"taxonomy":"product_cat","embeddable":true,"href":"http:\/\/klubmamgdynia.pl\/index.php\/wp-json\/wp\/v2\/product_cat?post=7610"},{"taxonomy":"product_tag","embeddable":true,"href":"http:\/\/klubmamgdynia.pl\/index.php\/wp-json\/wp\/v2\/product_tag?post=7610"}],"curies":[{"name":"wp","href":"https:\/\/api.w.org\/{rel}","templated":true}]}}