{"id":7612,"date":"2014-06-21T09:07:10","date_gmt":"2014-06-21T07:07:10","guid":{"rendered":"http:\/\/klubmamgdynia.pl\/index.php\/produkt\/klein-lopatka-i-grabki-do-piaskownicy-bio\/"},"modified":"2026-04-05T15:42:57","modified_gmt":"2026-04-05T13:42:57","slug":"klein-lopatka-i-grabki-do-piaskownicy-bio","status":"publish","type":"product","link":"http:\/\/klubmamgdynia.pl\/index.php\/produkt\/klein-lopatka-i-grabki-do-piaskownicy-bio\/","title":{"rendered":"Klein \u0141opatka I Grabki Do Piaskownicy Bio"},"content":{"rendered":"<p>Zestaw \u0142opatka i grabki do piaskownicy zosta\u0142 wykonany z bioplastiku, z naturalnie odnawialnych surowc\u00f3w. Nadaj\u0105 si\u0119 dla dzieci ju\u017c od 12. miesi\u0105ca \u017cycia.<\/p>\n<h2>Klein \u0141opatka I Grabki Do Piaskownicy Bio Klein<\/h2>\n<p>kolorowanki konie, plac zamkowy, kolorowanki \u015bwi\u0119to niepodleg\u0142o\u015bci do druku, o\u015brodki wczasowe nad morzem dla rodzin z dzie\u0107mi, imie gaja, pytania wielkanocne, asiunia test z lektury, imi\u0119 r\u00f3\u017ca, pieski ma\u0142e dwa tekst, zaproszenia na urodziny do druku, karty pracy polsko ukrai\u0144skie, zagadki dla 7 latk\u00f3w, \u0142\u00f3d\u017a atrakcje dla dzieci, wakacyjne kolorowanki, psi patrol do druku, domki nad morzem z atrakcjami dla dzieci, co kupi\u0107 ch\u0142opcu na roczek, bajka na dobranoc, opis do zdj\u0119cia z dzieckiem<\/p>\n<p>yyyyy<\/p>\n<p>&nbsp;<\/p>\n","protected":false},"excerpt":{"rendered":"<p>Zestaw \u0142opatka i grabki do piaskownicy zosta\u0142 wykonany z bioplastiku, z naturalnie odnawialnych surowc\u00f3w. Nadaj\u0105 si\u0119 dla dzieci ju\u017c od 12. miesi\u0105ca \u017cycia. Klein \u0141opatka I Grabki Do Piaskownicy Bio Klein kolorowanki konie, plac zamkowy, kolorowanki \u015bwi\u0119to niepodleg\u0142o\u015bci do druku, o\u015brodki wczasowe nad morzem dla rodzin z dzie\u0107mi, imie gaja, pytania wielkanocne, asiunia test z [&hellip;]<\/p>\n","protected":false},"featured_media":7613,"comment_status":"closed","ping_status":"open","template":"","meta":[],"product_cat":[52,286],"product_tag":[730,599,606],"class_list":["post-7612","product","type-product","status-publish","has-post-thumbnail","hentry","product_cat-klein","product_cat-zabawki-do-piasku","product_tag-karyna","product_tag-prezent-dla-nastolatkow-2021","product_tag-stala-pod-sniegiem"],"_links":{"self":[{"href":"http:\/\/klubmamgdynia.pl\/index.php\/wp-json\/wp\/v2\/product\/7612","targetHints":{"allow":["GET"]}}],"collection":[{"href":"http:\/\/klubmamgdynia.pl\/index.php\/wp-json\/wp\/v2\/product"}],"about":[{"href":"http:\/\/klubmamgdynia.pl\/index.php\/wp-json\/wp\/v2\/types\/product"}],"replies":[{"embeddable":true,"href":"http:\/\/klubmamgdynia.pl\/index.php\/wp-json\/wp\/v2\/comments?post=7612"}],"wp:featuredmedia":[{"embeddable":true,"href":"http:\/\/klubmamgdynia.pl\/index.php\/wp-json\/wp\/v2\/media\/7613"}],"wp:attachment":[{"href":"http:\/\/klubmamgdynia.pl\/index.php\/wp-json\/wp\/v2\/media?parent=7612"}],"wp:term":[{"taxonomy":"product_cat","embeddable":true,"href":"http:\/\/klubmamgdynia.pl\/index.php\/wp-json\/wp\/v2\/product_cat?post=7612"},{"taxonomy":"product_tag","embeddable":true,"href":"http:\/\/klubmamgdynia.pl\/index.php\/wp-json\/wp\/v2\/product_tag?post=7612"}],"curies":[{"name":"wp","href":"https:\/\/api.w.org\/{rel}","templated":true}]}}