{"id":7618,"date":"2020-11-28T21:17:26","date_gmt":"2020-11-28T20:17:26","guid":{"rendered":"http:\/\/klubmamgdynia.pl\/index.php\/produkt\/fillikid-spiwor-verde-r-90-cm\/"},"modified":"2026-04-03T21:26:42","modified_gmt":"2026-04-03T19:26:42","slug":"fillikid-spiwor-verde-r-90-cm","status":"publish","type":"product","link":"http:\/\/klubmamgdynia.pl\/index.php\/produkt\/fillikid-spiwor-verde-r-90-cm\/","title":{"rendered":"Fillikid \u015apiw\u00f3r Verde R. 90 Cm"},"content":{"rendered":"<p>Szczeg\u00f3\u0142y produktu: \u015apiw\u00f3r na ciep\u0142e letnie noce Dost\u0119pne w d\u0142ugo\u015bciach 70 cm i 90 cm Zamek b\u0142yskawiczny z os\u0142on\u0105 podbr\u00f3dka Ergonomiczny kszta\u0142t Kolor: zielony Materia\u0142 i wskaz\u00f3wki dotycz\u0105ce piel\u0119gnacji: Materia\u0142: 100% bawe\u0142na Mo\u017cna pra\u0107 w temperaturze 40\u00b0C<\/p>\n<h2>Fillikid \u015apiw\u00f3r Verde R. 90 Cm Fillikid<\/h2>\n<p>koty kolorowanka, lew czarownica i stara szafa test, 20 pytania do lektury ma\u0142y ksi\u0105\u017c\u0119, ja\u015bmina imi\u0119, rysunki do druku, test magiczne drzewo czerwone krzes\u0142o, kolorowanka ksi\u0119\u017cniczka, kolorowanki pokemon do druku, kielich z hosti\u0105 do druku, bajki do czytania dla 6 latka, gdzie strumyk p\u0142ynie z wolna, wzory zaprosze\u0144 zaproszenie na urodziny do druku pdf, znaczenie imienia alan<\/p>\n<p>yyyyy<\/p>\n<p>&nbsp;<\/p>\n","protected":false},"excerpt":{"rendered":"<p>Szczeg\u00f3\u0142y produktu: \u015apiw\u00f3r na ciep\u0142e letnie noce Dost\u0119pne w d\u0142ugo\u015bciach 70 cm i 90 cm Zamek b\u0142yskawiczny z os\u0142on\u0105 podbr\u00f3dka Ergonomiczny kszta\u0142t Kolor: zielony Materia\u0142 i wskaz\u00f3wki dotycz\u0105ce piel\u0119gnacji: Materia\u0142: 100% bawe\u0142na Mo\u017cna pra\u0107 w temperaturze 40\u00b0C Fillikid \u015apiw\u00f3r Verde R. 90 Cm Fillikid koty kolorowanka, lew czarownica i stara szafa test, 20 pytania do [&hellip;]<\/p>\n","protected":false},"featured_media":7619,"comment_status":"closed","ping_status":"open","template":"","meta":[],"product_cat":[1092,395],"product_tag":[867,618,655,846],"class_list":["post-7618","product","type-product","status-publish","has-post-thumbnail","hentry","product_cat-fillikid","product_cat-spiworki","product_tag-kolorowanki-dla-dziewczynek","product_tag-lato-lato-lato-czeka-tekst","product_tag-najlepsze-zagadki","product_tag-rysowanki"],"_links":{"self":[{"href":"http:\/\/klubmamgdynia.pl\/index.php\/wp-json\/wp\/v2\/product\/7618","targetHints":{"allow":["GET"]}}],"collection":[{"href":"http:\/\/klubmamgdynia.pl\/index.php\/wp-json\/wp\/v2\/product"}],"about":[{"href":"http:\/\/klubmamgdynia.pl\/index.php\/wp-json\/wp\/v2\/types\/product"}],"replies":[{"embeddable":true,"href":"http:\/\/klubmamgdynia.pl\/index.php\/wp-json\/wp\/v2\/comments?post=7618"}],"wp:featuredmedia":[{"embeddable":true,"href":"http:\/\/klubmamgdynia.pl\/index.php\/wp-json\/wp\/v2\/media\/7619"}],"wp:attachment":[{"href":"http:\/\/klubmamgdynia.pl\/index.php\/wp-json\/wp\/v2\/media?parent=7618"}],"wp:term":[{"taxonomy":"product_cat","embeddable":true,"href":"http:\/\/klubmamgdynia.pl\/index.php\/wp-json\/wp\/v2\/product_cat?post=7618"},{"taxonomy":"product_tag","embeddable":true,"href":"http:\/\/klubmamgdynia.pl\/index.php\/wp-json\/wp\/v2\/product_tag?post=7618"}],"curies":[{"name":"wp","href":"https:\/\/api.w.org\/{rel}","templated":true}]}}