{"id":7620,"date":"2020-05-16T01:50:03","date_gmt":"2020-05-15T23:50:03","guid":{"rendered":"http:\/\/klubmamgdynia.pl\/index.php\/produkt\/zollner-male-gniazdo-juliusa-mountain-bear\/"},"modified":"2026-04-06T06:23:28","modified_gmt":"2026-04-06T04:23:28","slug":"zollner-male-gniazdo-juliusa-mountain-bear","status":"publish","type":"product","link":"http:\/\/klubmamgdynia.pl\/index.php\/produkt\/zollner-male-gniazdo-juliusa-mountain-bear\/","title":{"rendered":"Z\u00f6llner Ma\u0142e Gniazdo Juliusa Mountain Bear"},"content":{"rendered":"<p>Gniazda stanowi\u0105 dobr\u0105 ochron\u0119 dla dziecka. Je\u015bli maluchy poruszaj\u0105 si\u0119 w nocy, s\u0105 chronione przed urazami spowodowanymi przez mi\u0119kkie gniazdo, nawet w drewnianych szopkach. szczeg\u00f3\u0142y dotycz\u0105ce produktu: Dessin: Mountain Bear Wymiary: 180 x 35 cm Tkanina zewn\u0119trzna: 100% bawe\u0142na Wype\u0142nienie: 100% poliester w\u0142\u00f3knina Mo\u017cna pra\u0107 w temperaturze do 30 \u00b0C Made in Germany<\/p>\n<h2>Z\u00f6llner Ma\u0142e Gniazdo Juliusa Mountain Bear Z\u00f6llner<\/h2>\n<p>zagadki dla dzieci 6-7 lat, zagadki na bal karnawa\u0142owy w przedszkolu, miasto dzieci, zagadki o bajkach, prezenty na roczek, zima z\u0142a tekst, p\u0142ywalnie warszawa, jak narysowa\u0107 oko, filmy disneya, krecik bajka, gdzie na ferie zimowe 2022, peppa kolorowanka, jaki prezent na roczek dla ch\u0142opca, mia imie, spongebob kolorowanka, zagadki \u015bmieszne podchwytliwe, znaczenie imiona justyna, zagadki dla 7 latka, roczek prezenty<\/p>\n<p>yyyyy<\/p>\n<p>&nbsp;<\/p>\n","protected":false},"excerpt":{"rendered":"<p>Gniazda stanowi\u0105 dobr\u0105 ochron\u0119 dla dziecka. Je\u015bli maluchy poruszaj\u0105 si\u0119 w nocy, s\u0105 chronione przed urazami spowodowanymi przez mi\u0119kkie gniazdo, nawet w drewnianych szopkach. szczeg\u00f3\u0142y dotycz\u0105ce produktu: Dessin: Mountain Bear Wymiary: 180 x 35 cm Tkanina zewn\u0119trzna: 100% bawe\u0142na Wype\u0142nienie: 100% poliester w\u0142\u00f3knina Mo\u017cna pra\u0107 w temperaturze do 30 \u00b0C Made in Germany Z\u00f6llner Ma\u0142e [&hellip;]<\/p>\n","protected":false},"featured_media":7621,"comment_status":"closed","ping_status":"open","template":"","meta":[],"product_cat":[1625,1069],"product_tag":[772,674,605,594,710],"class_list":["post-7620","product","type-product","status-publish","has-post-thumbnail","hentry","product_cat-ochraniacze-do-lozeczka","product_cat-zollner","product_tag-45-panstw-europy-i-ich-stolice-quiz","product_tag-miasto-dzieci","product_tag-milena","product_tag-podchwytliwe-zagadki-dla-dzieci","product_tag-zagadki-dla-dzieci-10-12-lat"],"_links":{"self":[{"href":"http:\/\/klubmamgdynia.pl\/index.php\/wp-json\/wp\/v2\/product\/7620","targetHints":{"allow":["GET"]}}],"collection":[{"href":"http:\/\/klubmamgdynia.pl\/index.php\/wp-json\/wp\/v2\/product"}],"about":[{"href":"http:\/\/klubmamgdynia.pl\/index.php\/wp-json\/wp\/v2\/types\/product"}],"replies":[{"embeddable":true,"href":"http:\/\/klubmamgdynia.pl\/index.php\/wp-json\/wp\/v2\/comments?post=7620"}],"wp:featuredmedia":[{"embeddable":true,"href":"http:\/\/klubmamgdynia.pl\/index.php\/wp-json\/wp\/v2\/media\/7621"}],"wp:attachment":[{"href":"http:\/\/klubmamgdynia.pl\/index.php\/wp-json\/wp\/v2\/media?parent=7620"}],"wp:term":[{"taxonomy":"product_cat","embeddable":true,"href":"http:\/\/klubmamgdynia.pl\/index.php\/wp-json\/wp\/v2\/product_cat?post=7620"},{"taxonomy":"product_tag","embeddable":true,"href":"http:\/\/klubmamgdynia.pl\/index.php\/wp-json\/wp\/v2\/product_tag?post=7620"}],"curies":[{"name":"wp","href":"https:\/\/api.w.org\/{rel}","templated":true}]}}