{"id":7622,"date":"2020-10-05T00:46:11","date_gmt":"2020-10-04T22:46:11","guid":{"rendered":"http:\/\/klubmamgdynia.pl\/index.php\/produkt\/meyco-spiwor-letni-o-strukturze-plastra-miodu-forest-green-r-90cm\/"},"modified":"2026-04-06T08:24:24","modified_gmt":"2026-04-06T06:24:24","slug":"meyco-spiwor-letni-o-strukturze-plastra-miodu-forest-green-r-90cm","status":"publish","type":"product","link":"http:\/\/klubmamgdynia.pl\/index.php\/produkt\/meyco-spiwor-letni-o-strukturze-plastra-miodu-forest-green-r-90cm\/","title":{"rendered":"Meyco \u015apiw\u00f3r Letni O Strukturze Plastra Miodu Forest Green R. 90Cm"},"content":{"rendered":"<p>Szczeg\u00f3\u0142y produktu: Oddychaj\u0105cy i przyjemnie przewiewny D\u0142ugi zamek b\u0142yskawiczny Warto\u015b\u0107 TOG: 0,5 Materia\u0142 i piel\u0119gnacja: Materia\u0142: 100% bawe\u0142na Mo\u017cna pra\u0107 w temperaturze do 40 \u00b0C Suszy\u0107 w suszarce b\u0119bnowej<\/p>\n<h2>Meyco \u015apiw\u00f3r Letni O Strukturze Plastra Miodu Forest Green R. 90Cm <\/h2>\n<p>miko\u0142ajek &#8211; test z odpowiedziami, test z dynastii mizio\u0142k\u00f3w, zagadki o bajkach, zabawy z pi\u0142k\u0105 dla dzieci, zagadki halloween dla dzieci, prezenty dla nastolatk\u00f3w, atrakcje dla dzieci tr\u00f3jmiasto, spiderman do druku, lew czarownica i stara szafa test, wzory zaprosze\u0144 zaproszenie na urodziny szablon do druku, maska karnawa\u0142owa pdf, co kupi\u0107 na roczek dla dziewczynki, maski do druku kolorowe, nadie\u017cda imi\u0119, malowanki dla dzieci<\/p>\n<p>yyyyy<\/p>\n<p>&nbsp;<\/p>\n","protected":false},"excerpt":{"rendered":"<p>Szczeg\u00f3\u0142y produktu: Oddychaj\u0105cy i przyjemnie przewiewny D\u0142ugi zamek b\u0142yskawiczny Warto\u015b\u0107 TOG: 0,5 Materia\u0142 i piel\u0119gnacja: Materia\u0142: 100% bawe\u0142na Mo\u017cna pra\u0107 w temperaturze do 40 \u00b0C Suszy\u0107 w suszarce b\u0119bnowej Meyco \u015apiw\u00f3r Letni O Strukturze Plastra Miodu Forest Green R. 90Cm miko\u0142ajek &#8211; test z odpowiedziami, test z dynastii mizio\u0142k\u00f3w, zagadki o bajkach, zabawy z pi\u0142k\u0105 [&hellip;]<\/p>\n","protected":false},"featured_media":7623,"comment_status":"closed","ping_status":"open","template":"","meta":[],"product_cat":[395],"product_tag":[821,642,787,653],"class_list":["post-7622","product","type-product","status-publish","has-post-thumbnail","hentry","product_cat-spiworki","product_tag-marianna","product_tag-mia-imie","product_tag-nauka-pisania-wyrazow-dla-dzieci-do-druku-pdf","product_tag-warszawa-dla-dzieci"],"_links":{"self":[{"href":"http:\/\/klubmamgdynia.pl\/index.php\/wp-json\/wp\/v2\/product\/7622","targetHints":{"allow":["GET"]}}],"collection":[{"href":"http:\/\/klubmamgdynia.pl\/index.php\/wp-json\/wp\/v2\/product"}],"about":[{"href":"http:\/\/klubmamgdynia.pl\/index.php\/wp-json\/wp\/v2\/types\/product"}],"replies":[{"embeddable":true,"href":"http:\/\/klubmamgdynia.pl\/index.php\/wp-json\/wp\/v2\/comments?post=7622"}],"wp:featuredmedia":[{"embeddable":true,"href":"http:\/\/klubmamgdynia.pl\/index.php\/wp-json\/wp\/v2\/media\/7623"}],"wp:attachment":[{"href":"http:\/\/klubmamgdynia.pl\/index.php\/wp-json\/wp\/v2\/media?parent=7622"}],"wp:term":[{"taxonomy":"product_cat","embeddable":true,"href":"http:\/\/klubmamgdynia.pl\/index.php\/wp-json\/wp\/v2\/product_cat?post=7622"},{"taxonomy":"product_tag","embeddable":true,"href":"http:\/\/klubmamgdynia.pl\/index.php\/wp-json\/wp\/v2\/product_tag?post=7622"}],"curies":[{"name":"wp","href":"https:\/\/api.w.org\/{rel}","templated":true}]}}