{"id":7624,"date":"2021-02-13T22:51:40","date_gmt":"2021-02-13T21:51:40","guid":{"rendered":"http:\/\/klubmamgdynia.pl\/index.php\/produkt\/dolce-toys-primo-activity-owl\/"},"modified":"2026-04-06T02:12:15","modified_gmt":"2026-04-06T00:12:15","slug":"dolce-toys-primo-activity-owl","status":"publish","type":"product","link":"http:\/\/klubmamgdynia.pl\/index.php\/produkt\/dolce-toys-primo-activity-owl\/","title":{"rendered":"Dolce Toys Primo Activity Owl"},"content":{"rendered":"<p>Pokochasz t\u0119 pi\u0119kn\u0105 i urocz\u0105 sow\u0119. Ta \u015bliczna sowa mo\u017ce by\u0107 zar\u00f3wno \u015bpi\u0105ca, jak i przebudzona, poniewa\u017c posiada unikaln\u0105 i urocz\u0105 funkcj\u0119 podnoszenia powiek. Na ka\u017cdej stronie znajduj\u0105 si\u0119 r\u00f3wnie\u017c grzechotki i marszczenia. Z pewno\u015bci\u0105 spodoba Ci si\u0119 wydawanie z niego piszcz\u0105cych i grzechocz\u0105cych d\u017awi\u0119k\u00f3w. Do zestawu do\u0142\u0105czony jest kolorowy, odczepiany kwiatek, kt\u00f3ry mo\u017ce piszcze\u0107 na kieszonce. Sowa ma zap\u0119tlone uszy, kt\u00f3rymi mo\u017cna si\u0119 bawi\u0107 dla zabawy i poprawy rozwoju rozpoznawania kolor\u00f3w. To w\u0142a\u015bnie wyr\u00f3\u017cnia sow\u0119: Przytulanie, zabawa, odkrywanie, nauka Mi\u0119kkie i strukturalne powierzchnie w dotyku Wst\u0105\u017cki, hafty i inne detale do uchwycenia Wiele dzia\u0142a\u0144 promuje umiej\u0119tno\u015bci motoryczne i koordynacj\u0119. Jasne kolory i kontrasty Grzechotki, piski i trzaski Funkcja podnoszenia pokrywy Szczeg\u00f3\u0142y produktu: Wymiary (d\u0142ugo\u015b\u0107 x szeroko\u015b\u0107 x wysoko\u015b\u0107): 21 x 25 x 21 cm. Materia\u0142: 90 % poliester \/ 10 % bawe\u0142na waga: 0,35 kg Czyszczenie: delikatne pranie w temp. 30 Wiek: od urodzenia<\/p>\n<h2>Dolce Toys Primo Activity Owl <\/h2>\n<p>kolorowanki star wars, test narnia lew czarownica i stara szafa, kr\u00f3tkie zagadki dla dzieci, bajki dla niemowl\u0105t do czytania, wzruszaj\u0105ce s\u0142owa dla przyjaci\u00f3\u0142ki, kr\u00f3tkie bajki na dobranoc do czytania, pranki na prima aprilis dla rodzic\u00f3w, \u017carty na prima aprilis w domu, jak zrobi\u0107 du\u017ce jajo wielkanocne, co dla rocznego dziecka, nadia imi\u0119, mega trudne zagadki logiczne, kr\u00f3tkie bajki do czytania, milan znaczenie imienia, zagadki dla dzieci 6 lat<\/p>\n<p>yyyyy<\/p>\n<p>&nbsp;<\/p>\n","protected":false},"excerpt":{"rendered":"<p>Pokochasz t\u0119 pi\u0119kn\u0105 i urocz\u0105 sow\u0119. Ta \u015bliczna sowa mo\u017ce by\u0107 zar\u00f3wno \u015bpi\u0105ca, jak i przebudzona, poniewa\u017c posiada unikaln\u0105 i urocz\u0105 funkcj\u0119 podnoszenia powiek. Na ka\u017cdej stronie znajduj\u0105 si\u0119 r\u00f3wnie\u017c grzechotki i marszczenia. Z pewno\u015bci\u0105 spodoba Ci si\u0119 wydawanie z niego piszcz\u0105cych i grzechocz\u0105cych d\u017awi\u0119k\u00f3w. Do zestawu do\u0142\u0105czony jest kolorowy, odczepiany kwiatek, kt\u00f3ry mo\u017ce piszcze\u0107 [&hellip;]<\/p>\n","protected":false},"featured_media":7625,"comment_status":"closed","ping_status":"open","template":"","meta":[],"product_cat":[26],"product_tag":[864,837,673,624],"class_list":["post-7624","product","type-product","status-publish","has-post-thumbnail","hentry","product_cat-zabawki-do-wozka-lozeczka-i-fotelika","product_tag-basen-warszawa","product_tag-cicha-noc-po-angielsku","product_tag-juz-blisko-koleda-tekst","product_tag-krotkie-zagadki"],"_links":{"self":[{"href":"http:\/\/klubmamgdynia.pl\/index.php\/wp-json\/wp\/v2\/product\/7624","targetHints":{"allow":["GET"]}}],"collection":[{"href":"http:\/\/klubmamgdynia.pl\/index.php\/wp-json\/wp\/v2\/product"}],"about":[{"href":"http:\/\/klubmamgdynia.pl\/index.php\/wp-json\/wp\/v2\/types\/product"}],"replies":[{"embeddable":true,"href":"http:\/\/klubmamgdynia.pl\/index.php\/wp-json\/wp\/v2\/comments?post=7624"}],"wp:featuredmedia":[{"embeddable":true,"href":"http:\/\/klubmamgdynia.pl\/index.php\/wp-json\/wp\/v2\/media\/7625"}],"wp:attachment":[{"href":"http:\/\/klubmamgdynia.pl\/index.php\/wp-json\/wp\/v2\/media?parent=7624"}],"wp:term":[{"taxonomy":"product_cat","embeddable":true,"href":"http:\/\/klubmamgdynia.pl\/index.php\/wp-json\/wp\/v2\/product_cat?post=7624"},{"taxonomy":"product_tag","embeddable":true,"href":"http:\/\/klubmamgdynia.pl\/index.php\/wp-json\/wp\/v2\/product_tag?post=7624"}],"curies":[{"name":"wp","href":"https:\/\/api.w.org\/{rel}","templated":true}]}}