{"id":7626,"date":"2022-02-09T01:54:04","date_gmt":"2022-02-09T00:54:04","guid":{"rendered":"http:\/\/klubmamgdynia.pl\/index.php\/produkt\/wader-wywrotka-zolta-44839\/"},"modified":"2026-04-29T22:14:29","modified_gmt":"2026-04-29T20:14:29","slug":"wader-wywrotka-zolta-44839","status":"publish","type":"product","link":"http:\/\/klubmamgdynia.pl\/index.php\/produkt\/wader-wywrotka-zolta-44839\/","title":{"rendered":"Wader Wywrotka \u017c\u00f3\u0142ta 44839"},"content":{"rendered":"<p>Samoch\u00f3d Wywrotka \u017b\u00f3\u0142ta ConsTruck 44839Autka dla naszych najm\u0142odszych. Przedstawiamy \u017c\u00f3\u0142t\u0105 wywrotk\u0119 Construck przeznaczon\u0105 dla dzieci powy\u017cej 1 roku \u017cycia. Od najm\u0142odszych maluch ma mo\u017cliwo\u015b\u0107 pozna\u0107 otaczaj\u0105cy go \u015bwiat, b\u0119dzie stanowi\u0107 te\u017c swojego rodzaju nauk\u0119.Zabawa nauczy dziecko przeznaczenia danego pojazdu oraz wspomo\u017ce u dziecka rozwini\u0119cie precyzji, chwytu oraz zdolno\u015b\u0107 logicznego my\u015blenia. Maluch stworzy mini budow\u0119 w swoim pokoju.Pojazd posiada gumowe ko\u0142a z bie\u017cnikiem, przez co ma lepsz\u0105 przyczepno\u015b\u0107 do pod\u0142o\u017ca. Zabawka posiada otwierane tylne \u017c\u00f3\u0142te drzwi, a g\u00f3ra wywrotki jest otwarta. W \u015brodku mo\u017cna schowa\u0107 najr\u00f3\u017cniejsze skarby b\u0105d\u017c figurki.Po boku autka znajduje si\u0119 blokada, kt\u00f3ra trzyma naczep\u0119 stabilnie, po poci\u0105gni\u0119ciu do siebie naczepa jest ju\u017c mobilna, wystarczy poci\u0105gn\u0105\u0107 bia\u0142\u0105 r\u0105czk\u0119 do ty\u0142u, a ca\u0142a naczepa przechyla si\u0119 w ty\u0142 i wysypuje zawarto\u015b\u0107. Rozbud\u017c w Twoim dziecku ciekawo\u015b\u0107.Wymiarywywrotki:25 cm x 14 cm x 20 cmWymiary opakowania:30 cm x 17 cm x 20 cmAutko zapakowane jest w kolorowy kartonik z otwartym okienkiem. Zabawka posiadacertyfikat CE, zosta\u0142a wykonana z atestowanych, solidnych materia\u0142\u00f3w, gwarantuj\u0105cych wytrzyma\u0142o\u015b\u0107 zabawki oraz komfort jej u\u017cytkowania. Przeznaczona jest dla wszystkich dzieciak\u00f3w, kt\u00f3re osi\u0105gn\u0119\u0142y1. rok \u017cycia&#8230;.<\/p>\n<h2>Wader Wywrotka \u017c\u00f3\u0142ta 44839 Wader<\/h2>\n<p>test asiunia, wroc\u0142aw atrakcje dla m\u0142odzie\u017cy, kolorowanki pikachu, bal halloween dla dzieci 2021, zagadki dla sze\u015bciolatk\u00f3w, zaproszenia na urodziny do druku, malgorzata znaczenie imienia, lol surprise kolorowanki, prezenty dla 7 latki, quiz konie, zygzak mcqueen kolorowanka, kolorowanki do druku dla dziewczyn, pozytywne cytaty mama cytaty, natalia, kolysanki tekst, test z lektury opowie\u015bci z narnii lew czarownica i stara szafa z odpowiedziami, zings kolorowanka, testy z lektury opowie\u015bci z narnii lew czarownica i stara szafa<\/p>\n<p>yyyyy<\/p>\n<p>&nbsp;<\/p>\n","protected":false},"excerpt":{"rendered":"<p>Samoch\u00f3d Wywrotka \u017b\u00f3\u0142ta ConsTruck 44839Autka dla naszych najm\u0142odszych. Przedstawiamy \u017c\u00f3\u0142t\u0105 wywrotk\u0119 Construck przeznaczon\u0105 dla dzieci powy\u017cej 1 roku \u017cycia. Od najm\u0142odszych maluch ma mo\u017cliwo\u015b\u0107 pozna\u0107 otaczaj\u0105cy go \u015bwiat, b\u0119dzie stanowi\u0107 te\u017c swojego rodzaju nauk\u0119.Zabawa nauczy dziecko przeznaczenia danego pojazdu oraz wspomo\u017ce u dziecka rozwini\u0119cie precyzji, chwytu oraz zdolno\u015b\u0107 logicznego my\u015blenia. Maluch stworzy mini budow\u0119 w [&hellip;]<\/p>\n","protected":false},"featured_media":7627,"comment_status":"closed","ping_status":"open","template":"","meta":[],"product_cat":[83,514],"product_tag":[825,707,643,661,799,709],"class_list":["post-7626","product","type-product","status-publish","has-post-thumbnail","hentry","product_cat-auta-i-inne-pojazdy-do-zabawy","product_cat-wader","product_tag-bajka-na-dobranoc-do-czytania","product_tag-karty-pracy-dla-dzieci-z-ukrainy","product_tag-prezent-dla-17-latki","product_tag-swinka-peppa-kolorowanka","product_tag-zagadka-logiczna","product_tag-zagadki-dla-dzieci-6-7-lat"],"_links":{"self":[{"href":"http:\/\/klubmamgdynia.pl\/index.php\/wp-json\/wp\/v2\/product\/7626","targetHints":{"allow":["GET"]}}],"collection":[{"href":"http:\/\/klubmamgdynia.pl\/index.php\/wp-json\/wp\/v2\/product"}],"about":[{"href":"http:\/\/klubmamgdynia.pl\/index.php\/wp-json\/wp\/v2\/types\/product"}],"replies":[{"embeddable":true,"href":"http:\/\/klubmamgdynia.pl\/index.php\/wp-json\/wp\/v2\/comments?post=7626"}],"wp:featuredmedia":[{"embeddable":true,"href":"http:\/\/klubmamgdynia.pl\/index.php\/wp-json\/wp\/v2\/media\/7627"}],"wp:attachment":[{"href":"http:\/\/klubmamgdynia.pl\/index.php\/wp-json\/wp\/v2\/media?parent=7626"}],"wp:term":[{"taxonomy":"product_cat","embeddable":true,"href":"http:\/\/klubmamgdynia.pl\/index.php\/wp-json\/wp\/v2\/product_cat?post=7626"},{"taxonomy":"product_tag","embeddable":true,"href":"http:\/\/klubmamgdynia.pl\/index.php\/wp-json\/wp\/v2\/product_tag?post=7626"}],"curies":[{"name":"wp","href":"https:\/\/api.w.org\/{rel}","templated":true}]}}