{"id":7628,"date":"2023-07-05T14:54:09","date_gmt":"2023-07-05T12:54:09","guid":{"rendered":"http:\/\/klubmamgdynia.pl\/?post_type=product&#038;p=7628"},"modified":"2026-05-17T22:35:15","modified_gmt":"2026-05-17T20:35:15","slug":"traumeland-spiwor-zewnetrzny-dinolino-r-50-56","status":"publish","type":"product","link":"http:\/\/klubmamgdynia.pl\/index.php\/produkt\/traumeland-spiwor-zewnetrzny-dinolino-r-50-56\/","title":{"rendered":"Tr\u00e4umeland \u015apiw\u00f3r Zewn\u0119trzny Dinolino R. 50 56"},"content":{"rendered":"<p>Przygotowa\u0142e\u015b swoje \u0142\u00f3\u017cko, teraz w nim \u015bpij. Przys\u0142owie to odnosi si\u0119 tak\u017ce do najmniejszych z nas: niemowl\u0119ta i ma\u0142e dzieci zazwyczaj potrzebuj\u0105 co najmniej czternastu godzin snu na dob\u0119. Optymalne \u015brodowisko do spania jest niezb\u0119dne dla zdrowia dziecka. Po\u0142\u0105czenie odpowiedniego materaca i oddychaj\u0105cego \u015bpiworka dla niemowl\u0105t pomaga zapobiega\u0107 szkodliwemu gromadzeniu si\u0119 powietrza i ciep\u0142a w \u0142\u00f3\u017ceczku dziecka. Zalecamy oddychaj\u0105cy \u015bpiworek do spania dla niemowl\u0105t, kt\u00f3ry mo\u017cna dostosowa\u0107 do temperatury panuj\u0105cej w pomieszczeniu. Je\u015bli jest szczeg\u00f3lnie gor\u0105co, wystarczy za\u0142o\u017cy\u0107 dziecku lekki bawe\u0142niany worek wewn\u0119trzny. W ch\u0142odniejszych temperaturach stosuje si\u0119 worek zewn\u0119trzny, wykonany na przyk\u0142ad z przyjaznych dla klimatu w\u0142\u00f3kien naturalnych TENCEL\u00ae. Je\u015bli jest naprawd\u0119 zimno, worek zewn\u0119trzny i wewn\u0119trzny mo\u017cna po prostu po\u0142\u0105czy\u0107. W walce z gromadzeniem si\u0119 ciep\u0142a \u015bpiw\u00f3r dzieci\u0119cy LIEBMICH z Tr\u00e4umeland wyr\u00f3\u017cnia si\u0119 tak\u017ce innowacyjn\u0105 cech\u0105: jest to pierwszy oddychaj\u0105cy \u015bpiw\u00f3r dzieci\u0119cy! Jest to mo\u017cliwe dzi\u0119ki dw\u00f3m otworom wentylacyjnym, kt\u00f3re mo\u017cna \u0142atwo otwiera\u0107 i zamyka\u0107 za pomoc\u0105 zamka b\u0142yskawicznego &#8211; w zale\u017cno\u015bci od temperatury w pomieszczeniu i potrzebnego dop\u0142ywu powietrza. Na co jeszcze nale\u017cy zwr\u00f3ci\u0107 uwag\u0119 przy zakupie \u015bpiworka do spania dla dziecka? Okre\u015bl w\u0142a\u015bciwy rozmiar (odpowiednia swoboda ruch\u00f3w oraz dopasowanie przy dekolcie i pod pachami). Wybierz odpowiedni materia\u0142: Naturalne w\u0142\u00f3kno TENCEL\u2122 zapewnia znacznie wi\u0119ksz\u0105 absorpcj\u0119 wilgoci. Wystarczaj\u0105ca wentylacja w celu unikni\u0119cia nagrzewania si\u0119 materia\u0142u Ko\u0142ki rozporowe s\u0105 lepsze od guzik\u00f3w ze wzgl\u0119du na ryzyko po\u0142kni\u0119cia. Bez wst\u0105\u017cek i sznurk\u00f3w \u015apiw\u00f3r, kt\u00f3ry ro\u015bnie razem z dzieckiem, jest praktyczny i pozwala zaoszcz\u0119dzi\u0107 pieni\u0105dze. Zamek b\u0142yskawiczny na ca\u0142ym obwodzie u\u0142atwiaj\u0105cy przebieranie, ubieranie i rozbieranie Zamek b\u0142yskawiczny z mechanizmem blokuj\u0105cym, kt\u00f3ry zapobiega zapl\u0105taniu si\u0119 dziecka lub samodzielnemu otwarciu zamka. Materia\u0142y o niskiej emisji zanieczyszcze\u0144 zapewniaj\u0105 bezpieczny i zdrowy sen dziecka Szczeg\u00f3\u0142y produktu: Materia\u0142 zewn\u0119trzny: 100 % bawe\u0142na; wype\u0142nienie: 70 % poliester, 30 % TENCEL\u00ae. Mo\u017cna pra\u0107 w temperaturze do 60 \u00b0C Nadaje si\u0119 do suszenia w suszarce b\u0119bnowej Nie nagrzewa si\u0119 dzi\u0119ki podw\u00f3jnej, regulowanej wentylacji Gwarantowane badanie na obecno\u015b\u0107 antymonu i substancji szkodliwych Zdrowy klimat snu dzi\u0119ki wysokiej jako\u015bci w\u0142\u00f3knom naturalnym W komplecie z wieszakiem na misia Regulowane rami\u0105czka (z zatrzaskami w kszta\u0142cie serduszek) pozwalaj\u0105 rosn\u0105\u0107 wraz z dzieckiem Zamek b\u0142yskawiczny na ca\u0142ej d\u0142ugo\u015bci u\u0142atwiaj\u0105cy otulanie Design : Flamingo Pytania i odpowiedzi Dlaczego moje dziecko powinno spa\u0107 w \u015bpiworze? \u015apiworki s\u0105 lepsz\u0105 alternatyw\u0105 dla kocyk\u00f3w, poniewa\u017c u\u017cywanie \u015bpiwork\u00f3w dla niemowl\u0105t zamiast tradycyjnych ko\u0142derek znacznie zmniejsza ryzyko utraty ciep\u0142a przez dziecko lub jego nadmiernego przykrycia. Jaki rozmiar jest odpowiedni dla mojego dziecka? W\u0142a\u015bciwy rozmiar \u015bpiworka dla dziecka zale\u017cy przede wszystkim od wzrostu dziecka. Nasza rada: Aby zapewni\u0107 dziecku swobod\u0119 ruch\u00f3w, odleg\u0142o\u015b\u0107 mi\u0119dzy stopami a dnem \u015bpiworka nie powinna by\u0107 mniejsza ni\u017c 10 cm. Dla pewno\u015bci nale\u017cy jednak dokona\u0107 pomiar\u00f3w: D\u0142ugo\u015b\u0107 cia\u0142a = &#8211; d\u0142ugo\u015b\u0107 g\u0142owy = + 10 cm = w\u0142a\u015bciwy rozmiar \u015bpiwora Jakie ubrania powinno nosi\u0107 moje dziecko w \u015bpiworku? Wielu rodzic\u00f3w ma pewne w\u0105tpliwo\u015bci dotycz\u0105ce bielizny do spania. Czy dziecku jest za ciep\u0142o, czy mo\u017ce marznie? Tak jak na zewn\u0105trz s\u0105 gor\u0105ce letnie noce i ch\u0142odne zimowe miesi\u0105ce, tak samo w \u017c\u0142obku wyst\u0119puj\u0105 r\u00f3\u017cnice temperatur w nocy. Aby umo\u017cliwi\u0107 dziecku spokojny sen, wa\u017cne jest optymalne dopasowanie bielizny po\u015bcielowej. Nie chcemy tutaj formu\u0142owa\u0107 \u017cadnych og\u00f3lnych stwierdze\u0144. Jedna rzecz jest jednak bardzo wa\u017cna: nie nale\u017cy da\u0107 si\u0119 zwie\u015b\u0107 grubo\u015bci materia\u0142u, z kt\u00f3rego wykonany jest \u015bpiw\u00f3r, poniewa\u017c materia\u0142y maj\u0105 r\u00f3\u017cne warto\u015bci cieplne. Jednostka miary TOG mo\u017ce by\u0107 stosowana jako wskaz\u00f3wka. TOG pokazuje op\u00f3r cieplny tekstyli\u00f3w i informuje, jak ciep\u0142o b\u0119dzie dziecku w \u015bpiworze przy okre\u015blonej temperaturze pokojowej. Im wy\u017csza warto\u015b\u0107 TOG, tym cieplejsze jest dziecko. \u015apiwory maj\u0105 r\u00f3\u017cne warto\u015bci TOG. \u015apiw\u00f3r LIEBMICH ma warto\u015b\u0107 TOG 2,5! Wskaz\u00f3wka dotycz\u0105ca piel\u0119gnacji Do prania nale\u017cy u\u017cywa\u0107 \u0142agodnego detergentu bez wybielaczy optycznych. Instrukcj\u0119 u\u017cytkowania \u015bpiwora ca\u0142orocznego LIEBMICH mo\u017cna znale\u017a\u0107 tutaj!<\/p>\n<h2>Tr\u00e4umeland \u015apiw\u00f3r Zewn\u0119trzny Dinolino R. 50 56 <\/h2>\n<p>cytaty dla nauczycieli, zygzak mcqueen kolorowanka, julian znaczenie imienia, prezent dla 7 letniej dziewczynki, flagi europy quiz, olaf znaczenie imienia, quizy o flagach, milena, cytat z kubusia puchatka o mi\u0142o\u015bci, korczak cytaty, podchwytliwe zagadki i odpowiedzi, sentencje o dzieciach, jan pawe\u0142 2 rysunek \u0142atwy dla dzieci<\/p>\n<p>yyyyy<\/p>\n<p>&nbsp;<\/p>\n","protected":false},"excerpt":{"rendered":"<p>Przygotowa\u0142e\u015b swoje \u0142\u00f3\u017cko, teraz w nim \u015bpij. Przys\u0142owie to odnosi si\u0119 tak\u017ce do najmniejszych z nas: niemowl\u0119ta i ma\u0142e dzieci zazwyczaj potrzebuj\u0105 co najmniej czternastu godzin snu na dob\u0119. Optymalne \u015brodowisko do spania jest niezb\u0119dne dla zdrowia dziecka. Po\u0142\u0105czenie odpowiedniego materaca i oddychaj\u0105cego \u015bpiworka dla niemowl\u0105t pomaga zapobiega\u0107 szkodliwemu gromadzeniu si\u0119 powietrza i ciep\u0142a w [&hellip;]<\/p>\n","protected":false},"featured_media":7629,"comment_status":"closed","ping_status":"open","template":"","meta":[],"product_cat":[395],"product_tag":[700,650,784,720,595,733],"class_list":["post-7628","product","type-product","status-publish","has-post-thumbnail","hentry","product_cat-spiworki","product_tag-bajki-do-czytania-dla-dzieci","product_tag-choinka-z-bibuly","product_tag-hymn-gorniczy","product_tag-malowanki","product_tag-zagadki-dla-6-latka","product_tag-zarty-na-prima-aprilis"],"_links":{"self":[{"href":"http:\/\/klubmamgdynia.pl\/index.php\/wp-json\/wp\/v2\/product\/7628","targetHints":{"allow":["GET"]}}],"collection":[{"href":"http:\/\/klubmamgdynia.pl\/index.php\/wp-json\/wp\/v2\/product"}],"about":[{"href":"http:\/\/klubmamgdynia.pl\/index.php\/wp-json\/wp\/v2\/types\/product"}],"replies":[{"embeddable":true,"href":"http:\/\/klubmamgdynia.pl\/index.php\/wp-json\/wp\/v2\/comments?post=7628"}],"wp:featuredmedia":[{"embeddable":true,"href":"http:\/\/klubmamgdynia.pl\/index.php\/wp-json\/wp\/v2\/media\/7629"}],"wp:attachment":[{"href":"http:\/\/klubmamgdynia.pl\/index.php\/wp-json\/wp\/v2\/media?parent=7628"}],"wp:term":[{"taxonomy":"product_cat","embeddable":true,"href":"http:\/\/klubmamgdynia.pl\/index.php\/wp-json\/wp\/v2\/product_cat?post=7628"},{"taxonomy":"product_tag","embeddable":true,"href":"http:\/\/klubmamgdynia.pl\/index.php\/wp-json\/wp\/v2\/product_tag?post=7628"}],"curies":[{"name":"wp","href":"https:\/\/api.w.org\/{rel}","templated":true}]}}