{"id":7630,"date":"2024-06-09T22:15:07","date_gmt":"2024-06-09T20:15:07","guid":{"rendered":"http:\/\/klubmamgdynia.pl\/?post_type=product&#038;p=7630"},"modified":"2026-04-04T02:29:20","modified_gmt":"2026-04-04T00:29:20","slug":"wader-wozek-z-klockami-10777","status":"publish","type":"product","link":"http:\/\/klubmamgdynia.pl\/index.php\/produkt\/wader-wozek-z-klockami-10777\/","title":{"rendered":"Wader W\u00f3zek Z Klockami 10777"},"content":{"rendered":"<p>Producent zabawek WADER, firma Wader-Wo\u017cniak sp. z o.o. jest jedn\u0105 z najwi\u0119kszych fabryk zabawek na polskim rynku. Firma dzia\u0142a od 25 lat i obecnie eksportuje swoje produkty do 70 pa\u0144stw. Szczeg\u00f3\u0142y : http:\/\/www.wader-wozniak.pl\/o-zabawkach\/ Zabawki marki WADER odznaczaj\u0105 sie wysok\u0105 jako\u015bci\u0105 i bezpiecze\u0144stwem. Zgodnie z wymogami Europejskiej Normy EN 71 ka\u017cda zabawka posiada znak CE oraz kod EAN. Dzi\u0119ki przestrzeganiu surowych norm jako\u015bciowych wszystkie produkty tej marki posiadaj\u0105 wymagane atesty \u015bwiatowych laboratori\u00f3w badaj\u0105cych jako\u015b\u0107 i bezpiecze\u0144stwo, takich jak SGS, T\u00dcV , Intertek czy Instytut Techniki Komarg. Przestrzeganie wysokich standard\u00f3w jako\u015bci oraz stosowanie nowoczesnej technologii produkcji sprawiaj\u0105, i\u017c zabawki WADER\u2019a: nie maj\u0105 ostrych kraw\u0119dzi ich elementy s\u0105 trwa\u0142e i stabilnie po\u0142\u0105czone \u015bcianki zabawek s\u0105 wytrzyma\u0142e na nacisk i nie \u0142ami\u0105 si\u0119 podlegaj\u0105 one recyklingowi dzi\u0119ki czemu s\u0105 bezpieczne dla \u015brodowiska<\/p>\n<h2>Wader W\u00f3zek Z Klockami 10777 Wader<\/h2>\n<p>zyczenia walentynkowe dla dzieci, najlepsze zarty na prima aprilis, zagadki dla dzieci 4-5 lat, literki do druku, plan lekcji do druku, pokemony kolorowanka, quiz opowie\u015bci z narnii, opowie\u015b\u0107 wigilijna test z odpowiedziami, prezent dla 17 latki, milan znaczenie imienia, henryk, lew czarownica i stara szafa test, nadia imi\u0119, zagadki wielkanocne dla dzieci<\/p>\n<p>yyyyy<\/p>\n<p>&nbsp;<\/p>\n","protected":false},"excerpt":{"rendered":"<p>Producent zabawek WADER, firma Wader-Wo\u017cniak sp. z o.o. jest jedn\u0105 z najwi\u0119kszych fabryk zabawek na polskim rynku. Firma dzia\u0142a od 25 lat i obecnie eksportuje swoje produkty do 70 pa\u0144stw. Szczeg\u00f3\u0142y : http:\/\/www.wader-wozniak.pl\/o-zabawkach\/ Zabawki marki WADER odznaczaj\u0105 sie wysok\u0105 jako\u015bci\u0105 i bezpiecze\u0144stwem. Zgodnie z wymogami Europejskiej Normy EN 71 ka\u017cda zabawka posiada znak CE oraz [&hellip;]<\/p>\n","protected":false},"featured_media":7631,"comment_status":"closed","ping_status":"open","template":"","meta":[],"product_cat":[113,514],"product_tag":[707,797,835,760,634],"class_list":["post-7630","product","type-product","status-publish","has-post-thumbnail","hentry","product_cat-klocki","product_cat-wader","product_tag-karty-pracy-dla-dzieci-z-ukrainy","product_tag-kiekrz","product_tag-radosc-dziecka-cytaty","product_tag-zagadka-matematyczna","product_tag-zagadki-wielkanocne-dla-dzieci"],"_links":{"self":[{"href":"http:\/\/klubmamgdynia.pl\/index.php\/wp-json\/wp\/v2\/product\/7630","targetHints":{"allow":["GET"]}}],"collection":[{"href":"http:\/\/klubmamgdynia.pl\/index.php\/wp-json\/wp\/v2\/product"}],"about":[{"href":"http:\/\/klubmamgdynia.pl\/index.php\/wp-json\/wp\/v2\/types\/product"}],"replies":[{"embeddable":true,"href":"http:\/\/klubmamgdynia.pl\/index.php\/wp-json\/wp\/v2\/comments?post=7630"}],"wp:featuredmedia":[{"embeddable":true,"href":"http:\/\/klubmamgdynia.pl\/index.php\/wp-json\/wp\/v2\/media\/7631"}],"wp:attachment":[{"href":"http:\/\/klubmamgdynia.pl\/index.php\/wp-json\/wp\/v2\/media?parent=7630"}],"wp:term":[{"taxonomy":"product_cat","embeddable":true,"href":"http:\/\/klubmamgdynia.pl\/index.php\/wp-json\/wp\/v2\/product_cat?post=7630"},{"taxonomy":"product_tag","embeddable":true,"href":"http:\/\/klubmamgdynia.pl\/index.php\/wp-json\/wp\/v2\/product_tag?post=7630"}],"curies":[{"name":"wp","href":"https:\/\/api.w.org\/{rel}","templated":true}]}}