{"id":7632,"date":"2010-10-28T12:37:14","date_gmt":"2010-10-28T10:37:14","guid":{"rendered":"http:\/\/klubmamgdynia.pl\/index.php\/produkt\/imodium-instant-2mg-6-tabletek\/"},"modified":"2026-05-17T23:04:40","modified_gmt":"2026-05-17T21:04:40","slug":"imodium-instant-2mg-6-tabletek","status":"publish","type":"product","link":"http:\/\/klubmamgdynia.pl\/index.php\/produkt\/imodium-instant-2mg-6-tabletek\/","title":{"rendered":"Imodium Instant 2mg 6 tabletek"},"content":{"rendered":"<p>Nazwa: Imodium InstantPosta\u0107: tabl.(liofiliz.doustny)Dawka: 2 mgOpakowanie: 6 tabl. (1 blist.po 6 szt.)Sk\u0142ad:2. SK\u0141AD JAKO\u015aCIOWY I ILO\u015aCIOWY Jedna tabletka (liofilizat doustny) zawiera 2 mg loperamidu chlorowodorku.Pe\u0142ny wykaz substancji pomocniczych, patrz punkt 6.1.Wskazania:4. SZCZEG\u00d3\u0141OWE DANE KLINICZNE 4.1 Wskazania do stosowania ProduktImodium Instant jest wskazany w objawowym leczeniu ostrej i przewlek\u0142ej biegunki.U pacjent\u00f3w z wytworzon\u0105 przetok\u0105 jelita kr\u0119tego produkt Imodium Instant mo\u017ce by\u0107 stosowany w celu zmniejszenia liczby i obj\u0119to\u015bci stolc\u00f3w oraz zwi\u0119kszenia ich konsystencji.:4.3 Przeciwwskazania Nadwra\u017cliwo\u015b\u0107 na substancj\u0119 czynn\u0105 lub na kt\u00f3r\u0105kolwiek substancj\u0119 pomocnicz\u0105 wymienion\u0105 w punkcie 6.1.Produktu Imodium Instant nie nale\u017cy stosowa\u0107 u dzieci w wieku poni\u017cej 6 lat.Produktu Imodium Instant nie nale\u017cy stosowa\u0107 jako leczenia zasadniczego:- u pacjent\u00f3w z ostr\u0105 czerwonk\u0105, kt\u00f3ra charakteryzuje si\u0119 obecno\u015bci\u0105 krwi w kale i wysok\u0105 gor\u0105czk\u0105;- u pacjent\u00f3w z ostrym rzutem wrzodziej\u0105cego zapalenia jelit;- u pacjent\u00f3w z bakteryjnym zapaleniem jelita cienkiego i okr\u0119\u017cnicy spowodowanym chorobotw\u00f3rczymi bakteriami z rodzaju Salmonella, Shigella i Campylobacter;- u pacjent\u00f3w z rzekomob\u0142oniastym zapaleniem jelit, zwi\u0105zanym z podawaniem antybiotyk\u00f3w o szerokim zakresie dzia\u0142ania.Og\u00f3lnie produktu Imodium Instant nie nale\u017cy stosowa\u0107 w przypadkach, w kt\u00f3rych nale\u017cy unika\u0107 zwolnienia perystaltyki jelit, z powodu mo\u017cliwego ryzyka wyst\u0105pienia ci\u0119\u017ckich powik\u0142a\u0144, w tym niedro\u017cno\u015bci jelit, rozszerzenia okr\u0119\u017cnicy (megacolon) i toksycznego rozszerzenia okr\u0119\u017cnicy (megacolon toxicum). Leczenie produktem Imodium Instant nale\u017cy natychmiast przerwa\u0107 w przypadku wyst\u0105pienia zaparcia, wzd\u0119cia brzucha lub niedro\u017cno\u015bci jelit.Leczenie biegunki produktem Imodium Instant jest leczeniem wy\u0142\u0105cznie objawowym.W ka\u017cdym przypadku, w kt\u00f3rym mo\u017cliwe jest ustalenie etiologii, gdy jest to uzasadnione (lub wskazane), nale\u017cy zastosowa\u0107 leczenie przyczynowe.Dzia\u0142ania niepo\u017c\u0105dane:4.8 Dzia\u0142ania niepo\u017c\u0105dane Doro\u015bli i dzieci w wieku 12 lat i starsze Bezpiecze\u0144stwo loperamidu HCl oceniono u 3076 pacjent\u00f3w w wieku 12 lat i starszych, kt\u00f3rzy uczestniczyli w 31 badaniach klinicznych z grup\u0105 kontroln\u0105 i zastosowaniem loperamidu HCl w leczeniu biegunki. 26 bada\u0144 dotyczy\u0142o leczenia ostrej biegunki (N=2755), a 5 leczenia przewlek\u0142ej biegunki (N=321).Najcz\u0119\u015bciej zg\u0142aszanymi dzia\u0142aniami niepo\u017c\u0105danymi (\u22651% zdarze\u0144) w badaniach klinicznych z zastosowaniem loperamidu w leczeniu ostrej biegunki by\u0142y: zatwardzenie (2,7 %), wzd\u0119cia (1,7 %), b\u00f3le g\u0142owy (1,2 %) oraz nudno\u015bci (1,1 %). W badaniach dotycz\u0105cych leczenia przewlek\u0142ej biegunki najcz\u0119\u015bciej zg\u0142aszano (\u22651% zdarze\u0144): wzd\u0119cia (2, %), zatwardzenie (2,2 %), nudno\u015bci (1,2 %) i zawroty g\u0142owy (1,2 %).Niepo\u017c\u0105dane reakcje na lek zg\u0142aszane u \u22651% pacjent\u00f3w leczonych loperamidem HCl w badaniach klinicznych (leczenie ostrej i przewlek\u0142ej biegunki) oraz po wprowadzeniu do obrotu przedstawiono w tabeli 1.Cz\u0119sto\u015b\u0107 wyst\u0119powania niepo\u017c\u0105danych dzia\u0142a\u0144 leku przedstawiono zgodnie z nast\u0119puj\u0105cym schematem:Cz\u0119sto (\u22651\/100 do &lt; 1\/10)Niezbyt cz\u0119sto (\u22651\/1 000 do &lt; 1\/100)Rzadko (\u22651\/10 000 do &lt; 1\/1 000)WskazanieGrupa uk\u0142ad\u00f3w i narz\u0105d\u00f3w Ostra biegunka (N=2755)Przewlek\u0142a biegunka(N=321)Biegunka przewlek\u0142ai ostra &#8211; dane uzyskane powprowadzeniu do obrotuZaburzenia uk\u0142adu immunologicznegoReakcja nadwra\u017cliwo\u015bcia, reakcjaanafilaktycznaa (w tym wstrz\u0105s anafilaktyczny) oraz reakcja anafilaktoidalnaarzadkoZaburzenia uk\u0142adu nerwowegoB\u00f3le g\u0142owycz\u0119stoniezbyt cz\u0119stocz\u0119stoZawroty g\u0142owyniezbyt cz\u0119stocz\u0119stocz\u0119stoBezsenno\u015b\u0107aniezbyt cz\u0119stoUtrata \u015bwiadomo\u015bcia, ot\u0119pieniea,obni\u017cony poziom \u015bwiadomo\u015bcia, hipertoniaa, nieprawid\u0142owa koordynacjaarzadkoZaburzenia okaZw\u0119\u017cenie \u017arenicyarzadkoZaburzenia \u017co\u0142\u0105dka i jelitZatwardzenie, nudno\u015bci, wzd\u0119ciacz\u0119stocz\u0119stocz\u0119stoB\u00f3le brzucha, dolegliwo\u015bci w obr\u0119bieniezbyt cz\u0119stoniezbyt cz\u0119stoniezbyt cz\u0119stobrzucha, sucho\u015b\u0107 w jamie ustnejB\u00f3l w nadbrzuszu, wymiotyniezbyt cz\u0119stoniezbyt cz\u0119stoNiestrawno\u015b\u0107niezbyt cz\u0119stoniezbyt cz\u0119stoNiedro\u017cno\u015b\u0107 jelitaa (w tym niedro\u017cno\u015b\u0107 jelita pora\u017cenna), rozszerzenieokr\u0119\u017cnicya (w tym toksycznerozszerzenie okr\u0119\u017cnicyb), glossodyniaa,c (pieczenie j\u0119zyka)rzadkoZwi\u0119kszenie obwodu brzucharzadkorzadkoZaburzenia sk\u00f3ry i tkanki podsk\u00f3rnejWysypkaniezbyt cz\u0119stoniezbyt cz\u0119stoObrz\u0119k naczynioruchowya, wysypka p\u0119cherzowaa (w tym zesp\u00f3\u0142 Stevensa-Johnsona, toksyczna nekroliza nask\u00f3rka oraz rumie\u0144 wielopostaciowy), \u015bwi\u0105da, pokrzywkaarzadkoZaburzenia nerek i dr\u00f3g moczowychZatrzymanie moczuarzadkoZaburzenia og\u00f3lne i stany w miejscu podania lekuZm\u0119czeniearzadkoa: Dane uzyskane po wprowadzeniu do obrotu. Cz\u0119stotliwo\u015b\u0107 oszacowana na podstawie bada\u0144 klinicznych dotycz\u0105cych leczenia biegunki ostrej oraz przewlek\u0142ej, obejmuj\u0105cych doros\u0142ych i dzieci poni\u017cej 12 roku \u017cycia (N=3683). b: Patrz cz\u0119\u015b\u0107 4.4 Specjalne ostrze\u017cenia i \u015brodki ostro\u017cno\u015bci dotycz\u0105ce stosowania. c: Zg\u0142aszane tylko w przypadku tabletek szybko rozpadaj\u0105cych si\u0119 w jamie ustnej.Dzieci Bezpiecze\u0144stwo stosowania loperamidu zosta\u0142o zbadane w 13 kontrolowanych i niekontrolowanych badaniach klinicznych dotycz\u0105cych leczenia ostrej biegunki. Badanie obejmowa\u0142o 607 pacjent\u00f3w w wieku od 10 dnia \u017cycia do 13 roku \u017cycia. Og\u00f3lnie dzia\u0142ania niepo\u017c\u0105dane wyst\u0119puj\u0105ce u tej grupy os\u00f3b by\u0142y podobne do dzia\u0142a\u0144 niepo\u017c\u0105danych opisywanych w przypadku doros\u0142ych i dzieci powy\u017cej 12 roku \u017cycia.Interakcje:4.5 Interakcje z innymi produktami leczniczymi i inne rodzaje interakcji Dane niekliniczne wskazuj\u0105, \u017ce loperamid jest substratem P-glikoproteiny. Jednoczesne podawanie loperamidu (16 mg w pojedynczej dawce) z chinidyn\u0105 lub rytonawirem, kt\u00f3re s\u0105 inhibitoramiP-glikoproteiny, powodowa\u0142o 2-3 krotne zwi\u0119kszenie st\u0119\u017cenia loperamidu w osoczu. Kliniczne znaczenie tych farmakokinetycznych interakcji inhibitor\u00f3w P-glikoproteiny z loperamidem, podawanym w zalecanych dawkach (od 2 mg do maksymalnie 16 mg na dob\u0119), nie jest znane.Jednoczesne podanie loperamidu (dawka pojedyncza 4 mg) oraz itrakonazolu, inhibitora cytochromu CYP3A4 i glikoproteiny P powodowa\u0142o trzy- lub czterokrotny wzrost st\u0119\u017cenia loperamidu w osoczu krwi. W tym samym badaniu inhibitor cytochromu CYP2C8, gemfibrozyl, zwi\u0119ksza\u0142 st\u0119\u017cenie loperamidu mniej wi\u0119cej dwukrotnie. Skojarzenie itrakonazolu i gemfibrozylu powodowa\u0142o czterokrotny wzrost szczytowego st\u0119\u017cenia loperamidu i trzynastokrotny wzrost ca\u0142kowitej ekspozycji osocza. Wzrostom podanych warto\u015bci nie towarzyszy\u0142y objawy ze strony o\u015brodkowego uk\u0142adu nerwowego (OUN), co sprawdzono z zastosowaniem test\u00f3w psychomotorycznych (tj. subiektywna ocena senno\u015bci oraz test zast\u0119powania cyfr symbolami).Jednoczesne podanie loperamidu (pojedyncza dawka 16 mg) oraz ketakonazolu, inhibitora cytochromu CYP3A4 i glikoproteiny P, powodowa\u0142o pi\u0119ciokrotny wzrost st\u0119\u017cenia loperamidu w osoczu krwi. Wzrostowi nie towarzyszy\u0142o nasilone dzia\u0142anie farmakodynamiczne, co sprawdzono, stosuj\u0105c pupilometri\u0119.Leczenie skojarzone z desmopresyn\u0105 podawan\u0105 doustnie powodowa\u0142o trzykrotny wzrost st\u0119\u017cenia desmopresyny w osoczu, prawdopodobnie w zwi\u0105zku z mniejsz\u0105 ruchliwo\u015bci\u0105 w przewodzie pokarmowym.Oczekuje si\u0119, \u017ce leki o podobnych w\u0142a\u015bciwo\u015bciach farmakologicznych mog\u0105 wzmaga\u0107 dzia\u0142anie loperamidu oraz \u017ce leki przyspieszaj\u0105ce przej\u015bcie przez przew\u00f3d pokarmowy mog\u0105 hamowa\u0107 jego dzia\u0142anie.Dawkowanie:4.2 Dawkowanie i spos\u00f3b podawania Tabletk\u0119 Imodium Instant nale\u017cy po\u0142o\u017cy\u0107 na j\u0119zyku, poczeka\u0107 a\u017c si\u0119 rozpu\u015bci i po\u0142kn\u0105\u0107 ze \u015blin\u0105. Nie jest potrzebny p\u0142yn do popicia.Doro\u015bli i dzieci w wieku powy\u017cej 6 lat Ostra biegunka: pocz\u0105tkowa dawka &#8211; 2 tabletki (4 mg) dla doros\u0142ych i 1 tabletka (2 mg) dla dzieci, a nast\u0119pnie 1 tabletka (2 mg) po ka\u017cdym kolejnym lu\u017anym stolcu.Przewlek\u0142a biegunka: pocz\u0105tkowa dawka &#8211; 2 tabletki (4 mg) na dob\u0119 dla doros\u0142ych i 1 tabletka (2 mg) na dob\u0119 dla dzieci; t\u0119 pocz\u0105tkow\u0105 dawk\u0119 nale\u017cy zmodyfikowa\u0107 a\u017c do momentu uzyskania od 1 do 2 normalnych stolc\u00f3w na dob\u0119, co zazwyczaj osi\u0105ga si\u0119 poprzez stosowanie dawki podtrzymuj\u0105cej wynosz\u0105cej od 1 do 6 tabletek (od 2 mg do 12 mg) na dob\u0119.Dawka maksymalna w ostrej i przewlek\u0142ej biegunce &#8211; 8 tabletek (16 mg) na dob\u0119 dla doros\u0142ych i dzieci; u dzieci dawka preparatu musi by\u0107 dostosowana do masy cia\u0142a (3 tabletki\/20 kg mc.).Osoby w podesz\u0142ym wieku U os\u00f3b w podesz\u0142ym wieku nie jest konieczna modyfikacja dawkowania.Pacjenci z zaburzeniami czynno\u015bci nerek U pacjent\u00f3w z zaburzeniami czynno\u015bci nerek nie jest konieczna modyfikacja dawkowania.Pacjenci z zaburzeniami czynno\u015bci w\u0105troby Pomimo braku danych dotycz\u0105cych farmakokinetyki leku u pacjent\u00f3w z zaburzeniami czynno\u015bci w\u0105troby w tej grupie pacjent\u00f3w produkt Imodium Instant nale\u017cy stosowa\u0107 ostro\u017cnie z powodu zmniejszenia metabolizmu zwi\u0105zanego z efektem pierwszego przej\u015bcia przez w\u0105trob\u0119 (patrz punkt 4.4).\u015arodki ostro\u017cno\u015bci:4.4 Specjalne ostrze\u017cenia i \u015brodki ostro\u017cno\u015bci dotycz\u0105ce stosowania U pacjent\u00f3w z biegunk\u0105, szczeg\u00f3lnie u dzieci, mo\u017ce wyst\u0105pi\u0107 odwodnienie i nadmierna utrata elektrolit\u00f3w. W tych przypadkach post\u0119powaniem z wyboru jest uzupe\u0142nianie odpowiednich p\u0142yn\u00f3w i elektrolit\u00f3w.Je\u017celi w ci\u0105gu 48 godzin po podaniu produktu leczniczego w ostrej biegunce nie obserwuje si\u0119 poprawy stanu klinicznego pacjenta, podawanie produktu Imodium Instant nale\u017cy przerwa\u0107 i pacjent powinien skonsultowa\u0107 si\u0119 z lekarzem.U pacjent\u00f3w z AIDS, leczonych produktem Imodium Instant z powodu biegunki, nale\u017cy przerwa\u0107 podawanie produktu w razie pojawienia si\u0119 najwcze\u015bniejszych objaw\u00f3w wzd\u0119cia brzucha. Istniej\u0105 pojedyncze doniesienia o przypadkach wyst\u0105pienia toksycznego rozszerzenia okr\u0119\u017cnicy u leczonych loperamidu chlorowodorkiem pacjent\u00f3w z AIDS i jednoczesnym zaka\u017anym zapaleniem okr\u0119\u017cnicy wywo\u0142anym zar\u00f3wno przez wirusy, jak i bakterie.Pomimo braku danych dotycz\u0105cych farmakokinetyki leku u pacjent\u00f3w z zaburzeniami czynno\u015bci w\u0105troby, w tej grupie pacjent\u00f3w produkt Imodium Instant nale\u017cy stosowa\u0107 go z ostro\u017cno\u015bci\u0105 z powodu zmniejszenia metabolizmu zwi\u0105zanego z efektem pierwszego przej\u015bcia przez w\u0105trob\u0119. Pacjent\u00f3w z zaburzeniami czynno\u015bci w\u0105troby nale\u017cy uwa\u017cnie obserwowa\u0107, czy nie wyst\u0119puj\u0105 u nich objawy toksyczno\u015bci ze strony o\u015brodkowego uk\u0142adu nerwowego.Poniewa\u017c wi\u0119kszo\u015b\u0107 leku jest metabolizowana, a metabolity lub lek w postaci niezmienionej s\u0105 wydalane z ka\u0142em, nie ma konieczno\u015bci modyfikacji dawkowania u pacjent\u00f3w z zaburzeniami czynno\u015bci nerek.Nie nale\u017cy stosowa\u0107 produktu Imodium Instant u pacjent\u00f3w z fenyloketonuri\u0105, poniewa\u017c lek Imodium Instant zawiera aspartam, \u017ar\u00f3d\u0142o fenyloalaniny.Prowadzenie pojazd\u00f3w:4.7 Wp\u0142yw na zdolno\u015b\u0107 prowadzenia pojazd\u00f3w i obs\u0142ugiwania maszyn W zespole objaw\u00f3w w przebiegu biegunki leczonej produktem Imodium Instantmog\u0105 pojawi\u0107 si\u0119 zm\u0119czenie, zawroty g\u0142owy lub senno\u015b\u0107. Dlatego te\u017c wskazane jest zachowanie ostro\u017cno\u015bci podczas prowadzenia pojazd\u00f3w lub obs\u0142ugiwania maszyn.Przedawkowanie:4.9 Przedawkowanie Objawy W przypadku przedawkowania (tak\u017ce przedawkowania wzgl\u0119dnego zwi\u0105zanego z zaburzeniem czynno\u015bci w\u0105troby) mog\u0105 wyst\u0105pi\u0107 nast\u0119puj\u0105ce objawy: zahamowanie czynno\u015bci o\u015brodkowego uk\u0142adu nerwowego (os\u0142upienie, zaburzenia koordynacji ruchowej, senno\u015b\u0107, zw\u0119\u017cenie \u017arenic, nadmierne napi\u0119cie mi\u0119\u015bniowe i depresja oddechowa), zatrzymanie moczu i niedro\u017cno\u015b\u0107 jelit. Dzieci mog\u0105 by\u0107 bardziej wra\u017cliwe ni\u017c doro\u015bli na toksyczne dzia\u0142anie leku na o\u015brodkowy uk\u0142ad nerwowy.Leczenie Nale\u017cy stosowa\u0107 leczenie objawowe i wspomagaj\u0105ce. U pacjent\u00f3w, kt\u00f3rzy nie wymiotowali, p\u0142ukanie \u017co\u0142\u0105dka powinno poprzedzi\u0107 podanie w\u0119gla aktywowanego. Sproszkowany w\u0119giel aktywowany podany w ci\u0105gu 3 godzin po spo\u017cyciu Imodium Instant powinien zmniejszy\u0107 wch\u0142anianie.W przypadku wyst\u0105pienia objaw\u00f3w przedawkowania jako antidotum mo\u017cna poda\u0107 nalokson. Poniewa\u017c czas dzia\u0142ania produktu Imodium Instant jest d\u0142u\u017cszy ni\u017c naloksonu (1 do 3 godzin), mo\u017ce by\u0107 wskazane powt\u00f3rne podanie naloksonu. Dlatego te\u017c pacjent powinien pozostawa\u0107 pod \u015bcis\u0142\u0105 kontrol\u0105 lekarsk\u0105 przynajmniej przez 48 godzin w celu wykrycia ewentualnych objaw\u00f3w zahamowania czynno\u015bci o\u015brodkowego uk\u0142adu nerwowego.Ci\u0105\u017ca:4.6 Wp\u0142yw na p\u0142odno\u015b\u0107, ci\u0105\u017c\u0119 i laktacj\u0119 Ci\u0105\u017ca Mimo \u017ce nic nie wskazuje na to, aby loperamidu chlorowodorek wykazywa\u0142 dzia\u0142anie teratogenne lub embriotoksyczne, nale\u017cy dok\u0142adnie rozwa\u017cy\u0107 przewidywane korzy\u015bci terapeutyczne wzgl\u0119dem potencjalnego ryzyka zwi\u0105zanego z podaniem produktu Imodium Instantkobietom w ci\u0105\u017cy, szczeg\u00f3lnie w pierwszym trymestrze.Karmienie piersi\u0105 Ma\u0142e ilo\u015bci loperamidu mog\u0105 pojawi\u0107 si\u0119 w mleku kobiecym. Dlatego te\u017c nie zaleca si\u0119 podawania produktu Imodium Instant w okresie karmienia piersi\u0105.Uwagi:posta\u0107: tabletki (liofilizat doustny)<\/p>\n<h2>Imodium Instant 2mg 6 tabletek Janssen-Cila<\/h2>\n<p>minecraft kolorowanki, kolorowe listki, ma\u0142y ksi\u0105\u017ce test, szkic jak narysowa\u0107 kota, zagadki o wielkanocy dla dzieci, trudne zadania matematyczne, cicha noc po angielsku, maska do druku, prezent na roczek dla ch\u0142opca, zagadki z odpowiedziami, litera r do druku, quiz o miko\u0142ajku, niezapomniany prezent na roczek, zabawy dla 7 latki, miko\u0142ajek sprawdzian z lektury z odpowiedziami, quizy flagi, maciej imie, co oznacza nazwa jordan, kolorowanki ninjago, zaproszenie na urodziny do druku pdf<\/p>\n<p>yyyyy<\/p>\n<p>&nbsp;<\/p>\n","protected":false},"excerpt":{"rendered":"<p>Nazwa: Imodium InstantPosta\u0107: tabl.(liofiliz.doustny)Dawka: 2 mgOpakowanie: 6 tabl. (1 blist.po 6 szt.)Sk\u0142ad:2. SK\u0141AD JAKO\u015aCIOWY I ILO\u015aCIOWY Jedna tabletka (liofilizat doustny) zawiera 2 mg loperamidu chlorowodorku.Pe\u0142ny wykaz substancji pomocniczych, patrz punkt 6.1.Wskazania:4. SZCZEG\u00d3\u0141OWE DANE KLINICZNE 4.1 Wskazania do stosowania ProduktImodium Instant jest wskazany w objawowym leczeniu ostrej i przewlek\u0142ej biegunki.U pacjent\u00f3w z wytworzon\u0105 przetok\u0105 jelita kr\u0119tego [&hellip;]<\/p>\n","protected":false},"featured_media":7633,"comment_status":"closed","ping_status":"open","template":"","meta":[],"product_cat":[1626,212],"product_tag":[700,706,867,717,798,779],"class_list":["post-7632","product","type-product","status-publish","has-post-thumbnail","hentry","product_cat-janssen-cila","product_cat-uklad-pokarmowy","product_tag-bajki-do-czytania-dla-dzieci","product_tag-imie-kuba","product_tag-kolorowanki-dla-dziewczynek","product_tag-prezent-roczek","product_tag-prezenty-dla-nastolatki","product_tag-zarty-na-prima-aprilis-w-domu"],"_links":{"self":[{"href":"http:\/\/klubmamgdynia.pl\/index.php\/wp-json\/wp\/v2\/product\/7632","targetHints":{"allow":["GET"]}}],"collection":[{"href":"http:\/\/klubmamgdynia.pl\/index.php\/wp-json\/wp\/v2\/product"}],"about":[{"href":"http:\/\/klubmamgdynia.pl\/index.php\/wp-json\/wp\/v2\/types\/product"}],"replies":[{"embeddable":true,"href":"http:\/\/klubmamgdynia.pl\/index.php\/wp-json\/wp\/v2\/comments?post=7632"}],"wp:featuredmedia":[{"embeddable":true,"href":"http:\/\/klubmamgdynia.pl\/index.php\/wp-json\/wp\/v2\/media\/7633"}],"wp:attachment":[{"href":"http:\/\/klubmamgdynia.pl\/index.php\/wp-json\/wp\/v2\/media?parent=7632"}],"wp:term":[{"taxonomy":"product_cat","embeddable":true,"href":"http:\/\/klubmamgdynia.pl\/index.php\/wp-json\/wp\/v2\/product_cat?post=7632"},{"taxonomy":"product_tag","embeddable":true,"href":"http:\/\/klubmamgdynia.pl\/index.php\/wp-json\/wp\/v2\/product_tag?post=7632"}],"curies":[{"name":"wp","href":"https:\/\/api.w.org\/{rel}","templated":true}]}}