{"id":7634,"date":"2011-05-06T15:39:33","date_gmt":"2011-05-06T13:39:33","guid":{"rendered":"http:\/\/klubmamgdynia.pl\/index.php\/produkt\/cybex-priam-4-0-rockstar-by-alec-voelkel-chrome-black-spacerowy\/"},"modified":"2026-04-05T21:39:43","modified_gmt":"2026-04-05T19:39:43","slug":"cybex-priam-4-0-rockstar-by-alec-voelkel-chrome-black-spacerowy","status":"publish","type":"product","link":"http:\/\/klubmamgdynia.pl\/index.php\/produkt\/cybex-priam-4-0-rockstar-by-alec-voelkel-chrome-black-spacerowy\/","title":{"rendered":"Cybex Priam 4.0 Rockstar By Alec Voelkel Chrome Black Spacerowy"},"content":{"rendered":"<p>Odkryj now\u0105 ods\u0142on\u0119 w\u00f3zka Cybex PRIAM 4.0, kt\u00f3ry spe\u0142nia najwy\u017csze standardy designu, bezpiecze\u0144stwa i funkcjonalno\u015bci.<\/p>\n<h2>Cybex Priam 4.0 Rockstar By Alec Voelkel Chrome Black Spacerowy Cybex<\/h2>\n<p>mi\u0142o\u015b\u0107 do dziecka cytaty, znaki drogowe do druku, logiczne zagadki, uk\u0142ad s\u0142oneczny kolorowanka, zak\u0142adka do ksi\u0105\u017cki szablon, test z lektury opowie\u015bci z narnii lew czarownica i stara szafa z odpowiedziami, prezent na roczek dziewczynka, kolorowanka uk\u0142ad s\u0142oneczny dla dzieci do druku, zagadki logiczne dla dzieci, opowie\u015bci z narni test, marcel imi\u0119, piosenki na dobranoc dla dzieci + tekst, \u015bmieszne zagadki, wierszyki na smigus dyngus, kolorowanki do druku lol<\/p>\n<p>yyyyy<\/p>\n<p>&nbsp;<\/p>\n","protected":false},"excerpt":{"rendered":"<p>Odkryj now\u0105 ods\u0142on\u0119 w\u00f3zka Cybex PRIAM 4.0, kt\u00f3ry spe\u0142nia najwy\u017csze standardy designu, bezpiecze\u0144stwa i funkcjonalno\u015bci. Cybex Priam 4.0 Rockstar By Alec Voelkel Chrome Black Spacerowy Cybex mi\u0142o\u015b\u0107 do dziecka cytaty, znaki drogowe do druku, logiczne zagadki, uk\u0142ad s\u0142oneczny kolorowanka, zak\u0142adka do ksi\u0105\u017cki szablon, test z lektury opowie\u015bci z narnii lew czarownica i stara szafa z [&hellip;]<\/p>\n","protected":false},"featured_media":7635,"comment_status":"closed","ping_status":"open","template":"","meta":[],"product_cat":[34,71],"product_tag":[845,863,858,621,609,695],"class_list":["post-7634","product","type-product","status-publish","has-post-thumbnail","hentry","product_cat-cybex","product_cat-wozki-spacerowe","product_tag-ach-spij-kochanie-tekst","product_tag-bajki-dla-dziewczynek","product_tag-podchwytliwe-zagadki","product_tag-prezenty-roczek","product_tag-quiz-flagi-europy","product_tag-rzadkie-imiona-zenskie"],"_links":{"self":[{"href":"http:\/\/klubmamgdynia.pl\/index.php\/wp-json\/wp\/v2\/product\/7634","targetHints":{"allow":["GET"]}}],"collection":[{"href":"http:\/\/klubmamgdynia.pl\/index.php\/wp-json\/wp\/v2\/product"}],"about":[{"href":"http:\/\/klubmamgdynia.pl\/index.php\/wp-json\/wp\/v2\/types\/product"}],"replies":[{"embeddable":true,"href":"http:\/\/klubmamgdynia.pl\/index.php\/wp-json\/wp\/v2\/comments?post=7634"}],"wp:featuredmedia":[{"embeddable":true,"href":"http:\/\/klubmamgdynia.pl\/index.php\/wp-json\/wp\/v2\/media\/7635"}],"wp:attachment":[{"href":"http:\/\/klubmamgdynia.pl\/index.php\/wp-json\/wp\/v2\/media?parent=7634"}],"wp:term":[{"taxonomy":"product_cat","embeddable":true,"href":"http:\/\/klubmamgdynia.pl\/index.php\/wp-json\/wp\/v2\/product_cat?post=7634"},{"taxonomy":"product_tag","embeddable":true,"href":"http:\/\/klubmamgdynia.pl\/index.php\/wp-json\/wp\/v2\/product_tag?post=7634"}],"curies":[{"name":"wp","href":"https:\/\/api.w.org\/{rel}","templated":true}]}}