{"id":7638,"date":"2018-10-03T21:23:03","date_gmt":"2018-10-03T19:23:03","guid":{"rendered":"http:\/\/klubmamgdynia.pl\/index.php\/produkt\/be-cool-slide-khaki-spacerowy\/"},"modified":"2026-04-06T20:45:16","modified_gmt":"2026-04-06T18:45:16","slug":"be-cool-slide-khaki-spacerowy","status":"publish","type":"product","link":"http:\/\/klubmamgdynia.pl\/index.php\/produkt\/be-cool-slide-khaki-spacerowy\/","title":{"rendered":"Be Cool Slide Khaki Spacerowy"},"content":{"rendered":"<h2>Be Cool Slide Khaki Spacerowy Be Cool<\/h2>\n<p>uk\u0142ad s\u0142oneczny do druku, test ch\u0142opcy z placu broni klasa 5, quizy o koniach, karyna, cytaty dla mamy od c\u00f3rki, romantyczna bajka na dobranoc, bajki na dobranoc do czytania<\/p>\n<p>yyyyy<\/p>\n<p>&nbsp;<\/p>\n","protected":false},"excerpt":{"rendered":"<p>Be Cool Slide Khaki Spacerowy Be Cool uk\u0142ad s\u0142oneczny do druku, test ch\u0142opcy z placu broni klasa 5, quizy o koniach, karyna, cytaty dla mamy od c\u00f3rki, romantyczna bajka na dobranoc, bajki na dobranoc do czytania yyyyy &nbsp;<\/p>\n","protected":false},"featured_media":7639,"comment_status":"closed","ping_status":"open","template":"","meta":[],"product_cat":[1627,71],"product_tag":[730,814,783,737,811],"class_list":["post-7638","product","type-product","status-publish","has-post-thumbnail","hentry","product_cat-be-cool","product_cat-wozki-spacerowe","product_tag-karyna","product_tag-prezenty-dla-nastolatek","product_tag-prezenty-na-roczek-dla-chlopca","product_tag-test-z-lektury-felix-net-i-nika-oraz-gang-niewidzialnych-ludzi","product_tag-zagadki-logiczne-dla-dzieci"],"_links":{"self":[{"href":"http:\/\/klubmamgdynia.pl\/index.php\/wp-json\/wp\/v2\/product\/7638","targetHints":{"allow":["GET"]}}],"collection":[{"href":"http:\/\/klubmamgdynia.pl\/index.php\/wp-json\/wp\/v2\/product"}],"about":[{"href":"http:\/\/klubmamgdynia.pl\/index.php\/wp-json\/wp\/v2\/types\/product"}],"replies":[{"embeddable":true,"href":"http:\/\/klubmamgdynia.pl\/index.php\/wp-json\/wp\/v2\/comments?post=7638"}],"wp:featuredmedia":[{"embeddable":true,"href":"http:\/\/klubmamgdynia.pl\/index.php\/wp-json\/wp\/v2\/media\/7639"}],"wp:attachment":[{"href":"http:\/\/klubmamgdynia.pl\/index.php\/wp-json\/wp\/v2\/media?parent=7638"}],"wp:term":[{"taxonomy":"product_cat","embeddable":true,"href":"http:\/\/klubmamgdynia.pl\/index.php\/wp-json\/wp\/v2\/product_cat?post=7638"},{"taxonomy":"product_tag","embeddable":true,"href":"http:\/\/klubmamgdynia.pl\/index.php\/wp-json\/wp\/v2\/product_tag?post=7638"}],"curies":[{"name":"wp","href":"https:\/\/api.w.org\/{rel}","templated":true}]}}