{"id":764,"date":"2022-02-28T09:19:05","date_gmt":"2022-02-28T08:19:05","guid":{"rendered":"http:\/\/klubmamgdynia.pl\/index.php\/produkt\/medela-biustonosz-ciazowy-i-do-karmienia-xl-bialy\/"},"modified":"2026-04-23T11:35:20","modified_gmt":"2026-04-23T09:35:20","slug":"medela-biustonosz-ciazowy-i-do-karmienia-xl-bialy","status":"publish","type":"product","link":"http:\/\/klubmamgdynia.pl\/index.php\/produkt\/medela-biustonosz-ciazowy-i-do-karmienia-xl-bialy\/","title":{"rendered":"Medela Biustonosz Ci\u0105\u017cowy I Do Karmienia Xl Bia\u0142y"},"content":{"rendered":"<p>Medela Biustonosz Ci\u0105\u017cowy I Do Karmienia Bia\u0142y                            <\/p>\n<p>Ten elastyczny biustonosz do karmienia doskonale sprawdza si\u0119 podczas ci\u0105\u017cy i karmienia piersi\u0105. Jest bezszwowy i nie zawiera \u017cadnych fiszbin ani metek, dzi\u0119ki czemu jest niezwykle wygodny.\u00a0Mo\u017cesz zacz\u0105\u0107 nosi\u0107 tego rodzaju biustonosz ju\u017c w czasie ci\u0105\u017cy, gdy Twoje standardowe biustonosze oka\u017c\u0105 si\u0119 zbyt ma\u0142e. Po rozpocz\u0119ciu laktacji biustonosze z ca\u0142kowicie odpinanymi miseczkami umo\u017cliwi\u0105 Ci \u0142atwe i dyskretne karmienie piersi\u0105.Proste zapi\u0119cie\/rozpi\u0119cie mo\u017cliwe przy u\u017cyciu jednej r\u0119ki.Podtrzymuj\u0105cy pas pod biustem wykonany jest z dzianiny strefowej, co pozwala na dopasowanie si\u0119 do zmieniaj\u0105cego si\u0119 kszta\u0142tu cia\u0142a.                            <\/p>\n<p>Biustonosz na czas ci\u0105\u017cy i do karmienia dostosowany do Twoich potrzebCia\u0142o kobiety zmienia si\u0119 podczas ci\u0105\u017cy i po porodzie. Dlatego ubrania dla matek firmy Medela s\u0105 dostosowane do Twoich potrzeb. Biustonosz do karmienia doskonale sprawdza si\u0119 podczas ci\u0105\u017cy i karmienia dziecka bez wzgl\u0119du na Tw\u00f3j stan, rozmiar piersi czy okazj\u0119.Podtrzymuj\u0105cy piersi biustonosz do karmienia bez szw\u00f3w i fiszbin jest najlepszym wyborem w ci\u0105gu dnia. Twoje standardowe biustonosze oka\u017c\u0105 si\u0119 zbyt ma\u0142e. Po rozpocz\u0119ciu laktacji biustonosze z ca\u0142kowicie odpinanymi miseczkami umo\u017cliwi\u0105 Ci \u0142atwe i dyskretne karmienie piersi\u0105.                            <\/p>\n<p>Z my\u015bl\u0105 o kobietach w ci\u0105\u017cyi karmi\u0105cych piersi\u0105. Modele w rozmiarze L\/XL zapinane s\u0105 na trzy rz\u0119dy haftek.                            <\/p>\n<p>Wysokiej jako\u015bci elastyczny materia\u0142 doskonale dopasowuje si\u0119 do zmieniaj\u0105cego si\u0119 kszta\u0142tu Twojego cia\u0142a. Brak szw\u00f3w i fiszbin zapewnia maksymalny komfort                            <\/p>\n<p>Opatentowane zapi\u0119cia typu \u201eotw\u00f3rz-zamknij\u201d umo\u017cliwiaj\u0105 zapinanie i rozpinanie miseczek jedn\u0105 r\u0119k\u0105, dzi\u0119ki czemu mo\u017cna to zrobi\u0107 \u0142atwo i szybko, jednocze\u015bnie maj\u0105c pewno\u015b\u0107, \u017ce samoistnie si\u0119 nie otworz\u0105.                            <\/p>\n<p>JAK DOBRA\u0106 ROZMIAR?                            <\/p>\n<p>Ka\u017cda kobieta jest inna, a Medela uwzgl\u0119dnia te r\u00f3\u017cnice. Je\u017celi nie mo\u017cesz znale\u017a\u0107 swojego rozmiaru w naszej tabeli rozmiar\u00f3w, radzimy wybra\u0107 rozmiar biustonosza Medela najbardziej zbli\u017cony do Twoich wymiar\u00f3w.                            <\/p>\n<p>SPRAWD\u0179 BIUSTONOSZE MEDELA &#8211; CI\u0104\u017bOWE I DO KARMIENIA                            <\/p>\n<p>Medela biustonosz ci\u0105\u017cowy i do karmienia\u00a0Bia\u0142y                            <\/p>\n<p>Medela biustonosz ci\u0105\u017cowy i do karmienia\u00a0Czarny<\/p>\n<h2>Medela Biustonosz Ci\u0105\u017cowy I Do Karmienia Xl Bia\u0142y Medela<\/h2>\n<p>zimowe zagadki, bajka o dinozaurach do czytania, dzie\u0144 nauczyciela cytaty, lody kolorowanka, cytaty o wychowaniu dzieci, kawal na prima aprilis, zagadki z odpowiedziami dla dzieci<\/p>\n<p>yyyyy<\/p>\n<p>&nbsp;<\/p>\n","protected":false},"excerpt":{"rendered":"<p>Medela Biustonosz Ci\u0105\u017cowy I Do Karmienia Bia\u0142y Ten elastyczny biustonosz do karmienia doskonale sprawdza si\u0119 podczas ci\u0105\u017cy i karmienia piersi\u0105. Jest bezszwowy i nie zawiera \u017cadnych fiszbin ani metek, dzi\u0119ki czemu jest niezwykle wygodny.\u00a0Mo\u017cesz zacz\u0105\u0107 nosi\u0107 tego rodzaju biustonosz ju\u017c w czasie ci\u0105\u017cy, gdy Twoje standardowe biustonosze oka\u017c\u0105 si\u0119 zbyt ma\u0142e. Po rozpocz\u0119ciu laktacji biustonosze [&hellip;]<\/p>\n","protected":false},"featured_media":765,"comment_status":"closed","ping_status":"open","template":"","meta":[],"product_cat":[258,267],"product_tag":[716,637,835,737],"class_list":["post-764","product","type-product","status-publish","has-post-thumbnail","hentry","product_cat-bielizna-ciazowa","product_cat-medela","product_tag-filmy-animowane-o-swietach","product_tag-niech-zyja-wakacje-tekst","product_tag-radosc-dziecka-cytaty","product_tag-test-z-lektury-felix-net-i-nika-oraz-gang-niewidzialnych-ludzi"],"_links":{"self":[{"href":"http:\/\/klubmamgdynia.pl\/index.php\/wp-json\/wp\/v2\/product\/764","targetHints":{"allow":["GET"]}}],"collection":[{"href":"http:\/\/klubmamgdynia.pl\/index.php\/wp-json\/wp\/v2\/product"}],"about":[{"href":"http:\/\/klubmamgdynia.pl\/index.php\/wp-json\/wp\/v2\/types\/product"}],"replies":[{"embeddable":true,"href":"http:\/\/klubmamgdynia.pl\/index.php\/wp-json\/wp\/v2\/comments?post=764"}],"wp:featuredmedia":[{"embeddable":true,"href":"http:\/\/klubmamgdynia.pl\/index.php\/wp-json\/wp\/v2\/media\/765"}],"wp:attachment":[{"href":"http:\/\/klubmamgdynia.pl\/index.php\/wp-json\/wp\/v2\/media?parent=764"}],"wp:term":[{"taxonomy":"product_cat","embeddable":true,"href":"http:\/\/klubmamgdynia.pl\/index.php\/wp-json\/wp\/v2\/product_cat?post=764"},{"taxonomy":"product_tag","embeddable":true,"href":"http:\/\/klubmamgdynia.pl\/index.php\/wp-json\/wp\/v2\/product_tag?post=764"}],"curies":[{"name":"wp","href":"https:\/\/api.w.org\/{rel}","templated":true}]}}