{"id":7640,"date":"2015-08-25T14:15:34","date_gmt":"2015-08-25T12:15:34","guid":{"rendered":"http:\/\/klubmamgdynia.pl\/index.php\/produkt\/klein-walizka-lekarska-hello-maestro-4443-zabawka\/"},"modified":"2026-04-07T01:36:54","modified_gmt":"2026-04-06T23:36:54","slug":"klein-walizka-lekarska-hello-maestro-4443-zabawka","status":"publish","type":"product","link":"http:\/\/klubmamgdynia.pl\/index.php\/produkt\/klein-walizka-lekarska-hello-maestro-4443-zabawka\/","title":{"rendered":"Klein Walizka Lekarska Hello Maestro (4443) &#8211; Zabawka"},"content":{"rendered":"<p>Klein \u2013 Walizka lekarska Hello Maestro \u2013 4443 Firma Klein specjalizuje si\u0119 w tworzeniu artyku\u0142\u00f3w zabawkowych, imituj\u0105cych czynno\u015bci, b\u0105d\u017a role, w kt\u00f3re wcielamy si\u0119 w doros\u0142ym \u017cyciu. Przedszkolaki uwielbiaj\u0105 na\u015bladowa\u0107, dlatego teraz b\u0119d\u0105 mogli przemieni\u0107 si\u0119 w lekarza, b\u0105d\u017a ratownika medycznego. W ko\u0144cu kto\u015b musi zbada\u0107 pozosta\u0142ych domownik\u00f3w, pluszaki, czy lalki. Klein produkuje kilkana\u015bcie rodzaj\u00f3w walizek lekarskich. Ten model syngowany jest postaci\u0105 z kultowego filmu animowanego By\u0142o sobie \u017cycie. Tworzywa, z jakiego go wykonano s\u0105 bardzo trwa\u0142e. Opr\u00f3cz tego posiadaj\u0105 uchwyt do przenoszenia i zamyka si\u0119 go na \u017c\u00f3\u0142ty klips. Dzi\u0119ki temu ma\u0142y doktor ma pewno\u015b\u0107, \u017ce zd\u0105\u017cy uratowa\u0107 potrzebuj\u0105cego na czas i nie pogubi swoich przyrz\u0105d\u00f3w lekarskich! A w\u015br\u00f3d nich znajduje si\u0119: Strzykawka Termometr Otoskop M\u0142oteczek Szczypce No\u017cyczki Stetoskop Plaster Pude\u0142ko na waciki Wszystkie powy\u017csze plastikowe elementy utrzymane s\u0105 w kolorach czerwieni i szaro\u015bci (oraz \u017c\u00f3\u0142tego i granatu w przypadku stetoskopu), a tak\u017ce przyozdobione Kleinow\u0105, u\u015bmiechni\u0119t\u0105 bu\u017ak\u0105. Produkt jest ca\u0142kowicie bezpieczny dla dzieci, wykonany z najwy\u017csz\u0105 staranno\u015bci\u0105 i dok\u0142adno\u015bci\u0105. Producent: Klein Numer katalogowy: 4443 Seria: Zestawy lekarskie Wiek dziecka: 3+ Wymiary opakowania: 18 cm x 24 cm x 11,5 cm Klein to znana i ceniona niemiecka marka, kt\u00f3ra produkuje zabawki dla dzieci. W wi\u0119kszo\u015bci s\u0105 to zestawy do kreatywnej zabawy w majsterkowanie, dom, zakupy czy r\u00f3\u017cne zawody, kt\u00f3ra rozwija wyobra\u017ani\u0119 dzieci. Wi\u0119kszo\u015b\u0107 zabawek to produkty licencjonowane, sygnowane logo znanych marek, takich jak Bosch, Vileda czy Braun. Produkowane s\u0105 z wysokiej jako\u015bci materia\u0142\u00f3w sztucznych, dzi\u0119ki czemu rodzic mo\u017ce zadba\u0107 o czysto\u015b\u0107 i higien\u0119 zabawy malucha. Zabawki Klein wp\u0142ywaj\u0105 tak\u017ce na og\u00f3lny, psychoruchowy rozw\u00f3j dzieci \u2013 koordynacj\u0119, umiej\u0119tno\u015bci manualne i motoryk\u0119.<\/p>\n<h2>Klein Walizka Lekarska Hello Maestro (4443) &#8211; Zabawka Klein<\/h2>\n<p>gry i zabawy dla dzieci, by\u0142a sobie \u017cabka ma\u0142a tekst, co na prezent dla nastolatk\u00f3w, dziecko cytaty z\u0142ote my\u015bli, bajki dla noworodka, peppa kolorowanka do druku, pomys\u0142 na prezent na roczek, mini zoo warszawa, jak narysowa\u0107 konia, mia, opis rodzina, kolorowanka flamingi, prezenty dla nastolatek, kolorowanki dla dzieci do druku, jak si\u0119 rysuje kota, cytaty motywacyjne dla dzieci, znaczenie imienia paula, kolorowanka peppa<\/p>\n<p>yyyyy<\/p>\n<p>&nbsp;<\/p>\n","protected":false},"excerpt":{"rendered":"<p>Klein \u2013 Walizka lekarska Hello Maestro \u2013 4443 Firma Klein specjalizuje si\u0119 w tworzeniu artyku\u0142\u00f3w zabawkowych, imituj\u0105cych czynno\u015bci, b\u0105d\u017a role, w kt\u00f3re wcielamy si\u0119 w doros\u0142ym \u017cyciu. Przedszkolaki uwielbiaj\u0105 na\u015bladowa\u0107, dlatego teraz b\u0119d\u0105 mogli przemieni\u0107 si\u0119 w lekarza, b\u0105d\u017a ratownika medycznego. W ko\u0144cu kto\u015b musi zbada\u0107 pozosta\u0142ych domownik\u00f3w, pluszaki, czy lalki. Klein produkuje kilkana\u015bcie rodzaj\u00f3w [&hellip;]<\/p>\n","protected":false},"featured_media":7641,"comment_status":"closed","ping_status":"open","template":"","meta":[],"product_cat":[53,52],"product_tag":[776,861,624,813,599,799,694],"class_list":["post-7640","product","type-product","status-publish","has-post-thumbnail","hentry","product_cat-kaciki-zabaw","product_cat-klein","product_tag-dobrej-nocy","product_tag-jak-narysowac-psa","product_tag-krotkie-zagadki","product_tag-krotkie-zagadki-matematyczne-z-odpowiedziami","product_tag-prezent-dla-nastolatkow-2021","product_tag-zagadka-logiczna","product_tag-zagadki-swiateczne-dla-dzieci"],"_links":{"self":[{"href":"http:\/\/klubmamgdynia.pl\/index.php\/wp-json\/wp\/v2\/product\/7640","targetHints":{"allow":["GET"]}}],"collection":[{"href":"http:\/\/klubmamgdynia.pl\/index.php\/wp-json\/wp\/v2\/product"}],"about":[{"href":"http:\/\/klubmamgdynia.pl\/index.php\/wp-json\/wp\/v2\/types\/product"}],"replies":[{"embeddable":true,"href":"http:\/\/klubmamgdynia.pl\/index.php\/wp-json\/wp\/v2\/comments?post=7640"}],"wp:featuredmedia":[{"embeddable":true,"href":"http:\/\/klubmamgdynia.pl\/index.php\/wp-json\/wp\/v2\/media\/7641"}],"wp:attachment":[{"href":"http:\/\/klubmamgdynia.pl\/index.php\/wp-json\/wp\/v2\/media?parent=7640"}],"wp:term":[{"taxonomy":"product_cat","embeddable":true,"href":"http:\/\/klubmamgdynia.pl\/index.php\/wp-json\/wp\/v2\/product_cat?post=7640"},{"taxonomy":"product_tag","embeddable":true,"href":"http:\/\/klubmamgdynia.pl\/index.php\/wp-json\/wp\/v2\/product_tag?post=7640"}],"curies":[{"name":"wp","href":"https:\/\/api.w.org\/{rel}","templated":true}]}}