{"id":7642,"date":"2020-03-12T03:07:32","date_gmt":"2020-03-12T02:07:32","guid":{"rendered":"http:\/\/klubmamgdynia.pl\/index.php\/produkt\/babyzen-yoyo-connect-black-spacerowy\/"},"modified":"2026-04-29T00:04:32","modified_gmt":"2026-04-28T22:04:32","slug":"babyzen-yoyo-connect-black-spacerowy","status":"publish","type":"product","link":"http:\/\/klubmamgdynia.pl\/index.php\/produkt\/babyzen-yoyo-connect-black-spacerowy\/","title":{"rendered":"BABYZEN YOYO connect Black SPACEROWY"},"content":{"rendered":"<p>Jednym klikni\u0119ciem YOYO\u00b2 zamieni si\u0119 w podw\u00f3jny w\u00f3zek, dzi\u0119ki YOYO connect &#8211; wyj\u0105tkowemu akcesorium, kt\u00f3re mo\u017cna zaczepi\u0107 z ty\u0142u w\u00f3zka.<br \/>\nNiezale\u017cnie od tego, czy Twoje dzieci maj\u0105 niewielk\u0105 r\u00f3\u017cnic\u0119 wieku, czy s\u0105 bli\u017aniakami, z BABYZEN YOYO connect mo\u017cesz skonfigurowa\u0107 w\u00f3zek YOYO w maksymalnie 5 r\u00f3\u017cnych mo\u017cliwych konfiguracji towarzysz\u0105cych Twoim dzieciom od urodzenia do 22 kg.<br \/>\nKonfiguracja bli\u017aniacza<\/p>\n<p>gondola \/ gondola<br \/>\n6+ zestaw kolorystyczny \/ 6+ zestaw kolorystyczny<\/p>\n<p>Konfiguracja podw\u00f3jna:<\/p>\n<p>gondola \/ 6+ zestaw kolorystyczny<br \/>\n6+ zestaw kolorystyczny \/ gondola<br \/>\n6+ zestaw kolorystyczny \/ fotelik samochodowy<\/p>\n<p>Po z\u0142o\u017ceniu YOYO connect mo\u017cna pod\u0142\u0105czy\u0107 do tylnej cz\u0119\u015bci YOYO\u00b2.<br \/>\n\u017badne rozwi\u0105zanie do transportu dwojga dzieci nie jest tak kompaktowe po z\u0142o\u017ceniu, jak YOYO\u00b2 z YOYO connect (52 \u00d7 44 \u00d7 24 cm \/ 20,5 \u00d7 17,3 \u00d7 9,5 cala).<br \/>\nBABYZEN YOYO\u00b2 w po\u0142\u0105czeniu z BABYZEN YOYO connect to pierwszy podw\u00f3jny w\u00f3zek zosta\u0142 zaakceptowany jako baga\u017c podr\u0119czny\u00b9.<\/p>\n<p>Ten sam opatentowany system sk\u0142adania co YOYO\u00b2.<br \/>\n44 cm (17,3 cala) szeroko\u015bci: w\u00f3zek w wersji podw\u00f3jnej przejedzie przez ka\u017cde drzwi.<br \/>\nHamulec na 4 ko\u0142a.<br \/>\nDla dzieci do wagi 22 kg.<br \/>\nYOYO connect wa\u017cy tyle samo, co YOYO\u00b2.<\/p>\n<p>Zestaw zawiera: BABYZEN YOYO connect &#8211; Rama<br \/>\n* Standardy baga\u017cu podr\u0119cznego mog\u0105 si\u0119 r\u00f3\u017cni\u0107 w zale\u017cno\u015bci od linii lotniczej, zalecamy sprawdzenie u przewo\u017anika aktualnego dopuszczalnego limitu baga\u017cu podr\u0119cznego.<\/p>\n<h2>BABYZEN YOYO connect Black SPACEROWY Babyzen<\/h2>\n<p>lol surprise kolorowanki, ale kino program, kanapki na urodziny dziecka, co kupi\u0107 na roczek dla ch\u0142opca, przyjazn, o\u015brodki wczasowe nad morzem dla rodzin z dzie\u0107mi, zagadki matematyczne dla dzieci 7 lat, nietypowe imiona damskie, mi\u0142osz imie, quiz flagi europy, imi\u0119 nela, atrakcje dla dzieci mazowieckie, misie z film\u00f3w animowanych, quizy miko\u0142ajek, po\u0142\u0105cz kropki do druku, kolorowanka robot, trudne zagadki, wierszyki na dobranoc dla dzieci, pierwsze urodziny prezent na roczek dla dziewczynki, nauka pisania wyraz\u00f3w dla dzieci do druku pdf<\/p>\n<p>yyyyy<\/p>\n<p>&nbsp;<\/p>\n","protected":false},"excerpt":{"rendered":"<p>Jednym klikni\u0119ciem YOYO\u00b2 zamieni si\u0119 w podw\u00f3jny w\u00f3zek, dzi\u0119ki YOYO connect &#8211; wyj\u0105tkowemu akcesorium, kt\u00f3re mo\u017cna zaczepi\u0107 z ty\u0142u w\u00f3zka. Niezale\u017cnie od tego, czy Twoje dzieci maj\u0105 niewielk\u0105 r\u00f3\u017cnic\u0119 wieku, czy s\u0105 bli\u017aniakami, z BABYZEN YOYO connect mo\u017cesz skonfigurowa\u0107 w\u00f3zek YOYO w maksymalnie 5 r\u00f3\u017cnych mo\u017cliwych konfiguracji towarzysz\u0105cych Twoim dzieciom od urodzenia do 22 kg. [&hellip;]<\/p>\n","protected":false},"featured_media":7643,"comment_status":"closed","ping_status":"open","template":"","meta":[],"product_cat":[1628,71],"product_tag":[662,722,643,646,678],"class_list":["post-7642","product","type-product","status-publish","has-post-thumbnail","hentry","product_cat-babyzen","product_cat-wozki-spacerowe","product_tag-bajki-na-dobranoc","product_tag-cytaty-o-przyjazni","product_tag-prezent-dla-17-latki","product_tag-prezent-na-pierwsze-urodziny","product_tag-prezent-na-roczek-dla-dziewczynki"],"_links":{"self":[{"href":"http:\/\/klubmamgdynia.pl\/index.php\/wp-json\/wp\/v2\/product\/7642","targetHints":{"allow":["GET"]}}],"collection":[{"href":"http:\/\/klubmamgdynia.pl\/index.php\/wp-json\/wp\/v2\/product"}],"about":[{"href":"http:\/\/klubmamgdynia.pl\/index.php\/wp-json\/wp\/v2\/types\/product"}],"replies":[{"embeddable":true,"href":"http:\/\/klubmamgdynia.pl\/index.php\/wp-json\/wp\/v2\/comments?post=7642"}],"wp:featuredmedia":[{"embeddable":true,"href":"http:\/\/klubmamgdynia.pl\/index.php\/wp-json\/wp\/v2\/media\/7643"}],"wp:attachment":[{"href":"http:\/\/klubmamgdynia.pl\/index.php\/wp-json\/wp\/v2\/media?parent=7642"}],"wp:term":[{"taxonomy":"product_cat","embeddable":true,"href":"http:\/\/klubmamgdynia.pl\/index.php\/wp-json\/wp\/v2\/product_cat?post=7642"},{"taxonomy":"product_tag","embeddable":true,"href":"http:\/\/klubmamgdynia.pl\/index.php\/wp-json\/wp\/v2\/product_tag?post=7642"}],"curies":[{"name":"wp","href":"https:\/\/api.w.org\/{rel}","templated":true}]}}