{"id":7644,"date":"2011-06-08T13:13:11","date_gmt":"2011-06-08T11:13:11","guid":{"rendered":"http:\/\/klubmamgdynia.pl\/index.php\/produkt\/baby-jogger-gondola-city-mini-single-2-gt2-2-gt2-capri\/"},"modified":"2026-04-05T21:07:03","modified_gmt":"2026-04-05T19:07:03","slug":"baby-jogger-gondola-city-mini-single-2-gt2-2-gt2-capri","status":"publish","type":"product","link":"http:\/\/klubmamgdynia.pl\/index.php\/produkt\/baby-jogger-gondola-city-mini-single-2-gt2-2-gt2-capri\/","title":{"rendered":"Baby Jogger Gondola City Mini Single 2\/GT2 &#8211; 2\/GT2 CAPRI"},"content":{"rendered":"<p>Gondola City Mini 2 przeznaczona do w\u00f3zk\u00f3w z linii Baby Jogger City Mini 2 &amp; GT 2. Umo\u017cliwia zastosowanie w\u00f3zka ju\u017c od narodzin dzi\u0119ki mo\u017cliwo\u015bci monta\u017cu na stela\u017cu w\u00f3zka za pomoc\u0105 adapter\u00f3w w zestawie . Pikowane i mi\u0119kko wy\u015bcie\u0142ane wn\u0119trze wraz z os\u0142on\u0105 na n\u00f3\u017cki, chroni\u0105ca przed ch\u0142odem tworz\u0105 wygodne, komfortowe i przytulne miejsce dla wypoczynku malucha. Obszerna budka z daszkiem powleczonym materia\u0142em z ochron\u0105 przeciws\u0142oneczn\u0105 UV 50 chroni przed s\u0142o\u0144cem, jak i wiatrem czy deszczem.Cechy- Odpowiednia dla noworodk\u00f3w i niemowl\u0105t do wagi ok 9,07 kg- Kompatybilna z w\u00f3zkami z linii City Mini 2 \/ City Mini 2 4W \/ GT2 sprzedawana osobno- W komplecie z gondol\u0105 dost\u0119pne adaptery do monta\u017cu gondoli na stela\u017cu- Mo\u017cliwo\u015b\u0107 z\u0142o\u017cenia na p\u0142asko u\u0142atwia transport i przechowywanie.- Zintegrowany uchwyt do przenoszenia zapewniaj\u0105cy \u0142atwy transport jedn\u0105 r\u0119k\u0105- Panel siatkowy z ochron\u0105 UV50 zapewnia cie\u0144 i odpowiedni\u0105 wentylacj\u0119 w gor\u0105ce dni- Os\u0142ona na n\u00f3\u017cki chroni dziecko zar\u00f3wno przed s\u0142o\u0144cem, jak i ch\u0142odem czy wiatrem wbudowanej- Pokrycie materaca mo\u017cna pra\u0107 w pralce,Wymiary wewn\u0119trzne 72 cm L x 31 cm S x 21 cm H<\/p>\n<h2>Baby Jogger Gondola City Mini Single 2\/GT2 &#8211; 2\/GT2 CAPRI Baby Jogger<\/h2>\n<p>karty pracy po ukrai\u0144sku, smoki rysunek, zagadki dla dzieci 7 lat o zwierz\u0119tach, cytaty o wychowaniu dzieci, tabliczka mno\u017cenia kolorowanki do wydruku<\/p>\n<p>yyyyy<\/p>\n<p>&nbsp;<\/p>\n","protected":false},"excerpt":{"rendered":"<p>Gondola City Mini 2 przeznaczona do w\u00f3zk\u00f3w z linii Baby Jogger City Mini 2 &amp; GT 2. Umo\u017cliwia zastosowanie w\u00f3zka ju\u017c od narodzin dzi\u0119ki mo\u017cliwo\u015bci monta\u017cu na stela\u017cu w\u00f3zka za pomoc\u0105 adapter\u00f3w w zestawie . Pikowane i mi\u0119kko wy\u015bcie\u0142ane wn\u0119trze wraz z os\u0142on\u0105 na n\u00f3\u017cki, chroni\u0105ca przed ch\u0142odem tworz\u0105 wygodne, komfortowe i przytulne miejsce dla [&hellip;]<\/p>\n","protected":false},"featured_media":7645,"comment_status":"closed","ping_status":"open","template":"","meta":[],"product_cat":[127,1129],"product_tag":[801,626,742,590,814,767,607],"class_list":["post-7644","product","type-product","status-publish","has-post-thumbnail","hentry","product_cat-akcesoria-do-wozkow","product_cat-baby-jogger","product_tag-bajki-terapeutyczne-o-emocjach","product_tag-jacek","product_tag-piosenki-dla-dzieci-tekst","product_tag-plac-zabaw-warszawa","product_tag-prezenty-dla-nastolatek","product_tag-zaproszenia-urodzinowe-do-druku","product_tag-zarty-na-prima-aprilis-dla-rodzicow"],"_links":{"self":[{"href":"http:\/\/klubmamgdynia.pl\/index.php\/wp-json\/wp\/v2\/product\/7644","targetHints":{"allow":["GET"]}}],"collection":[{"href":"http:\/\/klubmamgdynia.pl\/index.php\/wp-json\/wp\/v2\/product"}],"about":[{"href":"http:\/\/klubmamgdynia.pl\/index.php\/wp-json\/wp\/v2\/types\/product"}],"replies":[{"embeddable":true,"href":"http:\/\/klubmamgdynia.pl\/index.php\/wp-json\/wp\/v2\/comments?post=7644"}],"wp:featuredmedia":[{"embeddable":true,"href":"http:\/\/klubmamgdynia.pl\/index.php\/wp-json\/wp\/v2\/media\/7645"}],"wp:attachment":[{"href":"http:\/\/klubmamgdynia.pl\/index.php\/wp-json\/wp\/v2\/media?parent=7644"}],"wp:term":[{"taxonomy":"product_cat","embeddable":true,"href":"http:\/\/klubmamgdynia.pl\/index.php\/wp-json\/wp\/v2\/product_cat?post=7644"},{"taxonomy":"product_tag","embeddable":true,"href":"http:\/\/klubmamgdynia.pl\/index.php\/wp-json\/wp\/v2\/product_tag?post=7644"}],"curies":[{"name":"wp","href":"https:\/\/api.w.org\/{rel}","templated":true}]}}