{"id":7650,"date":"2017-01-27T06:21:15","date_gmt":"2017-01-27T05:21:15","guid":{"rendered":"http:\/\/klubmamgdynia.pl\/index.php\/produkt\/alvi-baby-maxchen-worek-zewnetrzny-zoo-animals-taupe-r-62-68\/"},"modified":"2026-05-17T21:57:00","modified_gmt":"2026-05-17T19:57:00","slug":"alvi-baby-maxchen-worek-zewnetrzny-zoo-animals-taupe-r-62-68","status":"publish","type":"product","link":"http:\/\/klubmamgdynia.pl\/index.php\/produkt\/alvi-baby-maxchen-worek-zewnetrzny-zoo-animals-taupe-r-62-68\/","title":{"rendered":"Alvi Baby M\u00e4xchen Worek Zewn\u0119trzny Zoo Animals Taupe R. 62 68"},"content":{"rendered":"<p>Szczeg\u00f3\u0142y produktu: Warto\u015b\u0107 TOG: 2,5 Rosn\u0105cy, wy\u015bcie\u0142any worek zewn\u0119trzny z zamkiem b\u0142yskawicznym na ca\u0142ym obwodzie Wysoka jako\u015b\u0107 z bardzo d\u0142ug\u0105 \u017cywotno\u015bci\u0105 i d\u0142ugim utrzymaniem funkcji Optymalna regulacja ciep\u0142a dzi\u0119ki przyjaznemu dla sk\u00f3ry bawe\u0142nianemu d\u017cersejowi Specjalny kszta\u0142t gruszki oferuje mn\u00f3stwo swobody do zabawy. Z wyj\u015bciem na sznurek dla niemowl\u0105t pod nadzorem Idealny towarzysz przez pierwsze p\u00f3\u0142tora roku Oeko-Tex Standard 100 Materia\u0142 i piel\u0119gnacja: Materia\u0142: 100% bawe\u0142na, wype\u0142nienie 100% poliester Normalny cykl prania w temperaturze do 60\u00b0 C Suszy\u0107 w suszarce b\u0119bnowej W zestawie: 1x worek zewn\u0119trzny Kt\u00f3ry rozmiar jest w\u0142a\u015bciwy? Je\u015bli Tw\u00f3j ma\u0142y ulubieniec mie\u015bci si\u0119 mi\u0119dzy 2 rozmiarami, to zasada jest zawsze taka: Wyro\u015bnij, nie bud\u017a si\u0119. W tym przypadku lepiej wybra\u0107 ma\u0142y rozmiar, poniewa\u017c w przeciwnym razie dekolt m\u00f3g\u0142by by\u0107 zbyt du\u017cy. Co dziecko nosi pod \u015bpiworkiem? Z warto\u015bciami TOG do optymalnego klimatu snu. Odpowiednia temperatura w \u0142\u00f3\u017ceczku dziecka jest nie tylko wa\u017cna, ale r\u00f3wnie\u017c rodzi pytania rodzic\u00f3w o odpowiednie ubranko: Czy \u015bpiw\u00f3r jest wystarczaj\u0105cy, czy te\u017c aktualna temperatura w pomieszczeniu sprawia, \u017ce konieczna jest dodatkowa bielizna do spania? Ta tabela warto\u015bci TOG zapewnia jasno\u015b\u0107. Warto\u015b\u0107 TOG s\u0142u\u017cy do okre\u015blenia oporu cieplnego tekstyli\u00f3w. Og\u00f3lnie rzecz bior\u0105c, im wy\u017csza warto\u015b\u0107 TOG, tym \u015bpiw\u00f3r b\u0119dzie cieplejszy. Dzi\u0119ki temu przegl\u0105dowi rodzice wiedz\u0105 dok\u0142adnie, jakie kombinacje \u015bpiworka i ubranka Alvi \u00ae zapewniaj\u0105 dziecku optymalny klimat do spania &#8211; dla bezpiecznego i spokojnego snu dziecka.<\/p>\n<h2>Alvi Baby M\u00e4xchen Worek Zewn\u0119trzny Zoo Animals Taupe R. 62 68 Alvi<\/h2>\n<p>kolorowanka lato, bajka do czytania na dobranoc, zdrowe dania dla dzieci, co kupi\u0107 nastolatkowi, \u017carty na prima aprilis dla ch\u0142opaka, imie aron, kolorowanka ksi\u0119\u017cniczka, jak namalowa\u0107 psa, dobrej nocy i sza, cytaty na dzie\u0144 nauczyciela, paula znaczenie imienia<\/p>\n<p>yyyyy<\/p>\n<p>&nbsp;<\/p>\n","protected":false},"excerpt":{"rendered":"<p>Szczeg\u00f3\u0142y produktu: Warto\u015b\u0107 TOG: 2,5 Rosn\u0105cy, wy\u015bcie\u0142any worek zewn\u0119trzny z zamkiem b\u0142yskawicznym na ca\u0142ym obwodzie Wysoka jako\u015b\u0107 z bardzo d\u0142ug\u0105 \u017cywotno\u015bci\u0105 i d\u0142ugim utrzymaniem funkcji Optymalna regulacja ciep\u0142a dzi\u0119ki przyjaznemu dla sk\u00f3ry bawe\u0142nianemu d\u017cersejowi Specjalny kszta\u0142t gruszki oferuje mn\u00f3stwo swobody do zabawy. Z wyj\u015bciem na sznurek dla niemowl\u0105t pod nadzorem Idealny towarzysz przez pierwsze p\u00f3\u0142tora [&hellip;]<\/p>\n","protected":false},"featured_media":7651,"comment_status":"closed","ping_status":"open","template":"","meta":[],"product_cat":[121,395],"product_tag":[827,784,759,732],"class_list":["post-7650","product","type-product","status-publish","has-post-thumbnail","hentry","product_cat-alvi","product_cat-spiworki","product_tag-bajki-dla-niemowlat","product_tag-hymn-gorniczy","product_tag-pomysly-na-prezent-dla-nastolatkow","product_tag-prezent-dla-rocznego-chlopca"],"_links":{"self":[{"href":"http:\/\/klubmamgdynia.pl\/index.php\/wp-json\/wp\/v2\/product\/7650","targetHints":{"allow":["GET"]}}],"collection":[{"href":"http:\/\/klubmamgdynia.pl\/index.php\/wp-json\/wp\/v2\/product"}],"about":[{"href":"http:\/\/klubmamgdynia.pl\/index.php\/wp-json\/wp\/v2\/types\/product"}],"replies":[{"embeddable":true,"href":"http:\/\/klubmamgdynia.pl\/index.php\/wp-json\/wp\/v2\/comments?post=7650"}],"wp:featuredmedia":[{"embeddable":true,"href":"http:\/\/klubmamgdynia.pl\/index.php\/wp-json\/wp\/v2\/media\/7651"}],"wp:attachment":[{"href":"http:\/\/klubmamgdynia.pl\/index.php\/wp-json\/wp\/v2\/media?parent=7650"}],"wp:term":[{"taxonomy":"product_cat","embeddable":true,"href":"http:\/\/klubmamgdynia.pl\/index.php\/wp-json\/wp\/v2\/product_cat?post=7650"},{"taxonomy":"product_tag","embeddable":true,"href":"http:\/\/klubmamgdynia.pl\/index.php\/wp-json\/wp\/v2\/product_tag?post=7650"}],"curies":[{"name":"wp","href":"https:\/\/api.w.org\/{rel}","templated":true}]}}