{"id":7652,"date":"2011-12-03T04:24:50","date_gmt":"2011-12-03T03:24:50","guid":{"rendered":"http:\/\/klubmamgdynia.pl\/index.php\/produkt\/playmobil-70809-crystal-fairy-z-jednorozcem\/"},"modified":"2026-05-01T17:53:41","modified_gmt":"2026-05-01T15:53:41","slug":"playmobil-70809-crystal-fairy-z-jednorozcem","status":"publish","type":"product","link":"http:\/\/klubmamgdynia.pl\/index.php\/produkt\/playmobil-70809-crystal-fairy-z-jednorozcem\/","title":{"rendered":"Playmobil 70809 Crystal Fairy Z Jednoro\u017ccem"},"content":{"rendered":"<p>Codzienna rodo\u015b\u0107 z zabawy: zawarta w zestawie instrukcja monta\u017cu (przy pomocy rodzic\u00f3w), wysoka jako\u015b\u0107 i wyj\u0105tkowy design, czyszczenie (bez naklejek) mo\u017cliwe pod bie\u017c\u0105c\u0105 wod\u0105 bez \u015brodk\u00f3w chemicznych.W zestawie:Figurki: 1 Crystal FairyZwierz\u0119ta: 1 jednoro\u017cecAkcesoria: 1 kryszta\u0142owe jezioro, 1 wiaderko, 1 podbierak, 1 para skrzyde\u0142 Crystal Fairy, 1 naszyjnik<\/p>\n<h2>Playmobil 70809 Crystal Fairy Z Jednoro\u017ccem Playmobil<\/h2>\n<p>felix net i nika oraz gang niewidzialnych ludzi test z odpowiedziami, prezent na roczek dla chrze\u015bniaka, lodowiska w warszawie, test na znaki drogowe, minionki kolorowanka, gad\u017cety dla nastolatka, lew czarownica i stara szafa test, prezenty dla nastolatk\u00f3w do 50 z\u0142, mitologia test, dziwne zagadki, dla nastolatk\u00f3w prezenty, test z narnii lew czarownica i stara szafa, bruno, kornelia, zagadki logiczne dla dzieci, trudne zagadki i odpowiedzi, maski karnawa\u0142owe do druku, jazda konna dla dzieci, maski karnawa\u0142owe do druku<\/p>\n<p>yyyyy<\/p>\n<p>&nbsp;<\/p>\n","protected":false},"excerpt":{"rendered":"<p>Codzienna rodo\u015b\u0107 z zabawy: zawarta w zestawie instrukcja monta\u017cu (przy pomocy rodzic\u00f3w), wysoka jako\u015b\u0107 i wyj\u0105tkowy design, czyszczenie (bez naklejek) mo\u017cliwe pod bie\u017c\u0105c\u0105 wod\u0105 bez \u015brodk\u00f3w chemicznych.W zestawie:Figurki: 1 Crystal FairyZwierz\u0119ta: 1 jednoro\u017cecAkcesoria: 1 kryszta\u0142owe jezioro, 1 wiaderko, 1 podbierak, 1 para skrzyde\u0142 Crystal Fairy, 1 naszyjnik Playmobil 70809 Crystal Fairy Z Jednoro\u017ccem Playmobil felix [&hellip;]<\/p>\n","protected":false},"featured_media":7653,"comment_status":"closed","ping_status":"open","template":"","meta":[],"product_cat":[113,466],"product_tag":[626,612,795,596,835],"class_list":["post-7652","product","type-product","status-publish","has-post-thumbnail","hentry","product_cat-klocki","product_cat-playmobil","product_tag-jacek","product_tag-kolorowanki-do-druku","product_tag-mini-zoo-warszawa","product_tag-pomysly-na-prima-aprilis","product_tag-radosc-dziecka-cytaty"],"_links":{"self":[{"href":"http:\/\/klubmamgdynia.pl\/index.php\/wp-json\/wp\/v2\/product\/7652","targetHints":{"allow":["GET"]}}],"collection":[{"href":"http:\/\/klubmamgdynia.pl\/index.php\/wp-json\/wp\/v2\/product"}],"about":[{"href":"http:\/\/klubmamgdynia.pl\/index.php\/wp-json\/wp\/v2\/types\/product"}],"replies":[{"embeddable":true,"href":"http:\/\/klubmamgdynia.pl\/index.php\/wp-json\/wp\/v2\/comments?post=7652"}],"wp:featuredmedia":[{"embeddable":true,"href":"http:\/\/klubmamgdynia.pl\/index.php\/wp-json\/wp\/v2\/media\/7653"}],"wp:attachment":[{"href":"http:\/\/klubmamgdynia.pl\/index.php\/wp-json\/wp\/v2\/media?parent=7652"}],"wp:term":[{"taxonomy":"product_cat","embeddable":true,"href":"http:\/\/klubmamgdynia.pl\/index.php\/wp-json\/wp\/v2\/product_cat?post=7652"},{"taxonomy":"product_tag","embeddable":true,"href":"http:\/\/klubmamgdynia.pl\/index.php\/wp-json\/wp\/v2\/product_tag?post=7652"}],"curies":[{"name":"wp","href":"https:\/\/api.w.org\/{rel}","templated":true}]}}