{"id":7654,"date":"2022-12-18T06:35:57","date_gmt":"2022-12-18T05:35:57","guid":{"rendered":"http:\/\/klubmamgdynia.pl\/?post_type=product&#038;p=7654"},"modified":"2026-04-28T16:25:25","modified_gmt":"2026-04-28T14:25:25","slug":"playmobil-70715-scooby-doo-wampir","status":"publish","type":"product","link":"http:\/\/klubmamgdynia.pl\/index.php\/produkt\/playmobil-70715-scooby-doo-wampir\/","title":{"rendered":"Playmobil 70715 Scooby-Doo! Wampir"},"content":{"rendered":"<p>SCOOBY-DOO! Wampir 70715 figurka do kolekcjonowania! Z napojem i kie\u0142bas\u0105 w r\u0119ku kolekcjonerska figurka wampira to upiorna rozkosz! Scooby-Doo ubrany jest w sw\u00f3j wampirzy p\u0142aszcz i str\u00f3j, by odp\u0119dza\u0107 z\u0142e duchy. Zestaw zawiera Scooby-Doo, peleryn\u0119 i inne akcesoria. Nowe produkty do popularnej serii SCOOBY-DOO! Wspania\u0142a propozycja dla ma\u0142ych i du\u017cych fan\u00f3w!Zawarto\u015b\u0107 i cechy zestawu:Zwierz\u0119ta: 1 pies \u201eScooby Doo\u201dAkcesoria: 1 peleryna wampira, 1 kubek do picia, 1 kie\u0142basa, 1 obro\u017ca dla psa, 1 nie\u015bmiertelnik, 1 stojak na Scoobyego, 1 naklejka do kolekcjonowania<\/p>\n<h2>Playmobil 70715 Scooby-Doo! Wampir Playmobil<\/h2>\n<p>dla nastolatk\u00f3w prezenty, pomysly na prezent na roczek, kolorowanka lego, audiobooki dla dzieci za darmo, liwia znaczenie imienia, prezent dla dziewczynki na roczek, quizy miko\u0142ajek, rado\u015b\u0107 dziecka cytaty, walentynka dla syna, kolorowanki dla ch\u0142opc\u00f3w, sing 2 multikino, proste szczere \u017cyczenia bo\u017conarodzeniowe, zagadki wielkanocne do druku, liwia imi\u0119, quizy dla dzieci o zwierz\u0119tach, prima aprilis zarty, babcia z dziadkiem to jest to tekst<\/p>\n<p>yyyyy<\/p>\n<p>&nbsp;<\/p>\n","protected":false},"excerpt":{"rendered":"<p>SCOOBY-DOO! Wampir 70715 figurka do kolekcjonowania! Z napojem i kie\u0142bas\u0105 w r\u0119ku kolekcjonerska figurka wampira to upiorna rozkosz! Scooby-Doo ubrany jest w sw\u00f3j wampirzy p\u0142aszcz i str\u00f3j, by odp\u0119dza\u0107 z\u0142e duchy. Zestaw zawiera Scooby-Doo, peleryn\u0119 i inne akcesoria. Nowe produkty do popularnej serii SCOOBY-DOO! Wspania\u0142a propozycja dla ma\u0142ych i du\u017cych fan\u00f3w!Zawarto\u015b\u0107 i cechy zestawu:Zwierz\u0119ta: 1 [&hellip;]<\/p>\n","protected":false},"featured_media":7655,"comment_status":"closed","ping_status":"open","template":"","meta":[],"product_cat":[113,466],"product_tag":[792,853,739,659,736],"class_list":["post-7654","product","type-product","status-publish","has-post-thumbnail","hentry","product_cat-klocki","product_cat-playmobil","product_tag-cytaty-o-mamie","product_tag-kolorowanki-do-druku-dla-doroslych","product_tag-prima-aprilis-w-szkole","product_tag-tupu-tup-po-sniegu-tekst","product_tag-zabawki-na-roczek"],"_links":{"self":[{"href":"http:\/\/klubmamgdynia.pl\/index.php\/wp-json\/wp\/v2\/product\/7654","targetHints":{"allow":["GET"]}}],"collection":[{"href":"http:\/\/klubmamgdynia.pl\/index.php\/wp-json\/wp\/v2\/product"}],"about":[{"href":"http:\/\/klubmamgdynia.pl\/index.php\/wp-json\/wp\/v2\/types\/product"}],"replies":[{"embeddable":true,"href":"http:\/\/klubmamgdynia.pl\/index.php\/wp-json\/wp\/v2\/comments?post=7654"}],"wp:featuredmedia":[{"embeddable":true,"href":"http:\/\/klubmamgdynia.pl\/index.php\/wp-json\/wp\/v2\/media\/7655"}],"wp:attachment":[{"href":"http:\/\/klubmamgdynia.pl\/index.php\/wp-json\/wp\/v2\/media?parent=7654"}],"wp:term":[{"taxonomy":"product_cat","embeddable":true,"href":"http:\/\/klubmamgdynia.pl\/index.php\/wp-json\/wp\/v2\/product_cat?post=7654"},{"taxonomy":"product_tag","embeddable":true,"href":"http:\/\/klubmamgdynia.pl\/index.php\/wp-json\/wp\/v2\/product_tag?post=7654"}],"curies":[{"name":"wp","href":"https:\/\/api.w.org\/{rel}","templated":true}]}}