{"id":7656,"date":"2014-04-30T13:20:15","date_gmt":"2014-04-30T11:20:15","guid":{"rendered":"http:\/\/klubmamgdynia.pl\/index.php\/produkt\/colfarm-maxi-krzem-30-kaps\/"},"modified":"2026-04-06T00:19:00","modified_gmt":"2026-04-05T22:19:00","slug":"colfarm-maxi-krzem-30-kaps","status":"publish","type":"product","link":"http:\/\/klubmamgdynia.pl\/index.php\/produkt\/colfarm-maxi-krzem-30-kaps\/","title":{"rendered":"Colfarm Maxi Krzem 30 kaps"},"content":{"rendered":"<p>.                            <\/p>\n<p>Colfarm Maxi Krzem 30 kapsMaxi Krzem zawiera unikalne po\u0142\u0105czenie biotyny, krzemionki i kwasu pantotenowego z wyci\u0105gami ze skrzypu polnego i ziela pokrzywy, kt\u00f3re wzmacniaj\u0105 w\u0142osy oraz paznokcie.Cynk i selen korzystnie wp\u0142ywaj\u0105 na ochron\u0119 sk\u0142adnik\u00f3w kom\u00f3rek przed uszkodzeniem oksydacyjnym oraz na prawid\u0142owy stan w\u0142os\u00f3w i paznokci. Mied\u017a przyczynia si\u0119 do prawid\u0142owej pigmentacji sk\u00f3ry i w\u0142os\u00f3w. Jod przyczynia si\u0119 do utrzymania prawid\u0142owego stanu sk\u00f3ry. Kwas PABA (para-aminobenzoesowy) pomaga w utrzymaniu prawid\u0142owej kondycji w\u0142os\u00f3w, paznokci i sk\u00f3ry. Dodatkowo Maxi Krzem zawiera witaminy: C, B1, B2, B3, B12, E oraz kwas foliowy, biotyn\u0119. Biotyna wzmacnia w\u0142osy: wspiera powstawanie cebulek w\u0142osa i wspomaga ich wzrost.                            <\/p>\n<p>Zalecane spo\u017cycie:1 kapsu\u0142ka 1 raz dziennie, w trakcie posi\u0142ku.Sk\u0142adniki:wyci\u0105g z ziela skrzypu polnego (wyci\u0105g z ziela skrzypu polnego, skrobia kukurydziana), \u017celatyna wo\u0142owa, wyci\u0105g z ziela pokrzywy (wyci\u0105g z ziela pokrzywy, skrobia ziemniaczana), wyci\u0105g z p\u0119d\u00f3w bambusa, premix witaminowy (kwas L-askorbinowy, amid kwasu nikotynowego, octan DL-alfa-tokoferylu, D-pantotenian wapnia, ryboflawina, chlorowodorek pirydoksyny, monoazotan tiaminy, kwas pteroilomonoglutaminowy, D-biotyna (skrobia ziemniaczana, D-biotyna), cyjanokobalamina, skrobia kukurydziana)), premix mineralny (mleczan \u017celaza II, siarczan cynku, siarczan manganu, siarczan miedzi II, jodek potasu, selenian IV sodu, skrobia kukurydziana), L-metionina, D-pantotenian wapnia (kwas pantotenowy), kwas para-aminobenzoesowy; dwutlenek krzemu, sole magnezowe kwas\u00f3w t\u0142uszczowych (substancje przeciwzbrylaj\u0105ce), celuloza (substancja wype\u0142niaj\u0105ca), dwutlenek tytanu (barwnik), D-biotyna.                            <\/p>\n<p>***Nie nale\u017cy przekracza\u0107 dziennej zalecanej porcji do spo\u017cycia. Zr\u00f3wnowa\u017cona i zr\u00f3\u017cnicowana dieta oraz zdrowy styl \u017cycia s\u0105 podstaw\u0105 zapewnienia prawid\u0142owego funkcjonowania organizmu. Suplement diety nie mo\u017ce by\u0107 stosowany jako substytut (zamiennik) zr\u00f3\u017cnicowanej diety. Przechowywa\u0107 w suchym, w temperaturze pokojowej, w spos\u00f3b niedost\u0119pny dla ma\u0142ych dzieci.<\/p>\n<h2>Colfarm Maxi Krzem 30 kaps Colfarm<\/h2>\n<p>co kupi\u0107 dziecku na roczek, warszawa atrakcje dla m\u0142odzie\u017cy, zagadki logiczne dla dzieci, b\u0105k ptak, afryka\u0144skie imiona, bajka o \u017cabie, kolorowanki do druku dla ch\u0142opc\u00f3w, test z tajemniczego ogrodu, quiz bajki, prezenty dla nastolatki, opisy o dziecku, ostatni dzwonek tekst, minecraft quiz, kolorowanka piesek, gloria imie, \u0142amig\u0142owki do druku, znajd\u017a r\u00f3\u017cnice, kolorowanka antystresowa, gdzie strumyk p\u0142ynie z wolna, kolorowanki do druku lol, hymn g\u00f3rniczy<\/p>\n<p>yyyyy<\/p>\n<p>&nbsp;<\/p>\n","protected":false},"excerpt":{"rendered":"<p>. Colfarm Maxi Krzem 30 kapsMaxi Krzem zawiera unikalne po\u0142\u0105czenie biotyny, krzemionki i kwasu pantotenowego z wyci\u0105gami ze skrzypu polnego i ziela pokrzywy, kt\u00f3re wzmacniaj\u0105 w\u0142osy oraz paznokcie.Cynk i selen korzystnie wp\u0142ywaj\u0105 na ochron\u0119 sk\u0142adnik\u00f3w kom\u00f3rek przed uszkodzeniem oksydacyjnym oraz na prawid\u0142owy stan w\u0142os\u00f3w i paznokci. Mied\u017a przyczynia si\u0119 do prawid\u0142owej pigmentacji sk\u00f3ry i w\u0142os\u00f3w. [&hellip;]<\/p>\n","protected":false},"featured_media":7657,"comment_status":"closed","ping_status":"open","template":"","meta":[],"product_cat":[1630,136],"product_tag":[719,594,651,767],"class_list":["post-7656","product","type-product","status-publish","has-post-thumbnail","hentry","product_cat-colfarm","product_cat-nutrikosmetyki","product_tag-dziecko-cytaty-zlote-mysli","product_tag-podchwytliwe-zagadki-dla-dzieci","product_tag-quizy-online","product_tag-zaproszenia-urodzinowe-do-druku"],"_links":{"self":[{"href":"http:\/\/klubmamgdynia.pl\/index.php\/wp-json\/wp\/v2\/product\/7656","targetHints":{"allow":["GET"]}}],"collection":[{"href":"http:\/\/klubmamgdynia.pl\/index.php\/wp-json\/wp\/v2\/product"}],"about":[{"href":"http:\/\/klubmamgdynia.pl\/index.php\/wp-json\/wp\/v2\/types\/product"}],"replies":[{"embeddable":true,"href":"http:\/\/klubmamgdynia.pl\/index.php\/wp-json\/wp\/v2\/comments?post=7656"}],"wp:featuredmedia":[{"embeddable":true,"href":"http:\/\/klubmamgdynia.pl\/index.php\/wp-json\/wp\/v2\/media\/7657"}],"wp:attachment":[{"href":"http:\/\/klubmamgdynia.pl\/index.php\/wp-json\/wp\/v2\/media?parent=7656"}],"wp:term":[{"taxonomy":"product_cat","embeddable":true,"href":"http:\/\/klubmamgdynia.pl\/index.php\/wp-json\/wp\/v2\/product_cat?post=7656"},{"taxonomy":"product_tag","embeddable":true,"href":"http:\/\/klubmamgdynia.pl\/index.php\/wp-json\/wp\/v2\/product_tag?post=7656"}],"curies":[{"name":"wp","href":"https:\/\/api.w.org\/{rel}","templated":true}]}}