{"id":7658,"date":"2014-09-09T02:44:28","date_gmt":"2014-09-09T00:44:28","guid":{"rendered":"http:\/\/klubmamgdynia.pl\/index.php\/produkt\/baby-jogger-city-gondola-select-lux-port\/"},"modified":"2026-04-04T13:23:58","modified_gmt":"2026-04-04T11:23:58","slug":"baby-jogger-city-gondola-select-lux-port","status":"publish","type":"product","link":"http:\/\/klubmamgdynia.pl\/index.php\/produkt\/baby-jogger-city-gondola-select-lux-port\/","title":{"rendered":"Baby Jogger City Gondola Select Lux Port"},"content":{"rendered":"<p>Gondola dedykowana do w\u00f3zka City Select LUX.Oblekany pa\u0142\u0105k do przenoszenia gondoli, pokrycie materaca mo\u017cliwe do prania w pralce oraz ochraniacz na n\u00f3\u017cki.Ostrze\u017cenia: Zalecana od urodzenia do ok. 6 m-ca (do momentu od kiedy dziecko zacznie si\u0119 unosi\u0107 samodzielnie).Dedykowana tylko do w\u00f3zka City Select LUX.Kompatybilna z siedziskiem City Select LUX.<\/p>\n<h2>Baby Jogger City Gondola Select Lux Port Baby Jogger<\/h2>\n<p>\u0142\u00f3d\u017a atrakcje dla dzieci, zabawy z pi\u0142k\u0105, wierszyki o marzannie, rezolutna dziewczynka z wiersza tuwima, cytaty na dzie\u0144 nauczyciela, choinka kolorowanka szablon, zaczarowana zagroda &#8211; test, nietypowe imiona damskie, o\u015brodki wczasowe nad morzem dla rodzin z dzie\u0107mi, \u0142\u0105czenie kropek, karyna, \u015bmieszne zagadki z odpowiedziami, zagadki co to jest<\/p>\n<p>yyyyy<\/p>\n<p>&nbsp;<\/p>\n","protected":false},"excerpt":{"rendered":"<p>Gondola dedykowana do w\u00f3zka City Select LUX.Oblekany pa\u0142\u0105k do przenoszenia gondoli, pokrycie materaca mo\u017cliwe do prania w pralce oraz ochraniacz na n\u00f3\u017cki.Ostrze\u017cenia: Zalecana od urodzenia do ok. 6 m-ca (do momentu od kiedy dziecko zacznie si\u0119 unosi\u0107 samodzielnie).Dedykowana tylko do w\u00f3zka City Select LUX.Kompatybilna z siedziskiem City Select LUX. Baby Jogger City Gondola Select Lux [&hellip;]<\/p>\n","protected":false},"featured_media":7659,"comment_status":"closed","ping_status":"open","template":"","meta":[],"product_cat":[127,1129],"product_tag":[660,716,843,791],"class_list":["post-7658","product","type-product","status-publish","has-post-thumbnail","hentry","product_cat-akcesoria-do-wozkow","product_cat-baby-jogger","product_tag-bianka","product_tag-filmy-animowane-o-swietach","product_tag-smieszne-zagadki-dla-dzieci","product_tag-zagadki-na-myslenie"],"_links":{"self":[{"href":"http:\/\/klubmamgdynia.pl\/index.php\/wp-json\/wp\/v2\/product\/7658","targetHints":{"allow":["GET"]}}],"collection":[{"href":"http:\/\/klubmamgdynia.pl\/index.php\/wp-json\/wp\/v2\/product"}],"about":[{"href":"http:\/\/klubmamgdynia.pl\/index.php\/wp-json\/wp\/v2\/types\/product"}],"replies":[{"embeddable":true,"href":"http:\/\/klubmamgdynia.pl\/index.php\/wp-json\/wp\/v2\/comments?post=7658"}],"wp:featuredmedia":[{"embeddable":true,"href":"http:\/\/klubmamgdynia.pl\/index.php\/wp-json\/wp\/v2\/media\/7659"}],"wp:attachment":[{"href":"http:\/\/klubmamgdynia.pl\/index.php\/wp-json\/wp\/v2\/media?parent=7658"}],"wp:term":[{"taxonomy":"product_cat","embeddable":true,"href":"http:\/\/klubmamgdynia.pl\/index.php\/wp-json\/wp\/v2\/product_cat?post=7658"},{"taxonomy":"product_tag","embeddable":true,"href":"http:\/\/klubmamgdynia.pl\/index.php\/wp-json\/wp\/v2\/product_tag?post=7658"}],"curies":[{"name":"wp","href":"https:\/\/api.w.org\/{rel}","templated":true}]}}