{"id":766,"date":"2014-05-14T15:55:22","date_gmt":"2014-05-14T13:55:22","guid":{"rendered":"http:\/\/klubmamgdynia.pl\/index.php\/produkt\/simba-strazak-sam-pojazd-venus-z-dzwiekiem-i-figurka\/"},"modified":"2026-04-26T23:42:34","modified_gmt":"2026-04-26T21:42:34","slug":"simba-strazak-sam-pojazd-venus-z-dzwiekiem-i-figurka","status":"publish","type":"product","link":"http:\/\/klubmamgdynia.pl\/index.php\/produkt\/simba-strazak-sam-pojazd-venus-z-dzwiekiem-i-figurka\/","title":{"rendered":"Simba Stra\u017cak Sam Pojazd Venus z d\u017awi\u0119kiem i figurk\u0105"},"content":{"rendered":"<p>Stra\u017cak Sam Pojazd Venus z d\u017awi\u0119kiem i figurk\u0105. Pojazd ze \u015bwiat\u0142em i d\u017awi\u0119kiem, z funkcj\u0105 psikawki wodnej. Otwierane drzwi, ruchome elementy. W zestawie figurka Elvisa i wiele akcesori\u00f3w. Zabawka przeznaczona jest dla dzieci w wieku od 3 lat. Producent: SIMA Kod producenta: SB7656-002 Wymiary opakowania: 26\u00d717\u00d715cm<\/p>\n<h2>Simba Stra\u017cak Sam Pojazd Venus z d\u017awi\u0119kiem i figurk\u0105 Simba<\/h2>\n<p>rysunki dla pocz\u0105tkuj\u0105cych, szablony papierowe lalki do ubierania do wydruku, znaczenie imienia milosz, prima aprilis pomys\u0142y, maurycy, krak\u00f3w atrakcje dla dzieci, korczak cytaty, imie kuba, quiz konie, prezent na roczek dla ch\u0142opca, p\u0142ywalnie warszawa, desery dla dzieci, zagadki z odpowiedziami dla dzieci<\/p>\n<p>yyyyy<\/p>\n<p>&nbsp;<\/p>\n","protected":false},"excerpt":{"rendered":"<p>Stra\u017cak Sam Pojazd Venus z d\u017awi\u0119kiem i figurk\u0105. Pojazd ze \u015bwiat\u0142em i d\u017awi\u0119kiem, z funkcj\u0105 psikawki wodnej. Otwierane drzwi, ruchome elementy. W zestawie figurka Elvisa i wiele akcesori\u00f3w. Zabawka przeznaczona jest dla dzieci w wieku od 3 lat. Producent: SIMA Kod producenta: SB7656-002 Wymiary opakowania: 26\u00d717\u00d715cm Simba Stra\u017cak Sam Pojazd Venus z d\u017awi\u0119kiem i figurk\u0105 [&hellip;]<\/p>\n","protected":false},"featured_media":767,"comment_status":"closed","ping_status":"open","template":"","meta":[],"product_cat":[95,279],"product_tag":[838,722,699,759,678,633],"class_list":["post-766","product","type-product","status-publish","has-post-thumbnail","hentry","product_cat-figurki-makiety-i-zestawy","product_cat-simba","product_tag-bajki-dla-dzieci-na-dobranoc","product_tag-cytaty-o-przyjazni","product_tag-kolorowanki-do-druku-dla-dziewczyn","product_tag-pomysly-na-prezent-dla-nastolatkow","product_tag-prezent-na-roczek-dla-dziewczynki","product_tag-zagadki-z-odpowiedziami"],"_links":{"self":[{"href":"http:\/\/klubmamgdynia.pl\/index.php\/wp-json\/wp\/v2\/product\/766","targetHints":{"allow":["GET"]}}],"collection":[{"href":"http:\/\/klubmamgdynia.pl\/index.php\/wp-json\/wp\/v2\/product"}],"about":[{"href":"http:\/\/klubmamgdynia.pl\/index.php\/wp-json\/wp\/v2\/types\/product"}],"replies":[{"embeddable":true,"href":"http:\/\/klubmamgdynia.pl\/index.php\/wp-json\/wp\/v2\/comments?post=766"}],"wp:featuredmedia":[{"embeddable":true,"href":"http:\/\/klubmamgdynia.pl\/index.php\/wp-json\/wp\/v2\/media\/767"}],"wp:attachment":[{"href":"http:\/\/klubmamgdynia.pl\/index.php\/wp-json\/wp\/v2\/media?parent=766"}],"wp:term":[{"taxonomy":"product_cat","embeddable":true,"href":"http:\/\/klubmamgdynia.pl\/index.php\/wp-json\/wp\/v2\/product_cat?post=766"},{"taxonomy":"product_tag","embeddable":true,"href":"http:\/\/klubmamgdynia.pl\/index.php\/wp-json\/wp\/v2\/product_tag?post=766"}],"curies":[{"name":"wp","href":"https:\/\/api.w.org\/{rel}","templated":true}]}}