{"id":7660,"date":"2023-03-18T13:05:22","date_gmt":"2023-03-18T12:05:22","guid":{"rendered":"http:\/\/klubmamgdynia.pl\/?post_type=product&#038;p=7660"},"modified":"2026-04-04T04:33:14","modified_gmt":"2026-04-04T02:33:14","slug":"baby-jogger-city-mini-2-double-jet-gondola-city-mini-2-gt2-double-gleboko-spacerowy-rok-po-roku","status":"publish","type":"product","link":"http:\/\/klubmamgdynia.pl\/index.php\/produkt\/baby-jogger-city-mini-2-double-jet-gondola-city-mini-2-gt2-double-gleboko-spacerowy-rok-po-roku\/","title":{"rendered":"Baby Jogger City Mini 2 Double Jet + Gondola City Mini 2\/GT2 Double G\u0142\u0119boko Spacerowy Rok Po Roku"},"content":{"rendered":"<p>Baby Jogger City Mini 2 Double + 1x gondolaw\u00f3zek bli\u017aniaczy charakteryzuj\u0105cy si\u0119 lekko\u015bci\u0105 oraz unikatowym mechanizmem sk\u0142adania. W zestaw wchodzi:- w\u00f3zek double jet- gondola 1x- pa\u0142\u0105k 1x- folia double 1xCity Mini 2 Double jest w\u00f3zkiem, kt\u00f3ry zosta\u0142 stworzony z my\u015bl\u0105 o dziecku, o czym \u015bwiadczy obecno\u015b\u0107 budek z filtrem przeciws\u0142onecznym na poziomie UV50, regulowanego podn\u00f3\u017cka b\u0119d\u0105cego podparciem dla n\u00f3\u017cek, czy oparcia z mo\u017cliwo\u015bci\u0105 ustawienia do niemal ca\u0142kowicie p\u0142askiej pozycji le\u017c\u0105cej. W\u00f3zek jest r\u00f3wnie wygodny dla dziecka, co dla rodzica &#8211; zosta\u0142 wyposa\u017cony w pakowny kosz zakupowy, budk\u0119 z okienkiem podgl\u0105dowym, niezwykle szybki i prosty mechanizm sk\u0142adania ukryty w siedzisku w\u00f3zka, oraz &#8211; co najwa\u017cniejsze &#8211; ko\u0142a nadaj\u0105ce je\u017adzie lekko\u015bci oraz p\u0142ynno\u015bci. Po zakupie dedykowanych adapter\u00f3w na stela\u017cu w\u00f3zka umie\u015bcisz r\u00f3wnie\u017c fotelik samochodowy w grupie 0+ (0-13kg), co umo\u017cliwia Ci stworzenie pe\u0142nego systemu podr\u00f3\u017cnego. Budka przeciws\u0142oneczna Budka w\u00f3zka zosta\u0142a skonstruowana tak, aby podr\u00f3\u017c w upalne dni nie szkodzi\u0142a Twojemu maluszkowi &#8211; dlatego wyposa\u017cono j\u0105 w niezb\u0119dne filtry przeciws\u0142oneczne na poziomie UV50. Dodatkowo, w budce znajduje si\u0119 okienko do podgl\u0105du, dzi\u0119ki kt\u00f3remu w ka\u017cdej chwili mo\u017cesz zerkn\u0105\u0107 do malucha. Siedzisko Siedzisko w\u00f3zka jest obszerne &#8211; dziecko mo\u017ce cieszy\u0107 si\u0119 komfortem wynikaj\u0105cym z posiadania sporej przestrzeni dla siebie, nawet w\u00f3wczas, gdy obok podr\u00f3\u017cuje s\u0105siad. Pozycja le\u017c\u0105ca City Mini 2 Double jest przygotowany na okoliczno\u015b\u0107 urwania sobie przez malucha drzemki, dlatego oparcie siedziska mo\u017cna ustawi\u0107 do pozycji le\u017c\u0105cej. Regulowany podn\u00f3\u017cek N\u00f3\u017cki dziecka potrzebuj\u0105 punktu podparcia. Podn\u00f3\u017cek s\u0142u\u017cy temu, aby ma\u0142emu podr\u00f3\u017cnikowi zawsze by\u0142o wygodnie, a mo\u017cliwo\u015b\u0107 jego regulacji pozwala dopasowa\u0107 w\u00f3zek do preferencji malucha. Kosz zakupowy Du\u017cy kosz zakupowy pozwoli Ci problemu zapakowa\u0107 si\u0119 na ka\u017cdy spacer. Ko\u0142a Bezobs\u0142ugowe ko\u0142a zapewniaj\u0105 p\u0142ynno\u015b\u0107 jazdy, dzi\u0119ki czemu poruszanie si\u0119 po mie\u015bcie &#8211; w\u00f3zkiem z dw\u00f3jk\u0105 dzieci na pok\u0142adzie &#8211; jest przyjemne. Mo\u017cesz mie\u0107 pewno\u015b\u0107 &#8211; z Baby Jogger City Mini 2 Double zawsze dotrzesz do celu. Sk\u0142adanie Sk\u0142adanie w\u00f3zka jest proste i zajmuje tylko chwil\u0119 &#8211; mechanizm sk\u0142adania jest bardzo dyskretny, znajduje si\u0119 w siedzisku fotelika. Po z\u0142o\u017ceniu w\u00f3zek osi\u0105ga kompaktowe rozmiary, dzi\u0119ki czemu nie musisz organizowa\u0107 dodatkowej przestrzeni na jego przechowywanie. System podr\u00f3\u017cny Po zakupie dedykowanych adapter\u00f3w na stela\u017cu w\u00f3zka mo\u017cesz zamocowa\u0107 fotelik samochodowy z grupy 0+ (0-13 kg) lub gondol\u0119 &#8211; w ten spos\u00f3b stworzysz system podr\u00f3\u017cny, kt\u00f3ry pozwoli Ci na u\u017cywanie w\u00f3zka ju\u017c od narodzin dziecka!<\/p>\n<h2>Baby Jogger City Mini 2 Double Jet + Gondola City Mini 2\/GT2 Double G\u0142\u0119boko Spacerowy Rok Po Roku Baby Jogger<\/h2>\n<p>minionki kolorowanka, dzie\u0144 nauczyciela teksty, zagadki dla doros\u0142ych, cytaty o dziecku i mamie, korczak cytaty, wakacyjne kolorowanki, imiona \u017ce\u0144skie nietypowe, kr\u00f3tkie bajki na dobranoc o mi\u0142o\u015bci, \u015bmieszne zagadki matematyczne, kolorowanki do druku lol, wakacje kolorowanka, jak narysowa\u0107, prezenty dla nastolatk\u00f3w, kolorowanki do druku pokemon, prezent roczek, bajka o piesku do czytania<\/p>\n<p>yyyyy<\/p>\n<p>&nbsp;<\/p>\n","protected":false},"excerpt":{"rendered":"<p>Baby Jogger City Mini 2 Double + 1x gondolaw\u00f3zek bli\u017aniaczy charakteryzuj\u0105cy si\u0119 lekko\u015bci\u0105 oraz unikatowym mechanizmem sk\u0142adania. W zestaw wchodzi:- w\u00f3zek double jet- gondola 1x- pa\u0142\u0105k 1x- folia double 1xCity Mini 2 Double jest w\u00f3zkiem, kt\u00f3ry zosta\u0142 stworzony z my\u015bl\u0105 o dziecku, o czym \u015bwiadczy obecno\u015b\u0107 budek z filtrem przeciws\u0142onecznym na poziomie UV50, regulowanego podn\u00f3\u017cka [&hellip;]<\/p>\n","protected":false},"featured_media":7661,"comment_status":"closed","ping_status":"open","template":"","meta":[],"product_cat":[1129,1631],"product_tag":[583,752,604],"class_list":["post-7660","product","type-product","status-publish","has-post-thumbnail","hentry","product_cat-baby-jogger","product_cat-wozki-dla-blizniakow","product_tag-kolysanki-dla-dzieci-tekst","product_tag-kuba-imie","product_tag-zagadki-trudne"],"_links":{"self":[{"href":"http:\/\/klubmamgdynia.pl\/index.php\/wp-json\/wp\/v2\/product\/7660","targetHints":{"allow":["GET"]}}],"collection":[{"href":"http:\/\/klubmamgdynia.pl\/index.php\/wp-json\/wp\/v2\/product"}],"about":[{"href":"http:\/\/klubmamgdynia.pl\/index.php\/wp-json\/wp\/v2\/types\/product"}],"replies":[{"embeddable":true,"href":"http:\/\/klubmamgdynia.pl\/index.php\/wp-json\/wp\/v2\/comments?post=7660"}],"wp:featuredmedia":[{"embeddable":true,"href":"http:\/\/klubmamgdynia.pl\/index.php\/wp-json\/wp\/v2\/media\/7661"}],"wp:attachment":[{"href":"http:\/\/klubmamgdynia.pl\/index.php\/wp-json\/wp\/v2\/media?parent=7660"}],"wp:term":[{"taxonomy":"product_cat","embeddable":true,"href":"http:\/\/klubmamgdynia.pl\/index.php\/wp-json\/wp\/v2\/product_cat?post=7660"},{"taxonomy":"product_tag","embeddable":true,"href":"http:\/\/klubmamgdynia.pl\/index.php\/wp-json\/wp\/v2\/product_tag?post=7660"}],"curies":[{"name":"wp","href":"https:\/\/api.w.org\/{rel}","templated":true}]}}