{"id":7662,"date":"2019-02-23T19:33:51","date_gmt":"2019-02-23T18:33:51","guid":{"rendered":"http:\/\/klubmamgdynia.pl\/index.php\/produkt\/trifox-rondel-z-jedzeniem-zabawka\/"},"modified":"2026-05-17T22:17:21","modified_gmt":"2026-05-17T20:17:21","slug":"trifox-rondel-z-jedzeniem-zabawka","status":"publish","type":"product","link":"http:\/\/klubmamgdynia.pl\/index.php\/produkt\/trifox-rondel-z-jedzeniem-zabawka\/","title":{"rendered":"Trifox Rondel Z Jedzeniem &#8211; Zabawka"},"content":{"rendered":"<p>Rondel z jedzeniemEAN: 5901353650254<\/p>\n<h2>Trifox Rondel Z Jedzeniem &#8211; Zabawka Trifox<\/h2>\n<p>zgadywanki dla dzieci, prezent na pierwsze urodziny, prezent dla siedemnastolatka, zagadki dla dzieci, ko\u0142ysanki dla dzieci + tekst, zagadki logiczne, miasto dzieci pl, nietypowe imiona, zagadki o psach, zaproszenia urodzinowe do wydruku chomikuj, dobranoc zimowe, stolice europy quiz, dzie\u0144 pluszowego misia, my jeste\u015bmy krasnoludki tekst, quizy o miko\u0142ajku<\/p>\n<p>yyyyy<\/p>\n<p>&nbsp;<\/p>\n","protected":false},"excerpt":{"rendered":"<p>Rondel z jedzeniemEAN: 5901353650254 Trifox Rondel Z Jedzeniem &#8211; Zabawka Trifox zgadywanki dla dzieci, prezent na pierwsze urodziny, prezent dla siedemnastolatka, zagadki dla dzieci, ko\u0142ysanki dla dzieci + tekst, zagadki logiczne, miasto dzieci pl, nietypowe imiona, zagadki o psach, zaproszenia urodzinowe do wydruku chomikuj, dobranoc zimowe, stolice europy quiz, dzie\u0144 pluszowego misia, my jeste\u015bmy krasnoludki [&hellip;]<\/p>\n","protected":false},"featured_media":7663,"comment_status":"closed","ping_status":"open","template":"","meta":[],"product_cat":[53,308],"product_tag":[730,699,729,652],"class_list":["post-7662","product","type-product","status-publish","has-post-thumbnail","hentry","product_cat-kaciki-zabaw","product_cat-trifox","product_tag-karyna","product_tag-kolorowanki-do-druku-dla-dziewczyn","product_tag-madre-bajki-dla-dzieci-do-czytania","product_tag-otto"],"_links":{"self":[{"href":"http:\/\/klubmamgdynia.pl\/index.php\/wp-json\/wp\/v2\/product\/7662","targetHints":{"allow":["GET"]}}],"collection":[{"href":"http:\/\/klubmamgdynia.pl\/index.php\/wp-json\/wp\/v2\/product"}],"about":[{"href":"http:\/\/klubmamgdynia.pl\/index.php\/wp-json\/wp\/v2\/types\/product"}],"replies":[{"embeddable":true,"href":"http:\/\/klubmamgdynia.pl\/index.php\/wp-json\/wp\/v2\/comments?post=7662"}],"wp:featuredmedia":[{"embeddable":true,"href":"http:\/\/klubmamgdynia.pl\/index.php\/wp-json\/wp\/v2\/media\/7663"}],"wp:attachment":[{"href":"http:\/\/klubmamgdynia.pl\/index.php\/wp-json\/wp\/v2\/media?parent=7662"}],"wp:term":[{"taxonomy":"product_cat","embeddable":true,"href":"http:\/\/klubmamgdynia.pl\/index.php\/wp-json\/wp\/v2\/product_cat?post=7662"},{"taxonomy":"product_tag","embeddable":true,"href":"http:\/\/klubmamgdynia.pl\/index.php\/wp-json\/wp\/v2\/product_tag?post=7662"}],"curies":[{"name":"wp","href":"https:\/\/api.w.org\/{rel}","templated":true}]}}