{"id":7664,"date":"2021-05-08T18:39:57","date_gmt":"2021-05-08T16:39:57","guid":{"rendered":"http:\/\/klubmamgdynia.pl\/index.php\/produkt\/amy-spiworek-bambus-62-wesoly-kosmos\/"},"modified":"2026-05-17T22:05:18","modified_gmt":"2026-05-17T20:05:18","slug":"amy-spiworek-bambus-62-wesoly-kosmos","status":"publish","type":"product","link":"http:\/\/klubmamgdynia.pl\/index.php\/produkt\/amy-spiworek-bambus-62-wesoly-kosmos\/","title":{"rendered":"Amy \u015apiworek Bambus 62 Weso\u0142y Kosmos"},"content":{"rendered":"<p>Amy \u015apiworek bambus 62 Weso\u0142y kosmos<\/p>\n<h2>Amy \u015apiworek Bambus 62 Weso\u0142y Kosmos Amy<\/h2>\n<p>basen \u015bl\u0105sk, gry z pi\u0142k\u0105, prezent dla ch\u0142opca na roczek, test z lektury narnia lew czarownica i stara szafa<\/p>\n<p>yyyyy<\/p>\n<p>&nbsp;<\/p>\n","protected":false},"excerpt":{"rendered":"<p>Amy \u015apiworek bambus 62 Weso\u0142y kosmos Amy \u015apiworek Bambus 62 Weso\u0142y Kosmos Amy basen \u015bl\u0105sk, gry z pi\u0142k\u0105, prezent dla ch\u0142opca na roczek, test z lektury narnia lew czarownica i stara szafa yyyyy &nbsp;<\/p>\n","protected":false},"featured_media":7665,"comment_status":"closed","ping_status":"open","template":"","meta":[],"product_cat":[1474,395],"product_tag":[598,768,602,608],"class_list":["post-7664","product","type-product","status-publish","has-post-thumbnail","hentry","product_cat-amy","product_cat-spiworki","product_tag-co-na-roczek-dla-dziewczynki","product_tag-krotkie-zagadki-logiczne","product_tag-quiz-o-zwierzetach-domowych","product_tag-zagadki-i-odpowiedzi"],"_links":{"self":[{"href":"http:\/\/klubmamgdynia.pl\/index.php\/wp-json\/wp\/v2\/product\/7664","targetHints":{"allow":["GET"]}}],"collection":[{"href":"http:\/\/klubmamgdynia.pl\/index.php\/wp-json\/wp\/v2\/product"}],"about":[{"href":"http:\/\/klubmamgdynia.pl\/index.php\/wp-json\/wp\/v2\/types\/product"}],"replies":[{"embeddable":true,"href":"http:\/\/klubmamgdynia.pl\/index.php\/wp-json\/wp\/v2\/comments?post=7664"}],"wp:featuredmedia":[{"embeddable":true,"href":"http:\/\/klubmamgdynia.pl\/index.php\/wp-json\/wp\/v2\/media\/7665"}],"wp:attachment":[{"href":"http:\/\/klubmamgdynia.pl\/index.php\/wp-json\/wp\/v2\/media?parent=7664"}],"wp:term":[{"taxonomy":"product_cat","embeddable":true,"href":"http:\/\/klubmamgdynia.pl\/index.php\/wp-json\/wp\/v2\/product_cat?post=7664"},{"taxonomy":"product_tag","embeddable":true,"href":"http:\/\/klubmamgdynia.pl\/index.php\/wp-json\/wp\/v2\/product_tag?post=7664"}],"curies":[{"name":"wp","href":"https:\/\/api.w.org\/{rel}","templated":true}]}}