{"id":7666,"date":"2016-05-13T12:58:30","date_gmt":"2016-05-13T10:58:30","guid":{"rendered":"http:\/\/klubmamgdynia.pl\/index.php\/produkt\/baby-jogger-city-select-dodatkowe-siedzisko\/"},"modified":"2026-04-05T21:59:25","modified_gmt":"2026-04-05T19:59:25","slug":"baby-jogger-city-select-dodatkowe-siedzisko","status":"publish","type":"product","link":"http:\/\/klubmamgdynia.pl\/index.php\/produkt\/baby-jogger-city-select-dodatkowe-siedzisko\/","title":{"rendered":"Baby Jogger City Select Dodatkowe Siedzisko"},"content":{"rendered":"<p>Dodatkowe siedzisko do w\u00f3zka City Select &#8211; AMTEHYSTDodatkowe siedzisko do w\u00f3zka City SelectUmo\u017cliwia szybk\u0105 i praktyczn\u0105 konwersj\u0119 w\u00f3zka pojedynczego na w\u00f3zek przeznaczony dla dwojga dzieci, w tym w r\u00f3\u017cnym wieku. Siedzisko dost\u0119pne w kilku wersjach kolorystycznych.\u0141atwe i szybkie w monta\u017cuNiewielka waga Wykonane z trwa\u0142ych materia\u0142\u00f3wSportowa, wyrafinowana stylistyka5-punktowe pasy bezpiecze\u0144stwaDopasowana kolorystyka do w\u00f3zk\u00f3wIdealne dla dw\u00f3jkiSiedzisko umo\u017cliwiaj\u0105ce przetransformowanie w\u00f3zkaBaby Jogger City Select pojedynczego w podw\u00f3jny.Dzieci mog\u0105 jecha\u0107 zar\u00f3wno zwr\u00f3cone buziami w kierunku jazdy jak i do siebie.Siedzisko mo\u017ce by\u0107 montowane na stela\u017cu w\u00f3zka z drugim siedziskiem, gondolk\u0105 lub fotelikiem samochodowym.Charakterystyka:\u0142atwy w utrzymaniu czysto\u015bci materia\u0142,solidna konstrukcja,monta\u017c siedziska przodem lub ty\u0142em do kierunku jazdy,\u0142atwy (de)monta\u017c siedziska,pi\u0119ciopunktowe pasy bezpiecze\u0144stwa z ochraniaczami,regulowany podn\u00f3\u017cek,zaczepy do monta\u017cu w komplecie.Dane techniczne:waga siedziska: 2,3 kg<\/p>\n<h2>Baby Jogger City Select Dodatkowe Siedzisko Baby Jogger<\/h2>\n<p>bajki do czytania na dobranoc, zagadki o zwierz\u0119tach, quiz zemsta, felix net i nika oraz gang niewidzialnych ludzi quiz, zagadki o wielkanocy dla dzieci, nietypowe imiona damskie, lego ninjago kolorowanki, przek\u0105ski na urodziny dziecka, prezent na 1 urodziny, li\u015bcie jesienne szablon, mini zoo mazowieckie, audiobooki dla dzieci za darmo, prezenty na roczek dla ch\u0142opca, zagadki dla dzieci 5 lat, dziecko cytaty z\u0142ote my\u015bli, ko\u0142ysanki tekst, kanapki dla dzieci, felix net i nika oraz gang niewidzialnych ludzi pytania i odpowiedzi<\/p>\n<p>yyyyy<\/p>\n<p>&nbsp;<\/p>\n","protected":false},"excerpt":{"rendered":"<p>Dodatkowe siedzisko do w\u00f3zka City Select &#8211; AMTEHYSTDodatkowe siedzisko do w\u00f3zka City SelectUmo\u017cliwia szybk\u0105 i praktyczn\u0105 konwersj\u0119 w\u00f3zka pojedynczego na w\u00f3zek przeznaczony dla dwojga dzieci, w tym w r\u00f3\u017cnym wieku. Siedzisko dost\u0119pne w kilku wersjach kolorystycznych.\u0141atwe i szybkie w monta\u017cuNiewielka waga Wykonane z trwa\u0142ych materia\u0142\u00f3wSportowa, wyrafinowana stylistyka5-punktowe pasy bezpiecze\u0144stwaDopasowana kolorystyka do w\u00f3zk\u00f3wIdealne dla dw\u00f3jkiSiedzisko umo\u017cliwiaj\u0105ce [&hellip;]<\/p>\n","protected":false},"featured_media":7667,"comment_status":"closed","ping_status":"open","template":"","meta":[],"product_cat":[127,1129],"product_tag":[825,703,798,741],"class_list":["post-7666","product","type-product","status-publish","has-post-thumbnail","hentry","product_cat-akcesoria-do-wozkow","product_cat-baby-jogger","product_tag-bajka-na-dobranoc-do-czytania","product_tag-prezent-dla-nastolatki","product_tag-prezenty-dla-nastolatki","product_tag-wlochy"],"_links":{"self":[{"href":"http:\/\/klubmamgdynia.pl\/index.php\/wp-json\/wp\/v2\/product\/7666","targetHints":{"allow":["GET"]}}],"collection":[{"href":"http:\/\/klubmamgdynia.pl\/index.php\/wp-json\/wp\/v2\/product"}],"about":[{"href":"http:\/\/klubmamgdynia.pl\/index.php\/wp-json\/wp\/v2\/types\/product"}],"replies":[{"embeddable":true,"href":"http:\/\/klubmamgdynia.pl\/index.php\/wp-json\/wp\/v2\/comments?post=7666"}],"wp:featuredmedia":[{"embeddable":true,"href":"http:\/\/klubmamgdynia.pl\/index.php\/wp-json\/wp\/v2\/media\/7667"}],"wp:attachment":[{"href":"http:\/\/klubmamgdynia.pl\/index.php\/wp-json\/wp\/v2\/media?parent=7666"}],"wp:term":[{"taxonomy":"product_cat","embeddable":true,"href":"http:\/\/klubmamgdynia.pl\/index.php\/wp-json\/wp\/v2\/product_cat?post=7666"},{"taxonomy":"product_tag","embeddable":true,"href":"http:\/\/klubmamgdynia.pl\/index.php\/wp-json\/wp\/v2\/product_tag?post=7666"}],"curies":[{"name":"wp","href":"https:\/\/api.w.org\/{rel}","templated":true}]}}