{"id":7670,"date":"2024-05-18T19:24:03","date_gmt":"2024-05-18T17:24:03","guid":{"rendered":"http:\/\/klubmamgdynia.pl\/?post_type=product&#038;p=7670"},"modified":"2026-04-05T23:57:44","modified_gmt":"2026-04-05T21:57:44","slug":"viga-toys-drewniane-kolorowe-klocki-ksztalty-80el","status":"publish","type":"product","link":"http:\/\/klubmamgdynia.pl\/index.php\/produkt\/viga-toys-drewniane-kolorowe-klocki-ksztalty-80el\/","title":{"rendered":"Viga Toys Drewniane Kolorowe Klocki Kszta\u0142ty 80El."},"content":{"rendered":"<p>VIGA TOYS DREWNIANE KOLOROWE KLOCKI &#8211; KSZTA\u0141TY 80ELDrewniane klocki od firmy Viga pozwol\u0105 dzieciom na kszta\u0142towanie precyzji ruchu r\u0105czek, obcowanie z zestawem poprawi tak\u017ce koordynacj\u0119 wzrokowo-ruchow\u0105. Zestaw zawiera 80 kolorowych klock\u00f3w, w sk\u0142ad kt\u00f3rego wchodz\u0105 klocki o r\u00f3\u017cnych kszta\u0142tach.R\u00f3\u017cnorodno\u015b\u0107 kszta\u0142t\u00f3w pozwala na budowanie niepowtarzalnych obiekt\u00f3w. Klocki opakowane s\u0105 w plastikowe wiaderko z r\u0105czk\u0105 co u\u0142atwi przenoszenie ich w dowolne miejsce. Do zestawu do\u0142\u0105czona jest r\u00f3wnie\u017c ksi\u0105\u017ceczka, kt\u00f3ra zainspiruje dziecko do kreatywnej zabawy.Ca\u0142o\u015b\u0107 wykonana zosta\u0142a z wysokiej jako\u015bci drewna, kt\u00f3re zadowoli ka\u017cdego u\u017cytkownika i da mn\u00f3stwo rado\u015bci z zabawy.<\/p>\n<h2>Viga Toys Drewniane Kolorowe Klocki Kszta\u0142ty 80El. Viga<\/h2>\n<p>bardzo trudne zagadki, rzadkie imiona, co dla rocznego dziecka, opisy do zdj z dzieckiem, zagadki logiczne dla doros\u0142ych, malowanka, zagadki o owocach<\/p>\n<p>yyyyy<\/p>\n<p>&nbsp;<\/p>\n","protected":false},"excerpt":{"rendered":"<p>VIGA TOYS DREWNIANE KOLOROWE KLOCKI &#8211; KSZTA\u0141TY 80ELDrewniane klocki od firmy Viga pozwol\u0105 dzieciom na kszta\u0142towanie precyzji ruchu r\u0105czek, obcowanie z zestawem poprawi tak\u017ce koordynacj\u0119 wzrokowo-ruchow\u0105. Zestaw zawiera 80 kolorowych klock\u00f3w, w sk\u0142ad kt\u00f3rego wchodz\u0105 klocki o r\u00f3\u017cnych kszta\u0142tach.R\u00f3\u017cnorodno\u015b\u0107 kszta\u0142t\u00f3w pozwala na budowanie niepowtarzalnych obiekt\u00f3w. Klocki opakowane s\u0105 w plastikowe wiaderko z r\u0105czk\u0105 co u\u0142atwi [&hellip;]<\/p>\n","protected":false},"featured_media":7671,"comment_status":"closed","ping_status":"open","template":"","meta":[],"product_cat":[1106,99],"product_tag":[789,683,618,749,814],"class_list":["post-7670","product","type-product","status-publish","has-post-thumbnail","hentry","product_cat-viga","product_cat-zabawki-ekologiczne","product_tag-kaczuszka","product_tag-karaluchy-pod-poduchy","product_tag-lato-lato-lato-czeka-tekst","product_tag-najlepsze-zarty-na-prima-aprilis","product_tag-prezenty-dla-nastolatek"],"_links":{"self":[{"href":"http:\/\/klubmamgdynia.pl\/index.php\/wp-json\/wp\/v2\/product\/7670","targetHints":{"allow":["GET"]}}],"collection":[{"href":"http:\/\/klubmamgdynia.pl\/index.php\/wp-json\/wp\/v2\/product"}],"about":[{"href":"http:\/\/klubmamgdynia.pl\/index.php\/wp-json\/wp\/v2\/types\/product"}],"replies":[{"embeddable":true,"href":"http:\/\/klubmamgdynia.pl\/index.php\/wp-json\/wp\/v2\/comments?post=7670"}],"wp:featuredmedia":[{"embeddable":true,"href":"http:\/\/klubmamgdynia.pl\/index.php\/wp-json\/wp\/v2\/media\/7671"}],"wp:attachment":[{"href":"http:\/\/klubmamgdynia.pl\/index.php\/wp-json\/wp\/v2\/media?parent=7670"}],"wp:term":[{"taxonomy":"product_cat","embeddable":true,"href":"http:\/\/klubmamgdynia.pl\/index.php\/wp-json\/wp\/v2\/product_cat?post=7670"},{"taxonomy":"product_tag","embeddable":true,"href":"http:\/\/klubmamgdynia.pl\/index.php\/wp-json\/wp\/v2\/product_tag?post=7670"}],"curies":[{"name":"wp","href":"https:\/\/api.w.org\/{rel}","templated":true}]}}