{"id":7672,"date":"2022-07-17T19:18:09","date_gmt":"2022-07-17T17:18:09","guid":{"rendered":"http:\/\/klubmamgdynia.pl\/index.php\/produkt\/kreon-travix-10-000-50-kapsulek\/"},"modified":"2026-04-03T21:27:42","modified_gmt":"2026-04-03T19:27:42","slug":"kreon-travix-10-000-50-kapsulek","status":"publish","type":"product","link":"http:\/\/klubmamgdynia.pl\/index.php\/produkt\/kreon-travix-10-000-50-kapsulek\/","title":{"rendered":"Kreon Travix (10 000), 50 kapsu\u0142ek"},"content":{"rendered":"<p>Dzia\u0142anie:<\/p>\n<p>Kreon Travix zawiera mieszanin\u0119 enzym\u00f3w trawiennych nazywanych \u201epankreatyna\u201d.Pankreatyna pomaga trawi\u0107 pokarm. Enzymy s\u0105 pozyskiwane z trzustek wieprzowych.Kreon Travix zawiera ma\u0142e granulki, kt\u00f3re powoli uwalniaj\u0105 pankreatyn\u0119 w jelicie (granulki odporne na dzia\u0142anie kwasu \u017co\u0142\u0105dkowego, nazywane Minimikrosfery).\u00a0Przeciwwskazania:je\u015bli pacjent ma uczulenie na pankreatyn\u0119 wieprzow\u0105 lub kt\u00f3rykolwiek z pozosta\u0142ych sk\u0142adnik\u00f3w tego leku\u00a0                            <\/p>\n<p>Dawkowanie:Kreon Travix nale\u017cy zawsze przyjmowa\u0107 zgodnie z zaleceniami lekarza. W razie w\u0105tpliwo\u015bci nale\u017cy skontaktowa\u0107 si\u0119 z lekarzem.Dawkowanie leku Kreon Travix:Dawka jest mierzona w jednostkach lipazy. Lipaza jest jednym z enzym\u00f3w pankreatyny. R\u00f3\u017cne moce leku Kreon zawieraj\u0105 inne ilo\u015bci lipazy.O ilo\u015bci przyjmowanych kapsu\u0142ek decyduje lekarz.Lekarz dostosuje dawk\u0119 do potrzeb pacjenta. Jest ona uzale\u017cniona od: rodzaju choroby, masy cia\u0142a, stosowanej diety, ilo\u015bci t\u0142uszczu obecnego w kale.Je\u015bli utrzymuj\u0105 si\u0119 stolce t\u0142uszczowe lub dolegliwo\u015bci ze strony \u017co\u0142\u0105dka lub jelit (objawy \u017co\u0142\u0105dkowo-jelitowe), nale\u017cy skontaktowa\u0107 si\u0119 z lekarzem, poniewa\u017c mo\u017ce istnie\u0107 konieczno\u015b\u0107 dostosowania dawki.\u00a0                            <\/p>\n<p>Sk\u0142ad:Substancj\u0105 czynn\u0105 leku jest 150 mg pankreatyny o aktywno\u015bci:10 000 j. Ph.Eur. lipazy8 000 j. Ph.Eur. amylazy600 j. Ph.Eur. proteazy.Inne sk\u0142adniki leku to: makrogol 4000, hypromelozy ftalan, dimetykon 1000, alkohol cetylowy, trietylu cytrynian.Ci\u0105\u017ca:W przypadku ci\u0105\u017cy lub podejrzenia ci\u0105\u017cy nale\u017cy skontaktowa\u0107 si\u0119 z lekarzem przed przyj\u0119ciem leku Kreon Travix. Lekarz zadecyduje czy mo\u017cna i w jakiej dawce przyjmowa\u0107 lek Kreon Travix.\u00a0Niepo\u017c\u0105dane:Jak ka\u017cdy lek, lek Kreon Travix mo\u017ce powodowa\u0107 dzia\u0142ania niepo\u017c\u0105dane, chocia\u017c nie u ka\u017cdego one wyst\u0105pi\u0105. Wszystkie mo\u017cliwe dzia\u0142ania niepo\u017c\u0105dane zawarte s\u0105 w ulotce do\u0142\u0105czonej do opakowania.\u00a0                            <\/p>\n<p>            Wskazania:<\/p>\n<p>Kreon Travix jest stosowany u dzieci i doros\u0142ych z zewn\u0105trzwydzielnicz\u0105 niewydolno\u015bci\u0105 trzustki. Jest to choroba, w czasie kt\u00f3rej trzustka nie produkuje wystarczaj\u0105cej ilo\u015bci enzym\u00f3w trawi\u0105cych pokarm. Dotyczy to pacjent\u00f3w z:mukowiscydoz\u0105 (rzadka choroba genetyczna)zablokowaniem przewod\u00f3w wyprowadzaj\u0105cych z trzustki lub p\u0119cherzyka \u017c\u00f3\u0142ciowegoatakiem ostrego zapalenia trzustki. Kreon Travix mo\u017cna zacz\u0105\u0107 przyjmowa\u0107, gdy pacjent ponownie rozpocznie doustne przyjmowanie pokarm\u00f3wprzewlek\u0142ym zapaleniem trzustkirakiem trzustkiusuni\u0119t\u0105 trzustk\u0105 lub jej cz\u0119\u015bci\u0105usuni\u0119tym \u017co\u0142\u0105dkiem lub jego cz\u0119\u015bci\u0105rakiem trzustkizespoleniem \u017co\u0142\u0105dkowo-jelitowymzespo\u0142em Shwachmana-Diamonda (bardzo rzadka choroba genetyczna).<\/p>\n<h2>Kreon Travix (10 000), 50 kapsu\u0142ek Abbott Laboratories GmbH<\/h2>\n<p>opowie\u015b\u0107 wigilijna test z odpowiedziami, misie z film\u00f3w animowanych, praktyczny prezent dla rocznego dziecka, wroc\u0142aw atrakcje dla m\u0142odzie\u017cy, quiz o bo\u017cym narodzeniu, darmowe quizy, prank na prima aprilis, \u0142amig\u0142\u00f3wki dla dzieci, prezent dla rocznego dziecka, laurka dla mamy rysunek, co oznacza jordan, prezent na \u015bwi\u0119ta dla nastolatka, rymowanki o pisankach<\/p>\n<p>yyyyy<\/p>\n<p>&nbsp;<\/p>\n","protected":false},"excerpt":{"rendered":"<p>Dzia\u0142anie: Kreon Travix zawiera mieszanin\u0119 enzym\u00f3w trawiennych nazywanych \u201epankreatyna\u201d.Pankreatyna pomaga trawi\u0107 pokarm. Enzymy s\u0105 pozyskiwane z trzustek wieprzowych.Kreon Travix zawiera ma\u0142e granulki, kt\u00f3re powoli uwalniaj\u0105 pankreatyn\u0119 w jelicie (granulki odporne na dzia\u0142anie kwasu \u017co\u0142\u0105dkowego, nazywane Minimikrosfery).\u00a0Przeciwwskazania:je\u015bli pacjent ma uczulenie na pankreatyn\u0119 wieprzow\u0105 lub kt\u00f3rykolwiek z pozosta\u0142ych sk\u0142adnik\u00f3w tego leku\u00a0 Dawkowanie:Kreon Travix nale\u017cy zawsze przyjmowa\u0107 zgodnie [&hellip;]<\/p>\n","protected":false},"featured_media":7673,"comment_status":"closed","ping_status":"open","template":"","meta":[],"product_cat":[1632,212],"product_tag":[836,808,692,846,760,869],"class_list":["post-7672","product","type-product","status-publish","has-post-thumbnail","hentry","product_cat-abbott-laboratories-gmbh","product_cat-uklad-pokarmowy","product_tag-co-kupic-dziecku-na-roczek","product_tag-imie-mia","product_tag-prezenty-na-roczek","product_tag-rysowanki","product_tag-zagadka-matematyczna","product_tag-zagadki-na-logike"],"_links":{"self":[{"href":"http:\/\/klubmamgdynia.pl\/index.php\/wp-json\/wp\/v2\/product\/7672","targetHints":{"allow":["GET"]}}],"collection":[{"href":"http:\/\/klubmamgdynia.pl\/index.php\/wp-json\/wp\/v2\/product"}],"about":[{"href":"http:\/\/klubmamgdynia.pl\/index.php\/wp-json\/wp\/v2\/types\/product"}],"replies":[{"embeddable":true,"href":"http:\/\/klubmamgdynia.pl\/index.php\/wp-json\/wp\/v2\/comments?post=7672"}],"wp:featuredmedia":[{"embeddable":true,"href":"http:\/\/klubmamgdynia.pl\/index.php\/wp-json\/wp\/v2\/media\/7673"}],"wp:attachment":[{"href":"http:\/\/klubmamgdynia.pl\/index.php\/wp-json\/wp\/v2\/media?parent=7672"}],"wp:term":[{"taxonomy":"product_cat","embeddable":true,"href":"http:\/\/klubmamgdynia.pl\/index.php\/wp-json\/wp\/v2\/product_cat?post=7672"},{"taxonomy":"product_tag","embeddable":true,"href":"http:\/\/klubmamgdynia.pl\/index.php\/wp-json\/wp\/v2\/product_tag?post=7672"}],"curies":[{"name":"wp","href":"https:\/\/api.w.org\/{rel}","templated":true}]}}