{"id":7674,"date":"2012-03-25T13:27:39","date_gmt":"2012-03-25T11:27:39","guid":{"rendered":"http:\/\/klubmamgdynia.pl\/index.php\/produkt\/espiro-fuel-10-spacerowy\/"},"modified":"2026-04-06T15:40:00","modified_gmt":"2026-04-06T13:40:00","slug":"espiro-fuel-10-spacerowy","status":"publish","type":"product","link":"http:\/\/klubmamgdynia.pl\/index.php\/produkt\/espiro-fuel-10-spacerowy\/","title":{"rendered":"Espiro Fuel 10 Spacerowy"},"content":{"rendered":"<p>Kompaktowy w\u00f3zek na wyj\u0105tkowo du\u017cych ko\u0142ach, z nowoczesnym systemem sk\u0142adania autofolding. Model Espiro Fuel to naturalne paliwo do spacer\u00f3w nie tylko w mie\u015bcie, ale i poza nim! Dzi\u0119ki pe\u0142nej amortyzacji sprawdzi si\u0119 idealnie r\u00f3wnie\u017c na nier\u00f3wnej nawierzchni, przy wadze zaledwie 7,9 kg.<\/p>\n<h2>Espiro Fuel 10 Spacerowy Espiro<\/h2>\n<p>romantyczna bajka na dobranoc, posz\u0142a ola na spacerek, m\u0105dre cytaty dla dzieci, ziemia wyspa zielona tekst, z\u0142ote my\u015bli o przyja\u017ani, fajne zagadki dla dzieci, z\u0142ote my\u015bli kubu\u015b puchatek cytaty, kolorowanki lego ninjago, atrakcje dla dzieci warszawa 2021, prezent dla jedenastolatka, miko\u0142ajek test z lektury<\/p>\n<p>yyyyy<\/p>\n<p>&nbsp;<\/p>\n","protected":false},"excerpt":{"rendered":"<p>Kompaktowy w\u00f3zek na wyj\u0105tkowo du\u017cych ko\u0142ach, z nowoczesnym systemem sk\u0142adania autofolding. Model Espiro Fuel to naturalne paliwo do spacer\u00f3w nie tylko w mie\u015bcie, ale i poza nim! Dzi\u0119ki pe\u0142nej amortyzacji sprawdzi si\u0119 idealnie r\u00f3wnie\u017c na nier\u00f3wnej nawierzchni, przy wadze zaledwie 7,9 kg. Espiro Fuel 10 Spacerowy Espiro romantyczna bajka na dobranoc, posz\u0142a ola na spacerek, [&hellip;]<\/p>\n","protected":false},"featured_media":7675,"comment_status":"closed","ping_status":"open","template":"","meta":[],"product_cat":[162,71],"product_tag":[829,783,737,601],"class_list":["post-7674","product","type-product","status-publish","has-post-thumbnail","hentry","product_cat-espiro","product_cat-wozki-spacerowe","product_tag-bajki-do-czytania-na-dobranoc","product_tag-prezenty-na-roczek-dla-chlopca","product_tag-test-z-lektury-felix-net-i-nika-oraz-gang-niewidzialnych-ludzi","product_tag-zagadki-co-to-jest"],"_links":{"self":[{"href":"http:\/\/klubmamgdynia.pl\/index.php\/wp-json\/wp\/v2\/product\/7674","targetHints":{"allow":["GET"]}}],"collection":[{"href":"http:\/\/klubmamgdynia.pl\/index.php\/wp-json\/wp\/v2\/product"}],"about":[{"href":"http:\/\/klubmamgdynia.pl\/index.php\/wp-json\/wp\/v2\/types\/product"}],"replies":[{"embeddable":true,"href":"http:\/\/klubmamgdynia.pl\/index.php\/wp-json\/wp\/v2\/comments?post=7674"}],"wp:featuredmedia":[{"embeddable":true,"href":"http:\/\/klubmamgdynia.pl\/index.php\/wp-json\/wp\/v2\/media\/7675"}],"wp:attachment":[{"href":"http:\/\/klubmamgdynia.pl\/index.php\/wp-json\/wp\/v2\/media?parent=7674"}],"wp:term":[{"taxonomy":"product_cat","embeddable":true,"href":"http:\/\/klubmamgdynia.pl\/index.php\/wp-json\/wp\/v2\/product_cat?post=7674"},{"taxonomy":"product_tag","embeddable":true,"href":"http:\/\/klubmamgdynia.pl\/index.php\/wp-json\/wp\/v2\/product_tag?post=7674"}],"curies":[{"name":"wp","href":"https:\/\/api.w.org\/{rel}","templated":true}]}}