{"id":7676,"date":"2016-03-22T23:14:01","date_gmt":"2016-03-22T22:14:01","guid":{"rendered":"http:\/\/klubmamgdynia.pl\/index.php\/produkt\/sterntaler-zestaw-kombinezonow-romper-jersey-cord-rozowy-dziewczynka-r-50\/"},"modified":"2026-04-30T02:06:43","modified_gmt":"2026-04-30T00:06:43","slug":"sterntaler-zestaw-kombinezonow-romper-jersey-cord-rozowy-dziewczynka-r-50","status":"publish","type":"product","link":"http:\/\/klubmamgdynia.pl\/index.php\/produkt\/sterntaler-zestaw-kombinezonow-romper-jersey-cord-rozowy-dziewczynka-r-50\/","title":{"rendered":"Sterntaler zestaw kombinezon\u00f3w romper jersey cord r\u00f3\u017cowy &#8211; Dziewczynka &#8211; r. 50"},"content":{"rendered":"<p>Z nowej Sterntaler kolekcji &#8211; jako\u015b\u0107, kt\u00f3r\u0105 mo\u017cna zobaczy\u0107. Zestaw kombinezon\u00f3w romper pasuj\u0105cy do serii Mouse Mabel. Kombinezon romper z nogawkami wykonanymi z d\u017cerseju w kwiaty z przednim jarzmem wykonanym z d\u017cerseju z nadrukiem i zapi\u0119ciem na przedni guzik. Kombinezon romper mo\u017cna wygodnie otworzy\u0107 za pomoc\u0105 d\u0142ugiego guzika w kroku. Koszulka z d\u017cerseju z delikatnym nadrukiem w kropki i dekoltem z wypustkami mo\u017ce by\u0107 otwierana za pomoc\u0105 panelu na guziki z zatrzaskami. szczeg\u00f3\u0142y dotycz\u0105ce produktu: Garnitur konkurencji: 95 % bawe\u0142ny, 5 % elastanu Swetry: 95 % bawe\u0142ny, 5 % elastanu Mo\u017cna pra\u0107 w temperaturze 40 \u00b0C<\/p>\n<h2>Sterntaler zestaw kombinezon\u00f3w romper jersey cord r\u00f3\u017cowy &#8211; Dziewczynka &#8211; r. 50 Sterntaler<\/h2>\n<p>maciej imie, bajka do czytania na dobranoc, gloria imie, dekorowanie kanapek dla dzieci, kanapki halloween, marcel imi\u0119, pikachu kolorowanka, audiobook dla dzieci za darmo, kolorowanki super zings, r\u00f3\u017ca imie, ahmed, \u015bmigus dyngus lany poniedzia\u0142ek zyczenia, zagadki dla 8 latka, dobrej nocy, alan imie, bajki o ksi\u0119\u017cniczkach do czytania, karty pracy do druku litery, laurka dla babci<\/p>\n<p>yyyyy<\/p>\n<p>&nbsp;<\/p>\n","protected":false},"excerpt":{"rendered":"<p>Z nowej Sterntaler kolekcji &#8211; jako\u015b\u0107, kt\u00f3r\u0105 mo\u017cna zobaczy\u0107. Zestaw kombinezon\u00f3w romper pasuj\u0105cy do serii Mouse Mabel. Kombinezon romper z nogawkami wykonanymi z d\u017cerseju w kwiaty z przednim jarzmem wykonanym z d\u017cerseju z nadrukiem i zapi\u0119ciem na przedni guzik. Kombinezon romper mo\u017cna wygodnie otworzy\u0107 za pomoc\u0105 d\u0142ugiego guzika w kroku. Koszulka z d\u017cerseju z delikatnym [&hellip;]<\/p>\n","protected":false},"featured_media":7677,"comment_status":"closed","ping_status":"open","template":"","meta":[],"product_cat":[33,1448],"product_tag":[802,859,653,860,873],"class_list":["post-7676","product","type-product","status-publish","has-post-thumbnail","hentry","product_cat-sterntaler","product_cat-ubranka-niemowlece","product_tag-co-kupic-dziewczynce-na-roczek","product_tag-dobranoc-pchly-na-noc","product_tag-warszawa-dla-dzieci","product_tag-zagadki-logiczne-dla-doroslych","product_tag-zagadki-z-odpowiedziami-dla-dzieci"],"_links":{"self":[{"href":"http:\/\/klubmamgdynia.pl\/index.php\/wp-json\/wp\/v2\/product\/7676","targetHints":{"allow":["GET"]}}],"collection":[{"href":"http:\/\/klubmamgdynia.pl\/index.php\/wp-json\/wp\/v2\/product"}],"about":[{"href":"http:\/\/klubmamgdynia.pl\/index.php\/wp-json\/wp\/v2\/types\/product"}],"replies":[{"embeddable":true,"href":"http:\/\/klubmamgdynia.pl\/index.php\/wp-json\/wp\/v2\/comments?post=7676"}],"wp:featuredmedia":[{"embeddable":true,"href":"http:\/\/klubmamgdynia.pl\/index.php\/wp-json\/wp\/v2\/media\/7677"}],"wp:attachment":[{"href":"http:\/\/klubmamgdynia.pl\/index.php\/wp-json\/wp\/v2\/media?parent=7676"}],"wp:term":[{"taxonomy":"product_cat","embeddable":true,"href":"http:\/\/klubmamgdynia.pl\/index.php\/wp-json\/wp\/v2\/product_cat?post=7676"},{"taxonomy":"product_tag","embeddable":true,"href":"http:\/\/klubmamgdynia.pl\/index.php\/wp-json\/wp\/v2\/product_tag?post=7676"}],"curies":[{"name":"wp","href":"https:\/\/api.w.org\/{rel}","templated":true}]}}