{"id":7678,"date":"2023-08-28T11:08:33","date_gmt":"2023-08-28T09:08:33","guid":{"rendered":"http:\/\/klubmamgdynia.pl\/?post_type=product&#038;p=7678"},"modified":"2026-04-06T02:14:27","modified_gmt":"2026-04-06T00:14:27","slug":"eva-qu-czopki-przeciw-zaparciom-6-czopkow","status":"publish","type":"product","link":"http:\/\/klubmamgdynia.pl\/index.php\/produkt\/eva-qu-czopki-przeciw-zaparciom-6-czopkow\/","title":{"rendered":"Eva\/Qu czopki przeciw zaparciom 6 czopk\u00f3w"},"content":{"rendered":"<p>Eva\/qu\u00ae czopki przeciw zaparciom \u2013 naturalnie, skutecznie i bezpiecznie przywracaj\u0105 normalne wypr\u00f3\u017cnienie.                            <\/p>\n<p>EVA\/QU to czopki przeciw zaparciom o dzia\u0142aniu fizjologicznym,dzi\u0119ki temu naturalnie i skutecznie przywracaj\u0105 normalne wypr\u00f3\u017cnienia.Czopki dzia\u0142aj\u0105 jedynie miejscowo i nie zawieraj\u0105 sk\u0142adnik\u00f3w przeczyszczaj\u0105cych, kt\u00f3re przyswojone przez organizm, mog\u0142yby wywo\u0142a\u0107 dzia\u0142ania niepo\u017c\u0105dane, takie jak odwodnienie, zaburzenia r\u00f3wnowagi elektrolitycznej, zapalenie jelita grubego, etc.Czopki nie wywo\u0142uj\u0105 efektu uzale\u017cnienia.Zastosowanie czopk\u00f3w jest wskazanew przypadku op\u00f3\u017anie\u0144 regularnego rytmu wypr\u00f3\u017cniania si\u0119, zar\u00f3wno okazjonalnych jak i powtarzaj\u0105cych si\u0119. Delikatne i skuteczne miejscowe dzia\u0142anie fizjologiczne (nie zwi\u0105zane z obecno\u015bci\u0105 substancji wch\u0142anianych przez organizm), powoduje, \u017ce czopki Eva\/qu\u00ae s\u0105 szczeg\u00f3lnie zalecane w okresie ci\u0105\u017cy, w okresie karmienia piersi\u0105, ale r\u00f3wnie\u017c podczas rekonwalescencji, u os\u00f3b w podesz\u0142ym wieku, niepe\u0142nosprawnych motorycznie oraz ob\u0142o\u017cnie chorych.Zastosowanie czopk\u00f3w Eva\/qu pomaga r\u00f3wnie\u017c w przygotowaniu do opr\u00f3\u017cnienia odbytu przed zabiegami chirurgicznymi, gastroenterologicznymi czy urologicznymi, wypr\u00f3\u017cnieniu przed a tak\u017ce zaraz po porodzie.Czopki Eva\/qu s\u0105 nieodzowne w podr\u00f3\u017cy w celu zapobie\u017cenia uporczywym zaparciom, szybko i skutecznie doprowadzaj\u0105c do wypr\u00f3\u017cnienia.S\u0105 tak\u017ce pomocne w przypadku zaplanowanego oczyszczania jelit, niezale\u017cnie od wszelkich zaj\u0119\u0107 &#8211; np. w pracy, podr\u00f3\u017cy lotniczej lub kolejowej.                            <\/p>\n<p>            Stosowanie<\/p>\n<p>Wyj\u0105\u0107 czopek z trwale zamkni\u0119tego opakowania. Wprowadzi\u0107 do kana\u0142u odbytu popychaj\u0105c, a\u017c do chwili jego pe\u0142nego wprowadzenia. W przypadku obecno\u015bci zmian chorobowych lub hemoroid\u00f3w, czopek nale\u017cy wprowadzi\u0107 po jego wcze\u015bniejszym nat\u0142uszczeniu olejem wazelinowym lub olejem z oliwek.Czopek zaczyna rozpuszcza\u0107 si\u0119 natychmiast i daje pocz\u0105tek bod\u017acowi stymuluj\u0105cemu wypr\u00f3\u017cnienie. Pomimo, \u017ce bodziec wyzwalaj\u0105cy jest odczuwalny w kr\u00f3tkim okresie czasu od wprowadzenia czopka, nale\u017cy powstrzyma\u0107 si\u0119 od wypr\u00f3\u017cnienia przez kilka minut. W tym czasie nale\u017cy raczej chodzi\u0107 ni\u017c siedzie\u0107.                            <\/p>\n<p>            Sk\u0142ad<\/p>\n<p>Dwuw\u0119glan sodu i dwuwinian potasu zawieszone w polietylenoglikolu rozpuszczalnym w wodzie.<\/p>\n<h2>Eva\/Qu czopki przeciw zaparciom 6 czopk\u00f3w Solpharm<\/h2>\n<p>zagadki rymowanki dla dzieci, podchwytliwe zagadki dla doros\u0142ych, jednoro\u017cec kolorowanka do druku, psikusy na prima aprilis, borys imi\u0119, test narnia lew czarownica i stara szafa, quizy dla dzieci 10 lat, jak si\u0119 rysuje psa, zagadki logiczne na inteligencj\u0119, star wars kolorowanki, co kupi\u0107 na roczek dla ch\u0142opca, cytat o mamie, zagadki dla dzieci 7-8 lat online, flagi europy quiz, kwiaty polne nazwy, \u017cyczenia na lany poniedzia\u0142ek wielkanocny, jacek, kanapki na urodziny dziecka, opisy do zdj dziecka, malowanki dla dzieci<\/p>\n<p>yyyyy<\/p>\n<p>&nbsp;<\/p>\n","protected":false},"excerpt":{"rendered":"<p>Eva\/qu\u00ae czopki przeciw zaparciom \u2013 naturalnie, skutecznie i bezpiecznie przywracaj\u0105 normalne wypr\u00f3\u017cnienie. EVA\/QU to czopki przeciw zaparciom o dzia\u0142aniu fizjologicznym,dzi\u0119ki temu naturalnie i skutecznie przywracaj\u0105 normalne wypr\u00f3\u017cnienia.Czopki dzia\u0142aj\u0105 jedynie miejscowo i nie zawieraj\u0105 sk\u0142adnik\u00f3w przeczyszczaj\u0105cych, kt\u00f3re przyswojone przez organizm, mog\u0142yby wywo\u0142a\u0107 dzia\u0142ania niepo\u017c\u0105dane, takie jak odwodnienie, zaburzenia r\u00f3wnowagi elektrolitycznej, zapalenie jelita grubego, etc.Czopki nie wywo\u0142uj\u0105 [&hellip;]<\/p>\n","protected":false},"featured_media":7679,"comment_status":"closed","ping_status":"open","template":"","meta":[],"product_cat":[1633,212],"product_tag":[619,576,592,860],"class_list":["post-7678","product","type-product","status-publish","has-post-thumbnail","hentry","product_cat-solpharm","product_cat-uklad-pokarmowy","product_tag-iwo-imie","product_tag-trudne-zagadki","product_tag-zagadki-dla-dzieci","product_tag-zagadki-logiczne-dla-doroslych"],"_links":{"self":[{"href":"http:\/\/klubmamgdynia.pl\/index.php\/wp-json\/wp\/v2\/product\/7678","targetHints":{"allow":["GET"]}}],"collection":[{"href":"http:\/\/klubmamgdynia.pl\/index.php\/wp-json\/wp\/v2\/product"}],"about":[{"href":"http:\/\/klubmamgdynia.pl\/index.php\/wp-json\/wp\/v2\/types\/product"}],"replies":[{"embeddable":true,"href":"http:\/\/klubmamgdynia.pl\/index.php\/wp-json\/wp\/v2\/comments?post=7678"}],"wp:featuredmedia":[{"embeddable":true,"href":"http:\/\/klubmamgdynia.pl\/index.php\/wp-json\/wp\/v2\/media\/7679"}],"wp:attachment":[{"href":"http:\/\/klubmamgdynia.pl\/index.php\/wp-json\/wp\/v2\/media?parent=7678"}],"wp:term":[{"taxonomy":"product_cat","embeddable":true,"href":"http:\/\/klubmamgdynia.pl\/index.php\/wp-json\/wp\/v2\/product_cat?post=7678"},{"taxonomy":"product_tag","embeddable":true,"href":"http:\/\/klubmamgdynia.pl\/index.php\/wp-json\/wp\/v2\/product_tag?post=7678"}],"curies":[{"name":"wp","href":"https:\/\/api.w.org\/{rel}","templated":true}]}}